{"id":15437,"date":"2022-03-28T22:34:01","date_gmt":"2022-03-28T22:34:01","guid":{"rendered":"https:\/\/www.korpulfar.is\/?page_id=15437"},"modified":"2022-03-28T22:34:01","modified_gmt":"2022-03-28T22:34:01","slug":"thu-ert-ekkert","status":"publish","type":"page","link":"https:\/\/korpulfar.is\/?page_id=15437","title":{"rendered":"\u00de\u00fa ert ekkert"},"content":{"rendered":"<p><strong><em>\u00de\u00da ERT EKKERT<\/em><\/strong><\/p>\n<p>&nbsp;<\/p>\n<p>\u00de\u00fa ert ekkert<\/p>\n<p>\u00e9g er ekkert<\/p>\n<p>\u00fe\u00fa og \u00e9g vi\u00f0 erum ekkert<\/p>\n<p>\u00feig&nbsp; vantar nafni\u00f0<\/p>\n<p>mig vantar nafni\u00f0<\/p>\n<p>Werner, Oddsson<\/p>\n<p>Welding, Thors.<\/p>\n","protected":false},"excerpt":{"rendered":"<p>\u00de\u00da ERT EKKERT &nbsp; \u00de\u00fa ert ekkert \u00e9g er ekkert \u00fe\u00fa og \u00e9g vi\u00f0 erum ekkert \u00feig&nbsp; vantar nafni\u00f0 mig vantar nafni\u00f0 Werner, Oddsson Welding, Thors.<\/p>\n","protected":false},"author":2,"featured_media":0,"parent":0,"menu_order":0,"comment_status":"closed","ping_status":"closed","template":"","meta":[],"_links":{"self":[{"href":"https:\/\/korpulfar.is\/index.php?rest_route=\/wp\/v2\/pages\/15437"}],"collection":[{"href":"https:\/\/korpulfar.is\/index.php?rest_route=\/wp\/v2\/pages"}],"about":[{"href":"https:\/\/korpulfar.is\/index.php?rest_route=\/wp\/v2\/types\/page"}],"author":[{"embeddable":true,"href":"https:\/\/korpulfar.is\/index.php?rest_route=\/wp\/v2\/users\/2"}],"replies":[{"embeddable":true,"href":"https:\/\/korpulfar.is\/index.php?rest_route=%2Fwp%2Fv2%2Fcomments&post=15437"}],"version-history":[{"count":1,"href":"https:\/\/korpulfar.is\/index.php?rest_route=\/wp\/v2\/pages\/15437\/revisions"}],"predecessor-version":[{"id":15438,"href":"https:\/\/korpulfar.is\/index.php?rest_route=\/wp\/v2\/pages\/15437\/revisions\/15438"}],"wp:attachment":[{"href":"https:\/\/korpulfar.is\/index.php?rest_route=%2Fwp%2Fv2%2Fmedia&parent=15437"}],"curies":[{"name":"wp","href":"https:\/\/api.w.org\/{rel}","templated":true}]}}