{"id":15430,"date":"2022-03-28T22:20:31","date_gmt":"2022-03-28T22:20:31","guid":{"rendered":"https:\/\/www.korpulfar.is\/?page_id=15430"},"modified":"2022-03-28T22:20:31","modified_gmt":"2022-03-28T22:20:31","slug":"ulfur-2","status":"publish","type":"page","link":"https:\/\/korpulfar.is\/?page_id=15430","title":{"rendered":"\u00dalfur"},"content":{"rendered":"<p><strong><em>\u00daLFAR<\/em><\/strong><\/p>\n<p>&nbsp;<\/p>\n<p>\u00dalfur \u00falfur<\/p>\n<p>sl\u00e9ttu \u00falfur<\/p>\n<p>fjalla \u00falfur<\/p>\n<p>vatna \u00falfur<\/p>\n<p>vei\u00f0i \u00falfur<\/p>\n<p>Korpu \u00falfur<\/p>\n<p>&nbsp;<\/p>\n","protected":false},"excerpt":{"rendered":"<p>\u00daLFAR &nbsp; \u00dalfur \u00falfur sl\u00e9ttu \u00falfur fjalla \u00falfur vatna \u00falfur vei\u00f0i \u00falfur Korpu \u00falfur &nbsp;<\/p>\n","protected":false},"author":2,"featured_media":0,"parent":0,"menu_order":0,"comment_status":"closed","ping_status":"closed","template":"","meta":[],"_links":{"self":[{"href":"https:\/\/korpulfar.is\/index.php?rest_route=\/wp\/v2\/pages\/15430"}],"collection":[{"href":"https:\/\/korpulfar.is\/index.php?rest_route=\/wp\/v2\/pages"}],"about":[{"href":"https:\/\/korpulfar.is\/index.php?rest_route=\/wp\/v2\/types\/page"}],"author":[{"embeddable":true,"href":"https:\/\/korpulfar.is\/index.php?rest_route=\/wp\/v2\/users\/2"}],"replies":[{"embeddable":true,"href":"https:\/\/korpulfar.is\/index.php?rest_route=%2Fwp%2Fv2%2Fcomments&post=15430"}],"version-history":[{"count":1,"href":"https:\/\/korpulfar.is\/index.php?rest_route=\/wp\/v2\/pages\/15430\/revisions"}],"predecessor-version":[{"id":15431,"href":"https:\/\/korpulfar.is\/index.php?rest_route=\/wp\/v2\/pages\/15430\/revisions\/15431"}],"wp:attachment":[{"href":"https:\/\/korpulfar.is\/index.php?rest_route=%2Fwp%2Fv2%2Fmedia&parent=15430"}],"curies":[{"name":"wp","href":"https:\/\/api.w.org\/{rel}","templated":true}]}}