{"id":15421,"date":"2022-03-28T22:12:00","date_gmt":"2022-03-28T22:12:00","guid":{"rendered":"https:\/\/www.korpulfar.is\/?page_id=15421"},"modified":"2022-03-28T22:12:00","modified_gmt":"2022-03-28T22:12:00","slug":"svindl","status":"publish","type":"page","link":"https:\/\/korpulfar.is\/?page_id=15421","title":{"rendered":"Svindl"},"content":{"rendered":"<p><strong><em>SVINDL<\/em><\/strong><\/p>\n<p>&nbsp;<\/p>\n<p>Svindl er dygg\u00f0<\/p>\n<p>svindl er snilld<\/p>\n<p>svindl er e\u00f0lilegt<\/p>\n<p>svindl er g\u00f6fugt<\/p>\n<p>svindl er \u00e1fangi<\/p>\n<p>svindl borgar sig<\/p>\n<p>svindl gerir \u00feig r\u00edkan<\/p>\n<p>svindl er fullkomnun<\/p>\n<p>svindl er f\u00e1gu\u00f0<\/p>\n<p>svindl er fyrir \u00feig<\/p>\n<p>svindl er fyrir mig<\/p>\n<p>svindl er fyrir alla<\/p>\n<p>kerlingar og karla.<\/p>\n","protected":false},"excerpt":{"rendered":"<p>SVINDL &nbsp; Svindl er dygg\u00f0 svindl er snilld svindl er e\u00f0lilegt svindl er g\u00f6fugt svindl er \u00e1fangi svindl borgar sig svindl gerir \u00feig r\u00edkan svindl er fullkomnun svindl er f\u00e1gu\u00f0 svindl er fyrir \u00feig svindl er fyrir mig svindl er fyrir alla kerlingar og karla.<\/p>\n","protected":false},"author":2,"featured_media":0,"parent":0,"menu_order":0,"comment_status":"closed","ping_status":"closed","template":"","meta":[],"_links":{"self":[{"href":"https:\/\/korpulfar.is\/index.php?rest_route=\/wp\/v2\/pages\/15421"}],"collection":[{"href":"https:\/\/korpulfar.is\/index.php?rest_route=\/wp\/v2\/pages"}],"about":[{"href":"https:\/\/korpulfar.is\/index.php?rest_route=\/wp\/v2\/types\/page"}],"author":[{"embeddable":true,"href":"https:\/\/korpulfar.is\/index.php?rest_route=\/wp\/v2\/users\/2"}],"replies":[{"embeddable":true,"href":"https:\/\/korpulfar.is\/index.php?rest_route=%2Fwp%2Fv2%2Fcomments&post=15421"}],"version-history":[{"count":1,"href":"https:\/\/korpulfar.is\/index.php?rest_route=\/wp\/v2\/pages\/15421\/revisions"}],"predecessor-version":[{"id":15422,"href":"https:\/\/korpulfar.is\/index.php?rest_route=\/wp\/v2\/pages\/15421\/revisions\/15422"}],"wp:attachment":[{"href":"https:\/\/korpulfar.is\/index.php?rest_route=%2Fwp%2Fv2%2Fmedia&parent=15421"}],"curies":[{"name":"wp","href":"https:\/\/api.w.org\/{rel}","templated":true}]}}