{"id":15414,"date":"2022-03-27T11:36:11","date_gmt":"2022-03-27T11:36:11","guid":{"rendered":"https:\/\/www.korpulfar.is\/?page_id=15414"},"modified":"2022-03-27T11:36:11","modified_gmt":"2022-03-27T11:36:11","slug":"sannleikur","status":"publish","type":"page","link":"https:\/\/korpulfar.is\/?page_id=15414","title":{"rendered":"Sannleikur"},"content":{"rendered":"<p><strong><em>SANNLEIKUR<\/em><\/strong><\/p>\n<p>&nbsp;<\/p>\n<p>Sannleikurinn er \u00fareldur<\/p>\n<p>enginn notar hann<\/p>\n<p>\u00fea\u00f0 er beinl\u00ednis h\u00e6ttulegt<\/p>\n<p>a\u00f0 segja satt<\/p>\n<p>\u00fev\u00ed minni sannleikur<\/p>\n<p>\u00fev\u00ed au\u00f0veldara er l\u00edfi\u00f0<\/p>\n<p>sannleikurinn er bara<\/p>\n<p>fyrir bj\u00e1na b\u00f6rn og gamalmenni<\/p>\n<p>v\u00f6rum okkur \u00e1 sannleikanum<\/p>\n<p>sannleikurinn er<\/p>\n<p>eitur fyrir okkur<\/p>\n<p>banka og stj\u00f3rnm\u00e1lamenn<\/p>\n","protected":false},"excerpt":{"rendered":"<p>SANNLEIKUR &nbsp; Sannleikurinn er \u00fareldur enginn notar hann \u00fea\u00f0 er beinl\u00ednis h\u00e6ttulegt a\u00f0 segja satt \u00fev\u00ed minni sannleikur \u00fev\u00ed au\u00f0veldara er l\u00edfi\u00f0 sannleikurinn er bara fyrir bj\u00e1na b\u00f6rn og gamalmenni v\u00f6rum okkur \u00e1 sannleikanum sannleikurinn er eitur fyrir okkur banka og stj\u00f3rnm\u00e1lamenn<\/p>\n","protected":false},"author":2,"featured_media":0,"parent":0,"menu_order":0,"comment_status":"closed","ping_status":"closed","template":"","meta":[],"_links":{"self":[{"href":"https:\/\/korpulfar.is\/index.php?rest_route=\/wp\/v2\/pages\/15414"}],"collection":[{"href":"https:\/\/korpulfar.is\/index.php?rest_route=\/wp\/v2\/pages"}],"about":[{"href":"https:\/\/korpulfar.is\/index.php?rest_route=\/wp\/v2\/types\/page"}],"author":[{"embeddable":true,"href":"https:\/\/korpulfar.is\/index.php?rest_route=\/wp\/v2\/users\/2"}],"replies":[{"embeddable":true,"href":"https:\/\/korpulfar.is\/index.php?rest_route=%2Fwp%2Fv2%2Fcomments&post=15414"}],"version-history":[{"count":1,"href":"https:\/\/korpulfar.is\/index.php?rest_route=\/wp\/v2\/pages\/15414\/revisions"}],"predecessor-version":[{"id":15415,"href":"https:\/\/korpulfar.is\/index.php?rest_route=\/wp\/v2\/pages\/15414\/revisions\/15415"}],"wp:attachment":[{"href":"https:\/\/korpulfar.is\/index.php?rest_route=%2Fwp%2Fv2%2Fmedia&parent=15414"}],"curies":[{"name":"wp","href":"https:\/\/api.w.org\/{rel}","templated":true}]}}