{"id":15408,"date":"2022-03-27T11:28:40","date_gmt":"2022-03-27T11:28:40","guid":{"rendered":"https:\/\/www.korpulfar.is\/?page_id=15408"},"modified":"2022-03-27T11:28:40","modified_gmt":"2022-03-27T11:28:40","slug":"politik","status":"publish","type":"page","link":"https:\/\/korpulfar.is\/?page_id=15408","title":{"rendered":"P\u00f3lit\u00edk"},"content":{"rendered":"<p><strong><em>P\u00d3LIT\u00cdK<\/em><\/strong><\/p>\n<p>&nbsp;<\/p>\n<p>P\u00f3lit\u00edk er l\u00edfi\u00f0<\/p>\n<p>P\u00f3lit\u00edk er svikul<\/p>\n<p>P\u00f3lit\u00edk er verkf\u00e6ri<\/p>\n<p>P\u00f3lit\u00edk er fyrir a\u00f0ra<\/p>\n<p>P\u00f3lit\u00edk er ekki fyrir \u00feig<\/p>\n<p>P\u00f3lit\u00edk r\u00e6\u00f0ur<\/p>\n<p>P\u00f3lit\u00edk gr\u00e6\u00f0ir<\/p>\n<p>P\u00f3lit\u00edk m\u00e6\u00f0ir<\/p>\n<p>P\u00f3lit\u00edk er aum t\u00edk<\/p>\n","protected":false},"excerpt":{"rendered":"<p>P\u00d3LIT\u00cdK &nbsp; P\u00f3lit\u00edk er l\u00edfi\u00f0 P\u00f3lit\u00edk er svikul P\u00f3lit\u00edk er verkf\u00e6ri P\u00f3lit\u00edk er fyrir a\u00f0ra P\u00f3lit\u00edk er ekki fyrir \u00feig P\u00f3lit\u00edk r\u00e6\u00f0ur P\u00f3lit\u00edk gr\u00e6\u00f0ir P\u00f3lit\u00edk m\u00e6\u00f0ir P\u00f3lit\u00edk er aum t\u00edk<\/p>\n","protected":false},"author":2,"featured_media":0,"parent":0,"menu_order":0,"comment_status":"closed","ping_status":"closed","template":"","meta":[],"_links":{"self":[{"href":"https:\/\/korpulfar.is\/index.php?rest_route=\/wp\/v2\/pages\/15408"}],"collection":[{"href":"https:\/\/korpulfar.is\/index.php?rest_route=\/wp\/v2\/pages"}],"about":[{"href":"https:\/\/korpulfar.is\/index.php?rest_route=\/wp\/v2\/types\/page"}],"author":[{"embeddable":true,"href":"https:\/\/korpulfar.is\/index.php?rest_route=\/wp\/v2\/users\/2"}],"replies":[{"embeddable":true,"href":"https:\/\/korpulfar.is\/index.php?rest_route=%2Fwp%2Fv2%2Fcomments&post=15408"}],"version-history":[{"count":1,"href":"https:\/\/korpulfar.is\/index.php?rest_route=\/wp\/v2\/pages\/15408\/revisions"}],"predecessor-version":[{"id":15409,"href":"https:\/\/korpulfar.is\/index.php?rest_route=\/wp\/v2\/pages\/15408\/revisions\/15409"}],"wp:attachment":[{"href":"https:\/\/korpulfar.is\/index.php?rest_route=%2Fwp%2Fv2%2Fmedia&parent=15408"}],"curies":[{"name":"wp","href":"https:\/\/api.w.org\/{rel}","templated":true}]}}