{"id":15398,"date":"2022-03-27T11:03:21","date_gmt":"2022-03-27T11:03:21","guid":{"rendered":"https:\/\/www.korpulfar.is\/?page_id=15398"},"modified":"2022-03-27T11:03:21","modified_gmt":"2022-03-27T11:03:21","slug":"loford","status":"publish","type":"page","link":"https:\/\/korpulfar.is\/?page_id=15398","title":{"rendered":"Lofor\u00f0"},"content":{"rendered":"<p><strong><em>LOFOR\u00d0<\/em><\/strong><\/p>\n<p>&nbsp;<\/p>\n<p>Lofor\u00f0 eru lofor\u00f0<\/p>\n<p>lofor\u00f0 eru heil\u00f6g<\/p>\n<p>lofor\u00f0 m\u00e1 ekki sv\u00edkja<\/p>\n<p>lofor\u00f0 \u00e1 ekki a\u00f0 v\u00edkja<\/p>\n<p>lofor\u00f0 eru fyrir mig<\/p>\n<p>lofor\u00f0 eru fyrir \u00feig<\/p>\n<p>lofor\u00f0 eru fyrir alla<\/p>\n<p>lofor\u00f0 eru falleg<\/p>\n<p>lofor\u00f0 eru g\u00f6fug<\/p>\n<p>lofor\u00f0 eru fyrirheit<\/p>\n","protected":false},"excerpt":{"rendered":"<p>LOFOR\u00d0 &nbsp; Lofor\u00f0 eru lofor\u00f0 lofor\u00f0 eru heil\u00f6g lofor\u00f0 m\u00e1 ekki sv\u00edkja lofor\u00f0 \u00e1 ekki a\u00f0 v\u00edkja lofor\u00f0 eru fyrir mig lofor\u00f0 eru fyrir \u00feig lofor\u00f0 eru fyrir alla lofor\u00f0 eru falleg lofor\u00f0 eru g\u00f6fug lofor\u00f0 eru fyrirheit<\/p>\n","protected":false},"author":2,"featured_media":0,"parent":0,"menu_order":0,"comment_status":"closed","ping_status":"closed","template":"","meta":[],"_links":{"self":[{"href":"https:\/\/korpulfar.is\/index.php?rest_route=\/wp\/v2\/pages\/15398"}],"collection":[{"href":"https:\/\/korpulfar.is\/index.php?rest_route=\/wp\/v2\/pages"}],"about":[{"href":"https:\/\/korpulfar.is\/index.php?rest_route=\/wp\/v2\/types\/page"}],"author":[{"embeddable":true,"href":"https:\/\/korpulfar.is\/index.php?rest_route=\/wp\/v2\/users\/2"}],"replies":[{"embeddable":true,"href":"https:\/\/korpulfar.is\/index.php?rest_route=%2Fwp%2Fv2%2Fcomments&post=15398"}],"version-history":[{"count":1,"href":"https:\/\/korpulfar.is\/index.php?rest_route=\/wp\/v2\/pages\/15398\/revisions"}],"predecessor-version":[{"id":15399,"href":"https:\/\/korpulfar.is\/index.php?rest_route=\/wp\/v2\/pages\/15398\/revisions\/15399"}],"wp:attachment":[{"href":"https:\/\/korpulfar.is\/index.php?rest_route=%2Fwp%2Fv2%2Fmedia&parent=15398"}],"curies":[{"name":"wp","href":"https:\/\/api.w.org\/{rel}","templated":true}]}}