{"id":15395,"date":"2022-03-27T11:00:12","date_gmt":"2022-03-27T11:00:12","guid":{"rendered":"https:\/\/www.korpulfar.is\/?page_id=15395"},"modified":"2022-03-27T11:00:12","modified_gmt":"2022-03-27T11:00:12","slug":"lifid-er-dans","status":"publish","type":"page","link":"https:\/\/korpulfar.is\/?page_id=15395","title":{"rendered":"L\u00edfi\u00f0 er dans"},"content":{"rendered":"<p><strong><em>L\u00edfi\u00f0 er dans \u00e1 l\u00ednu<\/em><\/strong><\/p>\n<p>&nbsp;<\/p>\n<p>Dans sem \u00e9g vil dansa<\/p>\n<p>dansa me\u00f0 \u00fe\u00e9r<\/p>\n<p>\u00fear til l\u00ednan slitnar<\/p>\n<p>og vi\u00f0 f\u00f6llum<\/p>\n<p>inn \u00ed eil\u00edf\u00f0ina.<\/p>\n<p>Ekki hugsa<\/p>\n<p>\u00fea\u00f0 bara fl\u00e6kir m\u00e1lin<\/p>\n<p>betra a\u00f0 berast<\/p>\n<p>me\u00f0 straumnum<\/p>\n","protected":false},"excerpt":{"rendered":"<p>L\u00edfi\u00f0 er dans \u00e1 l\u00ednu &nbsp; Dans sem \u00e9g vil dansa dansa me\u00f0 \u00fe\u00e9r \u00fear til l\u00ednan slitnar og vi\u00f0 f\u00f6llum inn \u00ed eil\u00edf\u00f0ina. Ekki hugsa \u00fea\u00f0 bara fl\u00e6kir m\u00e1lin betra a\u00f0 berast me\u00f0 straumnum<\/p>\n","protected":false},"author":2,"featured_media":0,"parent":0,"menu_order":0,"comment_status":"closed","ping_status":"closed","template":"","meta":[],"_links":{"self":[{"href":"https:\/\/korpulfar.is\/index.php?rest_route=\/wp\/v2\/pages\/15395"}],"collection":[{"href":"https:\/\/korpulfar.is\/index.php?rest_route=\/wp\/v2\/pages"}],"about":[{"href":"https:\/\/korpulfar.is\/index.php?rest_route=\/wp\/v2\/types\/page"}],"author":[{"embeddable":true,"href":"https:\/\/korpulfar.is\/index.php?rest_route=\/wp\/v2\/users\/2"}],"replies":[{"embeddable":true,"href":"https:\/\/korpulfar.is\/index.php?rest_route=%2Fwp%2Fv2%2Fcomments&post=15395"}],"version-history":[{"count":1,"href":"https:\/\/korpulfar.is\/index.php?rest_route=\/wp\/v2\/pages\/15395\/revisions"}],"predecessor-version":[{"id":15396,"href":"https:\/\/korpulfar.is\/index.php?rest_route=\/wp\/v2\/pages\/15395\/revisions\/15396"}],"wp:attachment":[{"href":"https:\/\/korpulfar.is\/index.php?rest_route=%2Fwp%2Fv2%2Fmedia&parent=15395"}],"curies":[{"name":"wp","href":"https:\/\/api.w.org\/{rel}","templated":true}]}}