{"id":15385,"date":"2022-03-26T17:59:56","date_gmt":"2022-03-26T17:59:56","guid":{"rendered":"https:\/\/www.korpulfar.is\/?page_id=15385"},"modified":"2022-03-26T18:00:09","modified_gmt":"2022-03-26T18:00:09","slug":"lan","status":"publish","type":"page","link":"https:\/\/korpulfar.is\/?page_id=15385","title":{"rendered":"L\u00e1n"},"content":{"rendered":"<p><strong><em>L\u00c1N<\/em><\/strong><\/p>\n<p>&nbsp;<\/p>\n<p>L\u00e1n er \u00f3l\u00e1n<\/p>\n<p>\u00f3l\u00e1n er l\u00e1n<\/p>\n<p>l\u00e1n er focking shit<\/p>\n<p>focking shit er l\u00e1n<\/p>\n<p>l\u00e1n er fyrir aula<\/p>\n<p>aular \u00feurfa l\u00e1n<\/p>\n<p>l\u00e1n er fyrir f\u00e1t\u00e6ka<\/p>\n<p>f\u00e1t\u00e6kir \u00feurfa l\u00e1n<\/p>\n<p>&nbsp;<\/p>\n","protected":false},"excerpt":{"rendered":"<p>L\u00c1N &nbsp; L\u00e1n er \u00f3l\u00e1n \u00f3l\u00e1n er l\u00e1n l\u00e1n er focking shit focking shit er l\u00e1n l\u00e1n er fyrir aula aular \u00feurfa l\u00e1n l\u00e1n er fyrir f\u00e1t\u00e6ka f\u00e1t\u00e6kir \u00feurfa l\u00e1n &nbsp;<\/p>\n","protected":false},"author":2,"featured_media":0,"parent":0,"menu_order":0,"comment_status":"closed","ping_status":"closed","template":"","meta":[],"_links":{"self":[{"href":"https:\/\/korpulfar.is\/index.php?rest_route=\/wp\/v2\/pages\/15385"}],"collection":[{"href":"https:\/\/korpulfar.is\/index.php?rest_route=\/wp\/v2\/pages"}],"about":[{"href":"https:\/\/korpulfar.is\/index.php?rest_route=\/wp\/v2\/types\/page"}],"author":[{"embeddable":true,"href":"https:\/\/korpulfar.is\/index.php?rest_route=\/wp\/v2\/users\/2"}],"replies":[{"embeddable":true,"href":"https:\/\/korpulfar.is\/index.php?rest_route=%2Fwp%2Fv2%2Fcomments&post=15385"}],"version-history":[{"count":1,"href":"https:\/\/korpulfar.is\/index.php?rest_route=\/wp\/v2\/pages\/15385\/revisions"}],"predecessor-version":[{"id":15386,"href":"https:\/\/korpulfar.is\/index.php?rest_route=\/wp\/v2\/pages\/15385\/revisions\/15386"}],"wp:attachment":[{"href":"https:\/\/korpulfar.is\/index.php?rest_route=%2Fwp%2Fv2%2Fmedia&parent=15385"}],"curies":[{"name":"wp","href":"https:\/\/api.w.org\/{rel}","templated":true}]}}