{"id":15373,"date":"2022-03-26T17:41:05","date_gmt":"2022-03-26T17:41:05","guid":{"rendered":"https:\/\/www.korpulfar.is\/?page_id=15373"},"modified":"2022-03-26T17:41:05","modified_gmt":"2022-03-26T17:41:05","slug":"fjarskinn","status":"publish","type":"page","link":"https:\/\/korpulfar.is\/?page_id=15373","title":{"rendered":"Fjarskinn"},"content":{"rendered":"<p><strong><em>FJARSKINN<\/em><\/strong><\/p>\n<p>&nbsp;<\/p>\n<p>\u00cd fjarska eru fyrirheitin<\/p>\n<p>fyrirheitin sem freista m\u00edn<\/p>\n<p>hvernig n\u00e6 \u00e9g \u00feeim<\/p>\n<p>\u00feau bara fara undan<\/p>\n<p>\u00feegar \u00e9g teigi mig \u00ed \u00feau<\/p>\n<p>\u00feau hverfa sm\u00e1saman<\/p>\n<p>\u00fat \u00ed myrkri\u00f0<\/p>\n<p>br\u00e1tt eru engin fyrirheit<\/p>\n<p>s\u00fdnileg.<\/p>\n","protected":false},"excerpt":{"rendered":"<p>FJARSKINN &nbsp; \u00cd fjarska eru fyrirheitin fyrirheitin sem freista m\u00edn hvernig n\u00e6 \u00e9g \u00feeim \u00feau bara fara undan \u00feegar \u00e9g teigi mig \u00ed \u00feau \u00feau hverfa sm\u00e1saman \u00fat \u00ed myrkri\u00f0 br\u00e1tt eru engin fyrirheit s\u00fdnileg.<\/p>\n","protected":false},"author":2,"featured_media":0,"parent":0,"menu_order":0,"comment_status":"closed","ping_status":"closed","template":"","meta":[],"_links":{"self":[{"href":"https:\/\/korpulfar.is\/index.php?rest_route=\/wp\/v2\/pages\/15373"}],"collection":[{"href":"https:\/\/korpulfar.is\/index.php?rest_route=\/wp\/v2\/pages"}],"about":[{"href":"https:\/\/korpulfar.is\/index.php?rest_route=\/wp\/v2\/types\/page"}],"author":[{"embeddable":true,"href":"https:\/\/korpulfar.is\/index.php?rest_route=\/wp\/v2\/users\/2"}],"replies":[{"embeddable":true,"href":"https:\/\/korpulfar.is\/index.php?rest_route=%2Fwp%2Fv2%2Fcomments&post=15373"}],"version-history":[{"count":1,"href":"https:\/\/korpulfar.is\/index.php?rest_route=\/wp\/v2\/pages\/15373\/revisions"}],"predecessor-version":[{"id":15374,"href":"https:\/\/korpulfar.is\/index.php?rest_route=\/wp\/v2\/pages\/15373\/revisions\/15374"}],"wp:attachment":[{"href":"https:\/\/korpulfar.is\/index.php?rest_route=%2Fwp%2Fv2%2Fmedia&parent=15373"}],"curies":[{"name":"wp","href":"https:\/\/api.w.org\/{rel}","templated":true}]}}