{"id":15337,"date":"2022-03-19T17:30:59","date_gmt":"2022-03-19T17:30:59","guid":{"rendered":"https:\/\/www.korpulfar.is\/?page_id=15337"},"modified":"2022-03-19T17:30:59","modified_gmt":"2022-03-19T17:30:59","slug":"ur-odrum-heimi","status":"publish","type":"page","link":"https:\/\/korpulfar.is\/?page_id=15337","title":{"rendered":"\u00dar \u00f6\u00f0rum heimi"},"content":{"rendered":"<div id=\"attachment_15338\" style=\"width: 2063px\" class=\"wp-caption alignleft\"><a href=\"http:\/\/www.korpulfar.is\/wp-content\/uploads\/2022\/03\/SNC12809crop.jpg\"><img aria-describedby=\"caption-attachment-15338\" decoding=\"async\" loading=\"lazy\" class=\"size-full wp-image-15338\" src=\"http:\/\/www.korpulfar.is\/wp-content\/uploads\/2022\/03\/SNC12809crop.jpg\" alt=\"\" width=\"2053\" height=\"633\" srcset=\"http:\/\/www.korpulfar.is\/wp-content\/uploads\/2022\/03\/SNC12809crop.jpg 2053w, http:\/\/www.korpulfar.is\/wp-content\/uploads\/2022\/03\/SNC12809crop-300x92.jpg 300w, http:\/\/www.korpulfar.is\/wp-content\/uploads\/2022\/03\/SNC12809crop-1024x316.jpg 1024w, http:\/\/www.korpulfar.is\/wp-content\/uploads\/2022\/03\/SNC12809crop-768x237.jpg 768w, http:\/\/www.korpulfar.is\/wp-content\/uploads\/2022\/03\/SNC12809crop-1536x474.jpg 1536w, http:\/\/www.korpulfar.is\/wp-content\/uploads\/2022\/03\/SNC12809crop-2048x631.jpg 2048w\" sizes=\"(max-width: 2053px) 100vw, 2053px\" \/><\/a><p id=\"caption-attachment-15338\" class=\"wp-caption-text\">Akr\u00fdl \u00e1 papp\u00edr 2008\u00a0 hvor mynd 40&#215;50 sm<\/p><\/div>\n","protected":false},"excerpt":{"rendered":"","protected":false},"author":2,"featured_media":0,"parent":0,"menu_order":0,"comment_status":"closed","ping_status":"closed","template":"","meta":[],"_links":{"self":[{"href":"https:\/\/korpulfar.is\/index.php?rest_route=\/wp\/v2\/pages\/15337"}],"collection":[{"href":"https:\/\/korpulfar.is\/index.php?rest_route=\/wp\/v2\/pages"}],"about":[{"href":"https:\/\/korpulfar.is\/index.php?rest_route=\/wp\/v2\/types\/page"}],"author":[{"embeddable":true,"href":"https:\/\/korpulfar.is\/index.php?rest_route=\/wp\/v2\/users\/2"}],"replies":[{"embeddable":true,"href":"https:\/\/korpulfar.is\/index.php?rest_route=%2Fwp%2Fv2%2Fcomments&post=15337"}],"version-history":[{"count":1,"href":"https:\/\/korpulfar.is\/index.php?rest_route=\/wp\/v2\/pages\/15337\/revisions"}],"predecessor-version":[{"id":15339,"href":"https:\/\/korpulfar.is\/index.php?rest_route=\/wp\/v2\/pages\/15337\/revisions\/15339"}],"wp:attachment":[{"href":"https:\/\/korpulfar.is\/index.php?rest_route=%2Fwp%2Fv2%2Fmedia&parent=15337"}],"curies":[{"name":"wp","href":"https:\/\/api.w.org\/{rel}","templated":true}]}}