{"id":15326,"date":"2022-03-18T22:20:58","date_gmt":"2022-03-18T22:20:58","guid":{"rendered":"https:\/\/www.korpulfar.is\/?page_id=15326"},"modified":"2022-03-18T22:20:58","modified_gmt":"2022-03-18T22:20:58","slug":"tvaer-figurur","status":"publish","type":"page","link":"https:\/\/korpulfar.is\/?page_id=15326","title":{"rendered":"Tv\u00e6r f\u00edg\u00farur"},"content":{"rendered":"<div id=\"attachment_15327\" style=\"width: 2043px\" class=\"wp-caption alignleft\"><a href=\"http:\/\/www.korpulfar.is\/wp-content\/uploads\/2022\/03\/SNC12803crop.jpg\"><img aria-describedby=\"caption-attachment-15327\" decoding=\"async\" loading=\"lazy\" class=\"size-full wp-image-15327\" src=\"http:\/\/www.korpulfar.is\/wp-content\/uploads\/2022\/03\/SNC12803crop.jpg\" alt=\"\" width=\"2033\" height=\"1228\" srcset=\"http:\/\/www.korpulfar.is\/wp-content\/uploads\/2022\/03\/SNC12803crop.jpg 2033w, http:\/\/www.korpulfar.is\/wp-content\/uploads\/2022\/03\/SNC12803crop-300x181.jpg 300w, http:\/\/www.korpulfar.is\/wp-content\/uploads\/2022\/03\/SNC12803crop-1024x619.jpg 1024w, http:\/\/www.korpulfar.is\/wp-content\/uploads\/2022\/03\/SNC12803crop-768x464.jpg 768w, http:\/\/www.korpulfar.is\/wp-content\/uploads\/2022\/03\/SNC12803crop-1536x928.jpg 1536w\" sizes=\"(max-width: 2033px) 100vw, 2033px\" \/><\/a><p id=\"caption-attachment-15327\" class=\"wp-caption-text\">Tv\u00e6r f\u00edg\u00farur<\/p><\/div>\n","protected":false},"excerpt":{"rendered":"","protected":false},"author":2,"featured_media":0,"parent":0,"menu_order":0,"comment_status":"closed","ping_status":"closed","template":"","meta":[],"_links":{"self":[{"href":"https:\/\/korpulfar.is\/index.php?rest_route=\/wp\/v2\/pages\/15326"}],"collection":[{"href":"https:\/\/korpulfar.is\/index.php?rest_route=\/wp\/v2\/pages"}],"about":[{"href":"https:\/\/korpulfar.is\/index.php?rest_route=\/wp\/v2\/types\/page"}],"author":[{"embeddable":true,"href":"https:\/\/korpulfar.is\/index.php?rest_route=\/wp\/v2\/users\/2"}],"replies":[{"embeddable":true,"href":"https:\/\/korpulfar.is\/index.php?rest_route=%2Fwp%2Fv2%2Fcomments&post=15326"}],"version-history":[{"count":1,"href":"https:\/\/korpulfar.is\/index.php?rest_route=\/wp\/v2\/pages\/15326\/revisions"}],"predecessor-version":[{"id":15328,"href":"https:\/\/korpulfar.is\/index.php?rest_route=\/wp\/v2\/pages\/15326\/revisions\/15328"}],"wp:attachment":[{"href":"https:\/\/korpulfar.is\/index.php?rest_route=%2Fwp%2Fv2%2Fmedia&parent=15326"}],"curies":[{"name":"wp","href":"https:\/\/api.w.org\/{rel}","templated":true}]}}