{"id":15303,"date":"2022-03-18T21:28:22","date_gmt":"2022-03-18T21:28:22","guid":{"rendered":"https:\/\/www.korpulfar.is\/?page_id=15303"},"modified":"2022-03-18T21:28:22","modified_gmt":"2022-03-18T21:28:22","slug":"sakleysingjar","status":"publish","type":"page","link":"https:\/\/korpulfar.is\/?page_id=15303","title":{"rendered":"Sakleysingjar"},"content":{"rendered":"<div id=\"attachment_15304\" style=\"width: 815px\" class=\"wp-caption alignleft\"><a href=\"http:\/\/www.korpulfar.is\/wp-content\/uploads\/2022\/03\/Sakleysingjar.jpg\"><img aria-describedby=\"caption-attachment-15304\" decoding=\"async\" loading=\"lazy\" class=\"size-full wp-image-15304\" src=\"http:\/\/www.korpulfar.is\/wp-content\/uploads\/2022\/03\/Sakleysingjar.jpg\" alt=\"\" width=\"805\" height=\"363\" srcset=\"http:\/\/www.korpulfar.is\/wp-content\/uploads\/2022\/03\/Sakleysingjar.jpg 805w, http:\/\/www.korpulfar.is\/wp-content\/uploads\/2022\/03\/Sakleysingjar-300x135.jpg 300w, http:\/\/www.korpulfar.is\/wp-content\/uploads\/2022\/03\/Sakleysingjar-768x346.jpg 768w\" sizes=\"(max-width: 805px) 100vw, 805px\" \/><\/a><p id=\"caption-attachment-15304\" class=\"wp-caption-text\">122&#215;55 sm. MDF akr\u00fdl og plast<\/p><\/div>\n<p>Eftir hruni\u00f0 eru allir saklausir a\u00f0 eigin s\u00f6gn, h\u00e6gt er a\u00f0 skipta um myndir allt eftir sakleysi e\u00f0a smekk \u00feess sem myndina \u00e1.<\/p>\n","protected":false},"excerpt":{"rendered":"<p>Eftir hruni\u00f0 eru allir saklausir a\u00f0 eigin s\u00f6gn, h\u00e6gt er a\u00f0 skipta um myndir allt eftir sakleysi e\u00f0a smekk \u00feess sem myndina \u00e1.<\/p>\n","protected":false},"author":2,"featured_media":0,"parent":0,"menu_order":0,"comment_status":"closed","ping_status":"closed","template":"","meta":[],"_links":{"self":[{"href":"https:\/\/korpulfar.is\/index.php?rest_route=\/wp\/v2\/pages\/15303"}],"collection":[{"href":"https:\/\/korpulfar.is\/index.php?rest_route=\/wp\/v2\/pages"}],"about":[{"href":"https:\/\/korpulfar.is\/index.php?rest_route=\/wp\/v2\/types\/page"}],"author":[{"embeddable":true,"href":"https:\/\/korpulfar.is\/index.php?rest_route=\/wp\/v2\/users\/2"}],"replies":[{"embeddable":true,"href":"https:\/\/korpulfar.is\/index.php?rest_route=%2Fwp%2Fv2%2Fcomments&post=15303"}],"version-history":[{"count":1,"href":"https:\/\/korpulfar.is\/index.php?rest_route=\/wp\/v2\/pages\/15303\/revisions"}],"predecessor-version":[{"id":15305,"href":"https:\/\/korpulfar.is\/index.php?rest_route=\/wp\/v2\/pages\/15303\/revisions\/15305"}],"wp:attachment":[{"href":"https:\/\/korpulfar.is\/index.php?rest_route=%2Fwp%2Fv2%2Fmedia&parent=15303"}],"curies":[{"name":"wp","href":"https:\/\/api.w.org\/{rel}","templated":true}]}}