{"id":15261,"date":"2022-03-18T17:07:05","date_gmt":"2022-03-18T17:07:05","guid":{"rendered":"https:\/\/www.korpulfar.is\/?page_id=15261"},"modified":"2022-08-27T01:58:30","modified_gmt":"2022-08-27T01:58:30","slug":"fingrafaraskanni","status":"publish","type":"page","link":"https:\/\/korpulfar.is\/?page_id=15261","title":{"rendered":"Fingrafaraskanni"},"content":{"rendered":"<div id=\"attachment_15262\" style=\"width: 1986px\" class=\"wp-caption alignleft\"><a href=\"http:\/\/www.korpulfar.is\/wp-content\/uploads\/2022\/03\/Fingrafaraskanni.jpg\"><img aria-describedby=\"caption-attachment-15262\" decoding=\"async\" loading=\"lazy\" class=\"size-full wp-image-15262\" src=\"http:\/\/www.korpulfar.is\/wp-content\/uploads\/2022\/03\/Fingrafaraskanni.jpg\" alt=\"\" width=\"1976\" height=\"879\" srcset=\"http:\/\/www.korpulfar.is\/wp-content\/uploads\/2022\/03\/Fingrafaraskanni.jpg 1976w, http:\/\/www.korpulfar.is\/wp-content\/uploads\/2022\/03\/Fingrafaraskanni-300x133.jpg 300w, http:\/\/www.korpulfar.is\/wp-content\/uploads\/2022\/03\/Fingrafaraskanni-1024x456.jpg 1024w, http:\/\/www.korpulfar.is\/wp-content\/uploads\/2022\/03\/Fingrafaraskanni-768x342.jpg 768w, http:\/\/www.korpulfar.is\/wp-content\/uploads\/2022\/03\/Fingrafaraskanni-1536x683.jpg 1536w\" sizes=\"(max-width: 1976px) 100vw, 1976px\" \/><\/a><p id=\"caption-attachment-15262\" class=\"wp-caption-text\">Fingrafaraskanni. Sp\u00f3naplata, akr\u00fdl 120&#215;55 sm<\/p><\/div>\n<p>\u00ddtt er l\u00e9tt \u00e1 svarta fl\u00f6tinn ne\u00f0st fyrir mi\u00f0ju.<\/p>\n","protected":false},"excerpt":{"rendered":"<p>\u00ddtt er l\u00e9tt \u00e1 svarta fl\u00f6tinn ne\u00f0st fyrir mi\u00f0ju.<\/p>\n","protected":false},"author":2,"featured_media":0,"parent":0,"menu_order":0,"comment_status":"closed","ping_status":"closed","template":"","meta":[],"_links":{"self":[{"href":"https:\/\/korpulfar.is\/index.php?rest_route=\/wp\/v2\/pages\/15261"}],"collection":[{"href":"https:\/\/korpulfar.is\/index.php?rest_route=\/wp\/v2\/pages"}],"about":[{"href":"https:\/\/korpulfar.is\/index.php?rest_route=\/wp\/v2\/types\/page"}],"author":[{"embeddable":true,"href":"https:\/\/korpulfar.is\/index.php?rest_route=\/wp\/v2\/users\/2"}],"replies":[{"embeddable":true,"href":"https:\/\/korpulfar.is\/index.php?rest_route=%2Fwp%2Fv2%2Fcomments&post=15261"}],"version-history":[{"count":3,"href":"https:\/\/korpulfar.is\/index.php?rest_route=\/wp\/v2\/pages\/15261\/revisions"}],"predecessor-version":[{"id":15517,"href":"https:\/\/korpulfar.is\/index.php?rest_route=\/wp\/v2\/pages\/15261\/revisions\/15517"}],"wp:attachment":[{"href":"https:\/\/korpulfar.is\/index.php?rest_route=%2Fwp%2Fv2%2Fmedia&parent=15261"}],"curies":[{"name":"wp","href":"https:\/\/api.w.org\/{rel}","templated":true}]}}