{"id":15257,"date":"2022-03-18T14:33:26","date_gmt":"2022-03-18T14:33:26","guid":{"rendered":"https:\/\/www.korpulfar.is\/?page_id=15257"},"modified":"2022-03-18T16:59:57","modified_gmt":"2022-03-18T16:59:57","slug":"eftir-hrunid","status":"publish","type":"page","link":"https:\/\/korpulfar.is\/?page_id=15257","title":{"rendered":"Eftir hruni\u00f0"},"content":{"rendered":"<div id=\"attachment_15258\" style=\"width: 937px\" class=\"wp-caption alignleft\"><a href=\"http:\/\/www.korpulfar.is\/wp-content\/uploads\/2022\/03\/Eftir-hrunid.jpg\"><img aria-describedby=\"caption-attachment-15258\" decoding=\"async\" loading=\"lazy\" class=\"size-full wp-image-15258\" src=\"http:\/\/www.korpulfar.is\/wp-content\/uploads\/2022\/03\/Eftir-hrunid.jpg\" alt=\"\" width=\"927\" height=\"421\" srcset=\"http:\/\/www.korpulfar.is\/wp-content\/uploads\/2022\/03\/Eftir-hrunid.jpg 927w, http:\/\/www.korpulfar.is\/wp-content\/uploads\/2022\/03\/Eftir-hrunid-300x136.jpg 300w, http:\/\/www.korpulfar.is\/wp-content\/uploads\/2022\/03\/Eftir-hrunid-768x349.jpg 768w\" sizes=\"(max-width: 927px) 100vw, 927px\" \/><\/a><p id=\"caption-attachment-15258\" class=\"wp-caption-text\">Eftir hruni\u00f0. 2009 Sp\u00f3naplata 230&#215;55 sm, akr\u00fdl<\/p><\/div>\n<p>Allt er skakkt og bjaga\u00f0. H\u00fasin sk\u00f6kk og sk\u00e6ld. \u00deau brenna \u00ed bo\u00f0i Bjarna g\u00e6salappa og Sigmundar gl\u00f3pal\u00e1ns. \u00dea\u00f0 er b\u00fai\u00f0 a\u00f0 stela einni stj\u00f6rnunni \u00far Karlsvagninum, og sl\u00f6kkva \u00e1 nor\u00f0urlj\u00f3sunum.<\/p>\n","protected":false},"excerpt":{"rendered":"<p>Allt er skakkt og bjaga\u00f0. H\u00fasin sk\u00f6kk og sk\u00e6ld. \u00deau brenna \u00ed bo\u00f0i Bjarna g\u00e6salappa og Sigmundar gl\u00f3pal\u00e1ns. \u00dea\u00f0 er b\u00fai\u00f0 a\u00f0 stela einni stj\u00f6rnunni \u00far Karlsvagninum, og sl\u00f6kkva \u00e1 nor\u00f0urlj\u00f3sunum.<\/p>\n","protected":false},"author":2,"featured_media":0,"parent":0,"menu_order":0,"comment_status":"closed","ping_status":"closed","template":"","meta":[],"_links":{"self":[{"href":"https:\/\/korpulfar.is\/index.php?rest_route=\/wp\/v2\/pages\/15257"}],"collection":[{"href":"https:\/\/korpulfar.is\/index.php?rest_route=\/wp\/v2\/pages"}],"about":[{"href":"https:\/\/korpulfar.is\/index.php?rest_route=\/wp\/v2\/types\/page"}],"author":[{"embeddable":true,"href":"https:\/\/korpulfar.is\/index.php?rest_route=\/wp\/v2\/users\/2"}],"replies":[{"embeddable":true,"href":"https:\/\/korpulfar.is\/index.php?rest_route=%2Fwp%2Fv2%2Fcomments&post=15257"}],"version-history":[{"count":1,"href":"https:\/\/korpulfar.is\/index.php?rest_route=\/wp\/v2\/pages\/15257\/revisions"}],"predecessor-version":[{"id":15259,"href":"https:\/\/korpulfar.is\/index.php?rest_route=\/wp\/v2\/pages\/15257\/revisions\/15259"}],"wp:attachment":[{"href":"https:\/\/korpulfar.is\/index.php?rest_route=%2Fwp%2Fv2%2Fmedia&parent=15257"}],"curies":[{"name":"wp","href":"https:\/\/api.w.org\/{rel}","templated":true}]}}