{"id":15244,"date":"2022-03-19T17:00:05","date_gmt":"2022-03-19T17:00:05","guid":{"rendered":"https:\/\/www.korpulfar.is\/?page_id=15244"},"modified":"2022-10-01T14:59:19","modified_gmt":"2022-10-01T14:59:19","slug":"hagfraedingar","status":"publish","type":"page","link":"https:\/\/korpulfar.is\/?page_id=15244","title":{"rendered":"Hagfr\u00e6\u00f0ingar"},"content":{"rendered":"<p><a href=\"http:\/\/www.korpulfar.is\/wp-content\/uploads\/2022\/03\/hagfraedingar.jpg\"><img decoding=\"async\" loading=\"lazy\" src=\"http:\/\/www.korpulfar.is\/wp-content\/uploads\/2022\/03\/hagfraedingar.jpg\" alt=\"\" width=\"520\" height=\"390\" class=\"alignleft size-full wp-image-15334\" srcset=\"http:\/\/www.korpulfar.is\/wp-content\/uploads\/2022\/03\/hagfraedingar.jpg 520w, http:\/\/www.korpulfar.is\/wp-content\/uploads\/2022\/03\/hagfraedingar-300x225.jpg 300w\" sizes=\"(max-width: 520px) 100vw, 520px\" \/><\/a><a href=\"http:\/\/www.korpulfar.is\/wp-content\/uploads\/2022\/03\/hagfraedingar.jpg\"><img decoding=\"async\" loading=\"lazy\" class=\"alignleft size-full wp-image-15334\" src=\"http:\/\/www.korpulfar.is\/wp-content\/uploads\/2022\/03\/hagfraedingar.jpg\" alt=\"\" width=\"520\" height=\"390\" srcset=\"http:\/\/www.korpulfar.is\/wp-content\/uploads\/2022\/03\/hagfraedingar.jpg 520w, http:\/\/www.korpulfar.is\/wp-content\/uploads\/2022\/03\/hagfraedingar-300x225.jpg 300w\" sizes=\"(max-width: 520px) 100vw, 520px\" \/><\/a>H\u00e9r sitja tveir hagfr\u00e6\u00f0ingar og r\u00e6\u00f0a fj\u00e1rhagsst\u00f6\u00f0u \u00fej\u00f3\u00f0arinnar. S\u00e1 til vinstri hefur st\u00fdrt fyrirt\u00e6ki s\u00ednu \u00ed 60 \u00e1r. \u00c6vinlega nota\u00f0 tekjuafgang til a\u00f0&nbsp; endurb\u00e6ta v\u00e9lar og b\u00fana\u00f0 fyrirt\u00e6kisins, og styrkja rekstur \u00feess.<\/p>\n<p>Ekki l\u00e1ti\u00f0 gl\u00e9plast af gyllibo\u00f0um svokalla\u00f0ra fj\u00e1rm\u00e1la s\u00e9rfr\u00e6\u00f0inga.<\/p>\n<p>Aldrei&nbsp; greitt s\u00e9r ar\u00f0 nema afkoma fyrirt\u00e6kisins hafi leyft \u00fea\u00f0.<\/p>\n<p>Komi\u00f0 \u00e1 laggirnar fimm \u00fatib\u00faum sem \u00f6ll bl\u00f3mstra \u00fer\u00e1tt fyrir misjaft gengi \u00fej\u00f3\u00f0arb\u00fasins.<\/p>\n<p>S\u00e1 sem situr til h\u00e6gri er me\u00f0 \u00e1tta \u00e1ra h\u00e1sk\u00f3lan\u00e1m \u00ed hagfr\u00e6\u00f0i \u00ed einum af 1000 bestu h\u00e1sk\u00f3lum veraldarinnar og \u00fe\u00f3tt&nbsp; v\u00ed\u00f0ar v\u00e6ri leita\u00f0. Til vi\u00f0b\u00f3tar er hann me\u00f0 doktorspr\u00f3f fr\u00e1 virktum h\u00e1sk\u00f3la \u00ed Bandar\u00edkjunum.<\/p>\n<p>Allt sem hann hefur komi\u00f0 n\u00e1l\u00e6gt hefur fari\u00f0 l\u00f3\u00f0beint \u00e1 hausinn, hvort heldur fyrirt\u00e6ki sem honum voru f\u00e6r\u00f0 \u00e1 silfurfati af Dabba og&nbsp; D\u00f3ra, e\u00f0a st\u00f6ndugir bankar sem hann f\u00e9kk&nbsp; fyrir l\u00edti\u00f0, og \u00feurfti aldrei a\u00f0 borga.<\/p>\n<p>Myndin er tekin \u00e1 Kanar\u00edeyjum&nbsp; \u00fear sem hagfr\u00e6\u00f0ingarnir dv\u00f6ldu \u00ed nokkrar vikur. S\u00e1 til vinstri fyrir ar\u00f0 af fyrirt\u00e6ki s\u00ednu.<\/p>\n<p>S\u00e1 til h\u00e6gri fyrir skattf\u00e9 \u00ed bo\u00f0i Se\u00f0labankans.<\/p>\n","protected":false},"excerpt":{"rendered":"<p>H\u00e9r sitja tveir hagfr\u00e6\u00f0ingar og r\u00e6\u00f0a fj\u00e1rhagsst\u00f6\u00f0u \u00fej\u00f3\u00f0arinnar. S\u00e1 til vinstri hefur st\u00fdrt fyrirt\u00e6ki s\u00ednu \u00ed 60 \u00e1r. \u00c6vinlega nota\u00f0 tekjuafgang til a\u00f0&nbsp; endurb\u00e6ta v\u00e9lar og b\u00fana\u00f0 fyrirt\u00e6kisins, og styrkja rekstur \u00feess. Ekki l\u00e1ti\u00f0 gl\u00e9plast af gyllibo\u00f0um svokalla\u00f0ra fj\u00e1rm\u00e1la s\u00e9rfr\u00e6\u00f0inga. Aldrei&nbsp; greitt s\u00e9r ar\u00f0 nema afkoma fyrirt\u00e6kisins hafi leyft \u00fea\u00f0. Komi\u00f0 \u00e1 laggirnar fimm \u00fatib\u00faum sem \u00f6ll bl\u00f3mstra \u00fer\u00e1tt fyrir<\/p>\n","protected":false},"author":2,"featured_media":0,"parent":0,"menu_order":0,"comment_status":"closed","ping_status":"closed","template":"","meta":[],"_links":{"self":[{"href":"https:\/\/korpulfar.is\/index.php?rest_route=\/wp\/v2\/pages\/15244"}],"collection":[{"href":"https:\/\/korpulfar.is\/index.php?rest_route=\/wp\/v2\/pages"}],"about":[{"href":"https:\/\/korpulfar.is\/index.php?rest_route=\/wp\/v2\/types\/page"}],"author":[{"embeddable":true,"href":"https:\/\/korpulfar.is\/index.php?rest_route=\/wp\/v2\/users\/2"}],"replies":[{"embeddable":true,"href":"https:\/\/korpulfar.is\/index.php?rest_route=%2Fwp%2Fv2%2Fcomments&post=15244"}],"version-history":[{"count":7,"href":"https:\/\/korpulfar.is\/index.php?rest_route=\/wp\/v2\/pages\/15244\/revisions"}],"predecessor-version":[{"id":15549,"href":"https:\/\/korpulfar.is\/index.php?rest_route=\/wp\/v2\/pages\/15244\/revisions\/15549"}],"wp:attachment":[{"href":"https:\/\/korpulfar.is\/index.php?rest_route=%2Fwp%2Fv2%2Fmedia&parent=15244"}],"curies":[{"name":"wp","href":"https:\/\/api.w.org\/{rel}","templated":true}]}}