{"id":15232,"date":"2022-03-17T22:44:55","date_gmt":"2022-03-17T22:44:55","guid":{"rendered":"https:\/\/www.korpulfar.is\/?page_id=15232"},"modified":"2022-03-17T22:44:55","modified_gmt":"2022-03-17T22:44:55","slug":"gjafir","status":"publish","type":"page","link":"https:\/\/korpulfar.is\/?page_id=15232","title":{"rendered":"Gjafir+"},"content":{"rendered":"<p><strong>Gjafir<\/strong><\/p>\n<p>Hva\u00f0 f\u00e9kkstu \u00ed j\u00f3lagj\u00f6f ?<\/p>\n<p>Svekkelsisgraut me\u00f0 undanrennu.<\/p>\n<p>Hva\u00f0 f\u00e9kkstu \u00e1 B\u00f3ndadaginn ?<\/p>\n<p>Efasemdas\u00fapu \u00feunna og ekkert me\u00f0.<\/p>\n<p>Hva\u00f0 f\u00e9kkstu \u00ed afm\u00e6lisgj\u00f6f ?<\/p>\n<p>\u00deykkan vonbryg\u00f0agraut me\u00f0 vatni.<\/p>\n<p>&nbsp;<\/p>\n<p><strong>Draumur um s\u00f3larstr\u00f6nd<\/strong><\/p>\n<p>Hann var tuttugu \u00e1r \u00ed sk\u00f3la<\/p>\n<p>hann var tuttugu \u00e1r \u00ed basli<\/p>\n<p>hann var tuttugu \u00e1r a\u00f0 ala upp kr\u00f3a<\/p>\n<p>hann f\u00e9kk svo t\u00edu \u00e1r \u00feolanleg<\/p>\n<p>hann var nokkur \u00e1r \u00ed drauma heimi<\/p>\n<p>hann f\u00e9kk svo martr\u00f6\u00f0<\/p>\n<p>hann l\u00e9st \u00e1n \u00feess a\u00f0 sj\u00e1 sandinn<\/p>\n<p>&nbsp;<\/p>\n","protected":false},"excerpt":{"rendered":"<p>Gjafir Hva\u00f0 f\u00e9kkstu \u00ed j\u00f3lagj\u00f6f ? Svekkelsisgraut me\u00f0 undanrennu. Hva\u00f0 f\u00e9kkstu \u00e1 B\u00f3ndadaginn ? Efasemdas\u00fapu \u00feunna og ekkert me\u00f0. Hva\u00f0 f\u00e9kkstu \u00ed afm\u00e6lisgj\u00f6f ? \u00deykkan vonbryg\u00f0agraut me\u00f0 vatni. &nbsp; Draumur um s\u00f3larstr\u00f6nd Hann var tuttugu \u00e1r \u00ed sk\u00f3la hann var tuttugu \u00e1r \u00ed basli hann var tuttugu \u00e1r a\u00f0 ala upp kr\u00f3a hann f\u00e9kk svo t\u00edu \u00e1r \u00feolanleg hann var<\/p>\n","protected":false},"author":2,"featured_media":0,"parent":0,"menu_order":0,"comment_status":"closed","ping_status":"closed","template":"","meta":[],"_links":{"self":[{"href":"https:\/\/korpulfar.is\/index.php?rest_route=\/wp\/v2\/pages\/15232"}],"collection":[{"href":"https:\/\/korpulfar.is\/index.php?rest_route=\/wp\/v2\/pages"}],"about":[{"href":"https:\/\/korpulfar.is\/index.php?rest_route=\/wp\/v2\/types\/page"}],"author":[{"embeddable":true,"href":"https:\/\/korpulfar.is\/index.php?rest_route=\/wp\/v2\/users\/2"}],"replies":[{"embeddable":true,"href":"https:\/\/korpulfar.is\/index.php?rest_route=%2Fwp%2Fv2%2Fcomments&post=15232"}],"version-history":[{"count":1,"href":"https:\/\/korpulfar.is\/index.php?rest_route=\/wp\/v2\/pages\/15232\/revisions"}],"predecessor-version":[{"id":15233,"href":"https:\/\/korpulfar.is\/index.php?rest_route=\/wp\/v2\/pages\/15232\/revisions\/15233"}],"wp:attachment":[{"href":"https:\/\/korpulfar.is\/index.php?rest_route=%2Fwp%2Fv2%2Fmedia&parent=15232"}],"curies":[{"name":"wp","href":"https:\/\/api.w.org\/{rel}","templated":true}]}}