{"id":15124,"date":"2022-03-16T17:43:50","date_gmt":"2022-03-16T17:43:50","guid":{"rendered":"https:\/\/www.korpulfar.is\/?page_id=15124"},"modified":"2022-03-17T10:17:00","modified_gmt":"2022-03-17T10:17:00","slug":"15124-2","status":"publish","type":"page","link":"https:\/\/korpulfar.is\/?page_id=15124","title":{"rendered":"\u00c1n titils 1"},"content":{"rendered":"<div id=\"attachment_15125\" style=\"width: 1887px\" class=\"wp-caption alignleft\"><a href=\"http:\/\/www.korpulfar.is\/wp-content\/uploads\/2022\/03\/A\u0301n-titils-1.jpg\"><img aria-describedby=\"caption-attachment-15125\" decoding=\"async\" loading=\"lazy\" class=\"size-full wp-image-15125\" src=\"http:\/\/www.korpulfar.is\/wp-content\/uploads\/2022\/03\/A\u0301n-titils-1.jpg\" alt=\"\" width=\"1877\" height=\"687\" srcset=\"http:\/\/www.korpulfar.is\/wp-content\/uploads\/2022\/03\/A\u0301n-titils-1.jpg 1877w, http:\/\/www.korpulfar.is\/wp-content\/uploads\/2022\/03\/A\u0301n-titils-1-300x110.jpg 300w, http:\/\/www.korpulfar.is\/wp-content\/uploads\/2022\/03\/A\u0301n-titils-1-1024x375.jpg 1024w, http:\/\/www.korpulfar.is\/wp-content\/uploads\/2022\/03\/A\u0301n-titils-1-768x281.jpg 768w, http:\/\/www.korpulfar.is\/wp-content\/uploads\/2022\/03\/A\u0301n-titils-1-1536x562.jpg 1536w\" sizes=\"(max-width: 1877px) 100vw, 1877px\" \/><\/a><p id=\"caption-attachment-15125\" class=\"wp-caption-text\">\u00c1n tiltils -1. Sp\u00f3naplata 130&#215;51 sm Plast og akr\u00fdl<\/p><\/div>\n<p>M\u00e1la\u00f0 eftir mi\u00f0n\u00e6tti vi\u00f0 dauft lj\u00f3s fr\u00e1 kertum. \u00cd r\u00fdminu hlj\u00f3ma t\u00f3nar \u00far \u00e1rst\u00ed\u00f0unum eftir Vivaldi<\/p>\n<p>&nbsp;<\/p>\n","protected":false},"excerpt":{"rendered":"<p>M\u00e1la\u00f0 eftir mi\u00f0n\u00e6tti vi\u00f0 dauft lj\u00f3s fr\u00e1 kertum. \u00cd r\u00fdminu hlj\u00f3ma t\u00f3nar \u00far \u00e1rst\u00ed\u00f0unum eftir Vivaldi &nbsp;<\/p>\n","protected":false},"author":2,"featured_media":0,"parent":0,"menu_order":0,"comment_status":"closed","ping_status":"closed","template":"","meta":[],"_links":{"self":[{"href":"https:\/\/korpulfar.is\/index.php?rest_route=\/wp\/v2\/pages\/15124"}],"collection":[{"href":"https:\/\/korpulfar.is\/index.php?rest_route=\/wp\/v2\/pages"}],"about":[{"href":"https:\/\/korpulfar.is\/index.php?rest_route=\/wp\/v2\/types\/page"}],"author":[{"embeddable":true,"href":"https:\/\/korpulfar.is\/index.php?rest_route=\/wp\/v2\/users\/2"}],"replies":[{"embeddable":true,"href":"https:\/\/korpulfar.is\/index.php?rest_route=%2Fwp%2Fv2%2Fcomments&post=15124"}],"version-history":[{"count":3,"href":"https:\/\/korpulfar.is\/index.php?rest_route=\/wp\/v2\/pages\/15124\/revisions"}],"predecessor-version":[{"id":15132,"href":"https:\/\/korpulfar.is\/index.php?rest_route=\/wp\/v2\/pages\/15124\/revisions\/15132"}],"wp:attachment":[{"href":"https:\/\/korpulfar.is\/index.php?rest_route=%2Fwp%2Fv2%2Fmedia&parent=15124"}],"curies":[{"name":"wp","href":"https:\/\/api.w.org\/{rel}","templated":true}]}}