{"id":14927,"date":"2022-02-09T21:08:04","date_gmt":"2022-02-09T21:08:04","guid":{"rendered":"https:\/\/www.korpulfar.is\/?page_id=14927"},"modified":"2022-02-09T21:08:21","modified_gmt":"2022-02-09T21:08:21","slug":"genesis-3","status":"publish","type":"page","link":"https:\/\/korpulfar.is\/?page_id=14927","title":{"rendered":"Genesis-3"},"content":{"rendered":"<p><a href=\"http:\/\/www.korpulfar.is\/wp-content\/uploads\/2022\/02\/Genesis-11.png\"><img decoding=\"async\" loading=\"lazy\" class=\"alignleft wp-image-14928\" src=\"http:\/\/www.korpulfar.is\/wp-content\/uploads\/2022\/02\/Genesis-11.png\" alt=\"\" width=\"380\" height=\"184\" srcset=\"http:\/\/www.korpulfar.is\/wp-content\/uploads\/2022\/02\/Genesis-11.png 407w, http:\/\/www.korpulfar.is\/wp-content\/uploads\/2022\/02\/Genesis-11-300x145.png 300w\" sizes=\"(max-width: 380px) 100vw, 380px\" \/><\/a><\/p>\n<p>\u00dea\u00f0 er af N\u00f3a a\u00f0 segja a\u00f0 hann ger\u00f0ist gar\u00f0yrkjub\u00f3ndi, planta\u00f0i v\u00ednvi\u00f0i og allskyns \u00e1vaxtatrj\u00e1m. Tali\u00f0 er a\u00f0 hann hafi fundi\u00f0 upp spelt-hveiti\u00f0. \u00deekktastur var hann fyrir v\u00ednger\u00f0 b\u00e6\u00f0i rau\u00f0, hv\u00edt og r\u00f3sa.<\/p>\n<p><a href=\"http:\/\/www.korpulfar.is\/wp-content\/uploads\/2022\/02\/Genesis-11-B.png\"><img decoding=\"async\" loading=\"lazy\" class=\"alignleft size-full wp-image-14929\" src=\"http:\/\/www.korpulfar.is\/wp-content\/uploads\/2022\/02\/Genesis-11-B.png\" alt=\"\" width=\"338\" height=\"74\" srcset=\"http:\/\/www.korpulfar.is\/wp-content\/uploads\/2022\/02\/Genesis-11-B.png 338w, http:\/\/www.korpulfar.is\/wp-content\/uploads\/2022\/02\/Genesis-11-B-300x66.png 300w\" sizes=\"(max-width: 338px) 100vw, 338px\" \/><\/a><\/p>\n<p>&nbsp;<\/p>\n<p>&nbsp;<\/p>\n<p>&nbsp;<\/p>\n<p>Eitt sinn \u00feegar hann haf\u00f0i smakka\u00f0 helst til miki\u00f0 af v\u00ednum s\u00ednum,<\/p>\n<p>sofna\u00f0i hann \u00ed tjaldi s\u00ednu. \u00dea\u00f0 var alveg \u00f3vart. En hann haf\u00f0i f\u00e6kka\u00f0 f\u00f6tum vi\u00f0 sm\u00f6kkunina og l\u00e1 \u00fearna \u00ed tjaldinu kviknakinn.<\/p>\n<p>Kam sonur N\u00f3a r\u00e1far inn \u00ed tjaldi\u00f0 og s\u00e9r f\u00f6\u00f0ur sinn nakin, hann fer til br\u00e6\u00f0ra sinna og segir, &#8220;viti\u00f0 \u00fei\u00f0 bara, pabbi er kviknakinn \u00ed tjaldinu blindfullur og steinsofandi.&#8221;\u00a0 \u00feeir br\u00e6\u00f0ur Sem og Jafet k\u00edkja inn \u00ed tjaldi\u00f0, f\u00f3rna h\u00f6ndum og leggja yfir f\u00f6\u00f0ur sinn skikkju, til a\u00f0 hylja nekt hans.<\/p>\n<p>Um s\u00ed\u00f0ir vaknar N\u00f3i skel\u00feunnur. &#8220;Hva\u00f0a drusla er \u00feetta eiginlega segir hann.&#8221; Jafet ver\u00f0ur fyrir sv\u00f6rum og segir &#8220;Kam s\u00e1 \u00feig \u00e1 sprellanum og f\u00e9kk okkur til a\u00f0 brei\u00f0a yfir \u00feig \u00feess skikkju, \u00feetta er \u00c1lafoss va\u00f0m\u00e1l af bestu ger\u00f0.&#8221;<\/p>\n<p>N\u00f3i var\u00f0 arfavitlaus og b\u00f6lva\u00f0i Kam.<\/p>\n<p>B\u00f6lva\u00f0ur s\u00e9 Kanaan,<\/p>\n<p><em>&#8220;auvir\u00f0ilegur \u00fer\u00e6ll s\u00e9 hann br\u00e6\u00f0ra sinna.&#8221;<\/em><\/p>\n<p><em>Og hann sag\u00f0i:<\/em><\/p>\n<p><em>&#8220;Lofa\u00f0ur s\u00e9 Drottinn, Sems Gu\u00f0,<\/em><\/p>\n<p><em>en Kanaan s\u00e9 \u00fer\u00e6ll \u00feeirra.<\/em><\/p>\n<p><em>Gu\u00f0 gefi Jafet miki\u00f0 landr\u00fdmi,<\/em><\/p>\n<p><em>og hann b\u00fai \u00ed tjaldb\u00fa\u00f0um Sems,<\/em><\/p>\n<p><em>en Kanaan s\u00e9 \u00fer\u00e6ll \u00feeirra.&#8221;<\/em><\/p>\n<p>\u00deessi r\u00e6\u00f0a N\u00f3a er h\u00f6f\u00f0 eftir samt\u00edmam\u00f6nnum hans. \u00dearna m\u00e1 sj\u00e1 hvernig v\u00edn getur fari\u00f0 me\u00f0 menn, \u00feeir ruglast og sj\u00e1 ekki \u00fea\u00f0 sem \u00feeim er gert gott.\u00a0 En \u00e1 \u00feessum \u00e1rum var ekkert S\u00c1\u00c1 til, sk\u00e1l.<a href=\"http:\/\/www.korpulfar.is\/wp-content\/uploads\/2022\/02\/Genesis-12.png\"><img decoding=\"async\" loading=\"lazy\" class=\"alignleft size-full wp-image-14932\" src=\"http:\/\/www.korpulfar.is\/wp-content\/uploads\/2022\/02\/Genesis-12.png\" alt=\"\" width=\"150\" height=\"224\" \/><\/a><\/p>\n<p>N\u00f3i lif\u00f0i \u00ed 350 \u00e1r eftir fl\u00f3\u00f0i\u00f0, hann ger\u00f0i margar uppg\u00f6tvanir \u00ed v\u00ednger\u00f0. \u00dea\u00f0 var N\u00f3i sem byrja\u00f0i a\u00f0 blanda saman v\u00edntegundum fr\u00e1 mismunandi v\u00ednberja-tegundum. \u00deannig var\u00f0 til Sauvignon, Cabernet, Syrah og margar fleiri tegundir, b\u00e6\u00f0i rautt, r\u00f3sa og hv\u00edtt.<\/p>\n<p>\u00dea\u00f0 er af sonum N\u00f3a a\u00f0 segja a\u00f0 \u00feeir \u00e1ttu b\u00f6rn og barnab\u00f6rn sem dreif\u00f0ust um j\u00f6r\u00f0ina, sum settu fyrir sig landb\u00fana\u00f0, sum byggingarlist, <u>\u00f6nnu<\/u>r t\u00f3nlist.<\/p>\n<p>\u00dea\u00f0 er undarlegt og obbol\u00edti\u00f0 skr\u00edti\u00f0 a\u00f0 allt sem Gu\u00f0 ger\u00f0i skyldi vera svona meingalla\u00f0 a\u00f0 hann s\u00e1 ekki \u00f6nnur r\u00e1\u00f0 en drekkja \u00fev\u00ed \u00f6llu.<\/p>\n<p>\u00c1 fylgiskjali 2 m\u00e1 sj\u00e1 \u00e6ttart\u00f6lu sona N\u00f3a eins og M\u00f3ses skr\u00e1\u00f0i hana \u00ed b\u00f3kina miklu. Uppkasti\u00f0 skr\u00e1\u00f0i hann \u00ed IBM t\u00f6lvuna sem Siggi \u00ed Raupklink \u00e1tti eftir a\u00f0 nota \u00ed bankanum. en \u00fea\u00f0 var m\u00f6rgum \u00f6ldum s\u00ed\u00f0ar\u00a0 \u00a0 \u00a0 \u00a0 \u00a0 \u00a0 \u00a0 \u00a0 \u00a0 \u00a0 \u00a0 <a href=\"http:\/\/www.korpulfar.is\/wp-content\/uploads\/2022\/02\/Genesis-13.png\"><img decoding=\"async\" loading=\"lazy\" class=\"alignleft size-full wp-image-14930\" src=\"http:\/\/www.korpulfar.is\/wp-content\/uploads\/2022\/02\/Genesis-13.png\" alt=\"\" width=\"617\" height=\"368\" srcset=\"http:\/\/www.korpulfar.is\/wp-content\/uploads\/2022\/02\/Genesis-13.png 617w, http:\/\/www.korpulfar.is\/wp-content\/uploads\/2022\/02\/Genesis-13-300x179.png 300w\" sizes=\"(max-width: 617px) 100vw, 617px\" \/><\/a><\/p>\n<p>S\u00ed\u00f0ar kom \u00e1 daginn a\u00f0 \u00feeir afkomendur Noa voru engu sk\u00e1rri en fyrirrennarar \u00feeirra, \u00a0<u>dr\u00e1pu<\/u> og r\u00e6ndu allsta\u00f0ar \u00fear sem \u00feeir f\u00f3ru um.<\/p>\n<p>Jafnvel \u00ed dag er \u00e1standi\u00f0 engu sk\u00e1rra nema hva\u00f0 \u00e1standi\u00f0 \u00e1 nor\u00f0urhveli er heldur sk\u00e1rra. \u00fear eru bara banka\u00fej\u00f3far og fj\u00e1rm\u00e1lab\u00f3far og sau\u00f0a\u00fej\u00f3far alls r\u00e1\u00f0andi.<\/p>\n<p><strong>Gu\u00f0 sag\u00f0i vi\u00f0 Abraham<\/strong>.<\/p>\n<p>&#8220;Hypja\u00f0u \u00feig burt, far\u00f0u bara til Kaananlands e\u00f0a eitthva\u00f0.&#8221;<\/p>\n<p>\u00deegar Abraham haf\u00f0i sko\u00f0a\u00f0 sig um \u00ed Kaananslandi og hitt f\u00f3lki\u00f0 sem nefndust Kaanan\u00edtar, reisti hann altari bara svona til a\u00f0 hafa ef hann \u00feyrfti a\u00f0 nota \u00fea\u00f0 s\u00ed\u00f0ar.<\/p>\n<p>Abraham fl\u00e6ktist um su\u00f0urland, en \u00fear var um \u00feessar mundir miki\u00f0 hall\u00e6ri, alveg eins og h\u00e9r \u00e1 \u00cdslandi um <u>2009<\/u>.<\/p>\n<p>Hann h\u00e9lt svo til Egyptalands, h\u00e9lt a\u00f0 \u00fea\u00f0 v\u00e6ri eitthva\u00f0 betra.<\/p>\n<p>Abraham haf\u00f0i konuna s\u00edna sem h\u00e9t Sara\u00ed me\u00f0 s\u00e9r \u00ed \u00feessum lei\u00f0angri, s\u00fa var forkunnar f\u00f6gur.<\/p>\n<p>Abraham s\u00e1 \u00fea\u00f0 \u00ed hendi s\u00e9r a\u00f0 ef Egyptar vissu a\u00f0 h\u00fan v\u00e6ri eiginkona hans, myndi Fara\u00f3 drepa sig \u00a0og gera Sara\u00ed a\u00f0 sinni konu.<\/p>\n<p>Hann segir \u00fev\u00ed vi\u00f0 Sara\u00ed, &#8220;ef einhver spyr seg\u00f0u \u00fe\u00e1 a\u00f0 \u00e9g s\u00e9 br\u00f3\u00f0ir \u00feinn. \u00de\u00e1 ver\u00f0 \u00e9g ekki drepinn, en \u00fea\u00f0 er eins v\u00edst a\u00f0 Fara\u00f3 vilji lulla hj\u00e1 \u00fe\u00e9r. \u00dea\u00f0 ver\u00f0ur bara a\u00f0 hafa \u00fea\u00f0.&#8221;<\/p>\n<p>Fara\u00f3 sem tr\u00fa\u00f0i \u00fev\u00ed a\u00f0 Sara\u00ed v\u00e6ri systir Abrahams gaf honum geitur, k\u00fdr og h\u00e6nur, \u00e1samt gulli og dem\u00f6ntum.<\/p>\n<p>T\u00edminn l\u00ed\u00f0ur og yfir Egyptaland\u00a0 leggjast pl\u00e1gur og hungur.<\/p>\n<p>Fara\u00f3 kemst fyrir tilviljun a\u00f0 \u00fev\u00ed a\u00f0 Sara\u00ed var ekki systir Abrahams heldur eiginkona hans.<\/p>\n<p>Fara\u00f3 ver\u00f0ur b\u00e6\u00f0i lei\u00f0ur og rei\u00f0ur og l\u00edka svekktur. Hann segir vi\u00f0 Abraham.<\/p>\n<p>&#8220;Hypja\u00f0u \u00feig \u00far m\u00ednu landi me\u00f0 allt \u00feitt hyski og l\u00e1ttu ekki sj\u00e1 \u00feig h\u00e9r aftur.&#8221;<\/p>\n<p>Me\u00f0 Abraham \u00ed \u00feessum lei\u00f0angri var n\u00e1ungi sem h\u00e9t Lot br\u00f3\u00f0ursonur Abrahams.<\/p>\n<p>\u00deeir voru moldr\u00edkir eftir dv\u00f6lina \u00ed Egyptalandi, \u00feeir h\u00f6f\u00f0u dobla\u00f0 Fara\u00f3inn upp \u00far sk\u00f3num og unni\u00f0 \u00f3grynni fj\u00e1r af honum og h\u00f6f\u00f0ingjum hans \u00ed p\u00f3ker.<\/p>\n<p><a href=\"http:\/\/www.korpulfar.is\/wp-content\/uploads\/2022\/02\/Genesis-2-1-1.jpg\"><img decoding=\"async\" loading=\"lazy\" class=\"alignleft wp-image-14937\" src=\"http:\/\/www.korpulfar.is\/wp-content\/uploads\/2022\/02\/Genesis-2-1-1.jpg\" alt=\"\" width=\"436\" height=\"269\" srcset=\"http:\/\/www.korpulfar.is\/wp-content\/uploads\/2022\/02\/Genesis-2-1-1.jpg 879w, http:\/\/www.korpulfar.is\/wp-content\/uploads\/2022\/02\/Genesis-2-1-1-300x185.jpg 300w, http:\/\/www.korpulfar.is\/wp-content\/uploads\/2022\/02\/Genesis-2-1-1-768x474.jpg 768w\" sizes=\"(max-width: 436px) 100vw, 436px\" \/><\/a><\/p>\n<p>&nbsp;<\/p>\n<p>&nbsp;<\/p>\n<p>&nbsp;<\/p>\n<p>&nbsp;<\/p>\n<p>&nbsp;<\/p>\n<p>&nbsp;<\/p>\n<p>&nbsp;<\/p>\n<p>&nbsp;<\/p>\n<p>&nbsp;<\/p>\n<p>\u00deeir Abraham og Lot halda n\u00fa aftur til su\u00f0urlands.<\/p>\n<p>\u00deegar \u00feanga\u00f0 er komi\u00f0 fara fj\u00e1rhir\u00f0ar \u00feeirra eitthva\u00f0 a\u00f0 r\u00edfast og svolei\u00f0is. Abraham segir \u00fe\u00e1 vi\u00f0 Lot. &#8220;Vi\u00f0 skulum ekkert vera r\u00edfast eins og \u00feessir fj\u00e1rhir\u00f0ar, vi\u00f0 bara f\u00f6rum \u00ed sitt \u00ed hvora \u00e1ttina og allt \u00ed g\u00f3\u00f0u.&#8221;<\/p>\n<p>&#8220;\u00cd hvora \u00e1ttina villt \u00fe\u00fa fara?&#8221; spyr Lot. &#8220;M\u00e9r er alveg sama, ef \u00fe\u00fa villt\u00a0 fara til vinstri \u00fe\u00e1 fer \u00e9g bara til h\u00e6gri,&#8221; segir Abraham.<\/p>\n<p>&nbsp;<\/p>\n<p>\u00deegar h\u00e9r var komi\u00f0 s\u00f6gu t\u00f6lu\u00f0u allir afkomendur N\u00f3a sama tungum\u00e1l.<\/p>\n<p>&nbsp;<\/p>\n<p><strong>Babelsturninn<\/strong><\/p>\n<p><em>&#8220;Svo bar vi\u00f0, er \u00feeir f\u00f3ru sta\u00f0 \u00far sta\u00f0 \u00ed austurl\u00f6ndum, a\u00f0 \u00feeir fundu l\u00e1glendi \u00ed S\u00ednearlandi og settust \u00fear a\u00f0. Og \u00feeir s\u00f6g\u00f0u hver vi\u00f0 annan: Gott og vel, v\u00e9r skulum hno\u00f0a tigulsteina og her\u00f0a \u00ed eldi.\u00a0 Og \u00feeir notu\u00f0u tigulsteina \u00ed sta\u00f0 grj\u00f3ts og jar\u00f0bik \u00ed sta\u00f0 kalks. Og \u00feeir s\u00f6g\u00f0u: Gott og vel, v\u00e9r skulum byggja oss borg og turn, sem n\u00e1i til himins, og gj\u00f6rum oss minnismerki, svo a\u00f0 v\u00e9r tv\u00edstrumst ekki um alla j\u00f6r\u00f0ina<\/em>.&#8221;<\/p>\n<p>N\u00fa Gu\u00f0 var a\u00f0 r\u00e1pa og heyr\u00f0i \u00e1 tal \u00a0\u00feeirra, \u00fear sem \u00feeir voru a\u00f0 r\u00e1\u00f0gera byggingu turns sem \u00e1tti a\u00f0 n\u00e1 alla lei\u00f0 upp til Gu\u00f0s.<\/p>\n<p><a href=\"http:\/\/www.korpulfar.is\/wp-content\/uploads\/2022\/02\/Genesis-2-2.jpg\"><img decoding=\"async\" loading=\"lazy\" class=\"alignleft size-full wp-image-14938\" src=\"http:\/\/www.korpulfar.is\/wp-content\/uploads\/2022\/02\/Genesis-2-2.jpg\" alt=\"\" width=\"224\" height=\"225\" srcset=\"http:\/\/www.korpulfar.is\/wp-content\/uploads\/2022\/02\/Genesis-2-2.jpg 224w, http:\/\/www.korpulfar.is\/wp-content\/uploads\/2022\/02\/Genesis-2-2-150x150.jpg 150w, http:\/\/www.korpulfar.is\/wp-content\/uploads\/2022\/02\/Genesis-2-2-90x90.jpg 90w, http:\/\/www.korpulfar.is\/wp-content\/uploads\/2022\/02\/Genesis-2-2-75x75.jpg 75w\" sizes=\"(max-width: 224px) 100vw, 224px\" \/><\/a><\/p>\n<p>&nbsp;<\/p>\n<p>\u00cd illskukasti \u00e1kva\u00f0 hann a\u00f0 tv\u00edstra \u00feessum m\u00f6nnum og konum. um alla j\u00f6r\u00f0ina Af illkvittni rugla\u00f0i hann tungum\u00e1li \u00feeirra \u00feannig a\u00f0 \u00feeir skildu ekki hver annan. Gu\u00f0 vildi sko ekki a\u00f0 mennirnir bygg\u00f0u einhvern turn sem n\u00e6\u00f0i alla lei\u00f0 upp \u00ed eldh\u00fasi\u00f0 hj\u00e1 honum.<\/p>\n<p>&nbsp;<\/p>\n<p><strong>Valdaf\u00edkn<\/strong><\/p>\n<p><em>\u00deegar <u>Amrafel<\/u> var konungur \u00ed <u>S\u00ednear<\/u>, <u>Ar\u00edok<\/u> konungur \u00ed <u>Ellasar<\/u>, <u>Kedorla\u00f3mer<\/u> konungur \u00ed <u>Elam<\/u> og <u>T\u00eddeal<\/u> konungur \u00ed <u>Goj\u00edm<\/u>, bar \u00fea\u00f0 til, a\u00f0 \u00feeir herju\u00f0u \u00e1 Bera, konung \u00ed <u>S\u00f3d\u00f3mu<\/u>, \u00e1 <u>Birsa<\/u>, konung \u00ed <u>G\u00f3morru<\/u>, \u00e1 <u>S\u00edneab<\/u>, konung \u00ed <u>Adma<\/u>, \u00e1 <u>Semeber<\/u>, konung \u00ed <u>Seb\u00f3\u00edm<\/u>, og konunginn \u00ed Bela.<a href=\"http:\/\/www.korpulfar.is\/wp-content\/uploads\/2022\/02\/Genesis-2-3.jpg\"><img decoding=\"async\" loading=\"lazy\" class=\"alignleft size-full wp-image-14941\" src=\"http:\/\/www.korpulfar.is\/wp-content\/uploads\/2022\/02\/Genesis-2-3.jpg\" alt=\"\" width=\"224\" height=\"167\" \/><\/a><\/em><\/p>\n<p><em>\u00a0<\/em><\/p>\n<p>Snemma byrja\u00f0i ofbeldi\u00f0 og valdaf\u00edknin, ekki var meiri fri\u00f0ur \u00fe\u00e1 en n\u00fa, \u00fearna \u00ed austurl\u00f6ndum.<\/p>\n<p>Saddam, <u>Mubarak<\/u>, <u>Gaddafy<\/u> og <u>Assad<\/u> svo einhverjir s\u00e9u nefndir komu l\u00f6ngu seinna.<\/p>\n<p><em>&#8220;Allir \u00feessir hittust \u00e1 <u>Sidd\u00edmsv\u00f6llum<\/u>. (\u00dear er n\u00fa Saltisj\u00f3r.) <\/em><em><sup>\u00cd<\/sup><\/em><em> t\u00f3lf \u00e1r h\u00f6f\u00f0u \u00feeir veri\u00f0 l\u00fd\u00f0skyldir <u>Kedorla\u00f3mer<\/u>, en \u00e1 hinu \u00ferett\u00e1nda \u00e1ri h\u00f6f\u00f0u \u00feeir gj\u00f6rt uppreisn. Og \u00e1 fj\u00f3rt\u00e1nda \u00e1ri kom <u>Kedorla\u00f3mer<\/u> og \u00feeir konungar, sem me\u00f0 honum voru, og sigru\u00f0u <u>Refa\u00edtana<\/u> \u00ed <u>Astarot<\/u> <u>Karna\u00edm<\/u>, <u>S\u00fas\u00edtana<\/u> \u00ed Ham, <u>Em\u00edtana<\/u> \u00e1 <u>K\u00edrjata\u00edmsv\u00f6llum<\/u> og <u>H\u00f3r\u00edtana<\/u> \u00e1 fjalli \u00feeirra <u>Se\u00edr<\/u> allt til El-Paran, sem er vi\u00f0 ey\u00f0im\u00f6rkina. S\u00ed\u00f0an sneru \u00feeir vi\u00f0 og komu til En-<u>Mispat<\/u> (\u00fea\u00f0 er <u>Kades<\/u>), og f\u00f3ru herskildi yfir land <u>Amalek\u00edta<\/u> og s\u00f6mulei\u00f0is Amor\u00edta, sem bjuggu \u00ed <u>Hasason<\/u> Tamar<\/em>.&#8221;<\/p>\n<p>\u00dea\u00f0 er ekki n\u00f3g me\u00f0 a\u00f0 gu\u00f0 hafi gert \u00fe\u00e1 \u00f3skiljanlega <u>innbyr\u00f0is<\/u> heldur hefur hann <u>att<\/u> \u00feeim hverjum gegn \u00f6\u00f0rum.<\/p>\n<p>Svona hefur \u00fea\u00f0 gengi\u00f0 s\u00ed\u00f0an.<\/p>\n<p>Barist er til h\u00e6gri vinstri og \u00ed nor\u00f0ri jafnt sem \u00ed <u>austri,vestri<\/u> og su\u00f0ri.<\/p>\n<p>Eftir bardagann \u00e1 <u>Sidd\u00edmsv\u00f6llum<\/u>, l\u00f6g\u00f0u \u00feeir k\u00f3ngarnir af <u>S\u00f3d\u00f3mu<\/u> og <u>G\u00f3moru<\/u> og a\u00f0rir \u00feeir sem bi\u00f0u \u00f3sigur \u00e1 fl\u00f3tta.<\/p>\n<p>\u00c1 fl\u00f3ttanum f\u00e9llu konungar <u>S\u00f3d\u00f3mu<\/u> og <u>G\u00f3moru<\/u> \u00ed jar\u00f0biksgr\u00f6f en n\u00f3g var af \u00feeim \u00fearna \u00e1 v\u00f6llunum.<\/p>\n<p>Sigurvegararnir hirtu allt f\u00e9m\u00e6tt \u00ed \u00feessum tveimur borgum <u>S\u00f3d\u00f3mu<\/u> og <u>G\u00f3moru<\/u> og h\u00f6f\u00f0u \u00e1 brott me\u00f0 s\u00e9r. Einnig t\u00f3ku \u00feeir s\u00e6tustu stelpurnar og l\u00edka Lot, br\u00f3\u00f0urson Abrahams.<\/p>\n<p>\u00deegar Abraham fr\u00e9tti af \u00fev\u00ed a\u00f0 Lot v\u00e6ri hluti herfangs sigurvegaranna, <u>F\u00edkur<\/u> \u00ed hann og safnar li\u00f0i til a\u00f0 frelsa Lot. \u00deeir l\u00e6ddust til Dan og r\u00e9\u00f0ust \u00e1 \u00feessa r\u00e6ningja sem hann kalla\u00f0i svo. \u00dea\u00f0 var um mi\u00f0ja n\u00f3tt.<\/p>\n<p>Hann frelsa\u00f0i Lot og f\u00f3r me\u00f0 hann og \u00f6ll ver\u00f0m\u00e6ti heim til s\u00edn. Menn hans r\u00e1ku fl\u00f3tta r\u00e6ningjanna alla lei\u00f0 til <u>H\u00f3ba<\/u> sem er skammt fr\u00e1 Damaskus, \u00fea\u00f0an sem damaski\u00f0 er fr\u00e1.<\/p>\n<p>Silkidamask er blanda af silki og b\u00f3mull en dregur nafn sitt af Damaskus.<\/p>\n<p>En er Abraham haf\u00f0i unni\u00f0 sigur \u00e1 <u>Kedorla\u00f3mer<\/u> konungi og \u00feeim konungum, sem me\u00f0 honum voru, og h\u00e9lt hann heimlei\u00f0is, f\u00f3r konungurinn \u00ed <u>S\u00f3d\u00f3mu<\/u> til fundar vi\u00f0 hann \u00ed <u>Savedal<\/u>. (\u00dear heitir n\u00fa K\u00f3ngsdalur.) Og <u>Melk\u00edsedek<\/u> konungur \u00ed <u>Salem<\/u> kom me\u00f0 brau\u00f0 og v\u00edn, en hann var prestur hins h\u00e6sta Gu\u00f0s. Og hann blessa\u00f0i Abraham og sag\u00f0i: &#8221; Blessa\u00f0ur s\u00e9 Abraham af hinum h\u00e6sta Gu\u00f0i, skapara himins og jar\u00f0ar.<\/p>\n<p><u>Melk\u00edsedek<\/u> var me\u00f0 <u>slyngari<\/u> v\u00ednger\u00f0arm\u00f6nnum \u00feess t\u00edma. S\u00e9rstaklega \u00fe\u00f3ttu r\u00f3sav\u00ednin <u>lj\u00faffeng<\/u> sem hann ger\u00f0i.<\/p>\n<p>Brau\u00f0i\u00f0 var v\u00edst ekkert <u>s\u00e9stakt<\/u> hj\u00e1 honum en alveg \u00feolanlegt.<\/p>\n<p>\u00de\u00e1 ske\u00f0ur \u00fea\u00f0 sem sagnaritarar hafa miki\u00f0 <u>speg\u00falera\u00f0<\/u> \u00ed Abraham gaf honum <u>10<\/u> pr\u00f3sent af \u00f6llu sem hann \u00e1tti.<\/p>\n<p><strong>Gu\u00f0 gj\u00f6rir s\u00e1ttm\u00e1la vi\u00f0 Abram<\/strong><\/p>\n<p>\u00dear sem Abraham er b\u00fainn a\u00f0 gefa t\u00edund, f\u00f3r hann a\u00f0 hugsa um hver myndi erfa hann \u00feegar \u00fear a\u00f0 k\u00e6mi. Hann hugsa\u00f0i me\u00f0 s\u00e9r, \u00e9g \u00e1 enga erfingja konan er \u00f3byrja svo \u00fea\u00f0 l\u00edtur allt \u00fat fyrir fj\u00f3sama\u00f0urinn erfi h\u00fas mitt og allt anna\u00f0 sem \u00e9g \u00e1.<\/p>\n<p>\u00de\u00e1 m\u00e6lti r\u00f6dd af himnum ofan. Abraham, Sara\u00ed getur sannarlega ekki ali\u00f0 \u00fe\u00e9r erfingja, en hj\u00e1 henni er <u>Egipska<\/u> vinnukonan Hagar h\u00fan er vel sk\u00f6pu\u00f0 og h\u00e6filega g\u00e1fu\u00f0. Barna \u00fe\u00fa hana\u00a0 og m\u00e1li\u00f0 er leyst.<\/p>\n<p>Abraham gerir svo og Hagar elur honum soninn <u>Ismael<\/u>.<\/p>\n<p>\u00ddmislegt haf\u00f0i gengi\u00f0 \u00e1 hj\u00e1 Hagar \u00e1\u00f0ur en h\u00fan \u00f3l <u>Ismael<\/u>.<\/p>\n<p>H\u00fan haf\u00f0i lent upp\u00e1 kant vi\u00f0 Sara\u00ed og fl\u00fai\u00f0 fr\u00e1 h\u00fasi hennar.<\/p>\n<p>Engill drottins fann hana hj\u00e1 vatnsb\u00f3li \u00fear sem h\u00fan var \u00e1 lei\u00f0 til S\u00far. Engill drottins tala\u00f0i um fyrir henni og ba\u00f0 hana fyrir alla muni a\u00f0 fara heim aftur og s\u00e6ttast vi\u00f0 Sara\u00ed.<\/p>\n<p>Gu\u00f0 haf\u00f0i b\u00fai\u00f0 \u00feannig um hn\u00fatana a\u00f0 \u00cdsmael skyldi vera hvers manns \u00f3vinur, b\u00e6\u00f0i br\u00e6\u00f0ra sinna og annarra og allir \u00f3vinir hans.<\/p>\n<p>Abraham h\u00e9t raunar Abram til \u00feessa t\u00edma.<\/p>\n<p>\u00de\u00e1 var Abraham <u>99<\/u> \u00e1ra. Gu\u00f0 sag\u00f0ist \u00e6tla a\u00f0 gera hann a\u00f0 f\u00f6\u00f0ur margra \u00fej\u00f3\u00f0a, \u00fer\u00e1tt fyrir h\u00e1an aldur.<\/p>\n<p><strong>Umskur\u00f0ur og s\u00e1ttm\u00e1li<\/strong><\/p>\n<p>Gu\u00f0 heimtar a\u00f0 Abraham geri s\u00e1ttm\u00e1la vi\u00f0 sig, sem hlj\u00f3\u00f0ar svo. \u00de\u00fa skalt sj\u00e1 til \u00feess a\u00f0 allir karmenn ver\u00f0i umskornir, \u00feeir sem n\u00fana eru me\u00f0 \u00fe\u00e9r afkomendur jafnt sem \u00fer\u00e6lar. H\u00e9r eftir skal umskera sveinb\u00f6rn \u00feegar \u00feau ver\u00f0a \u00e1tta daga g\u00f6mul. \u00deetta er sta\u00f0festing \u00e1 s\u00e1ttm\u00e1la okkar \u00ed milli. \u00deeir karlmenn sem ekki eru umskornir hafa rofi\u00f0 s\u00e1ttm\u00e1la okkar og skulu uppr\u00e6ttir \u00far \u00fej\u00f3\u00f0 sinni.<\/p>\n<p>Af \u00feessu m\u00e1 sj\u00e1 a\u00f0 <u>perraskapurinn<\/u> hefur byrja\u00f0 snemma, og samkv\u00e6mt \u00feessum s\u00e1ttm\u00e1la \u00e6tti \u00feessi umskur\u00f0ur a\u00f0 vera framkv\u00e6mdur enn.<\/p>\n<p>Eru \u00fe\u00e1 \u00feeir sem ekki eru umskornir \u00fatsk\u00fafa\u00f0ir ? A\u00f0 vera uppr\u00e6ttur \u00far \u00fej\u00f3\u00f0 sinni er \u00fea\u00f0 a\u00f0 vera l\u00edfl\u00e1tinn ?<\/p>\n<p><a href=\"http:\/\/www.korpulfar.is\/wp-content\/uploads\/2022\/02\/genesis-2-4.jpg\"><img decoding=\"async\" loading=\"lazy\" class=\"alignleft size-full wp-image-14942\" src=\"http:\/\/www.korpulfar.is\/wp-content\/uploads\/2022\/02\/genesis-2-4.jpg\" alt=\"\" width=\"143\" height=\"136\" \/><\/a><\/p>\n<p>\u00dea\u00f0 er skemmst fr\u00e1 a\u00f0 segja a\u00f0 \u00feegar \u00feeir f\u00e9lagar drottinn og Abraham h\u00f6f\u00f0u gert me\u00f0 s\u00e9r \u00feennan s\u00e1ttm\u00e1la, byrja\u00f0i Abraham a\u00f0 umskera alla karlmenn unga og gamla afkomendur sem keypta \u00fer\u00e6la og s\u00ed\u00f0ast sj\u00e1lfan sig. Hann var \u00fe\u00e1 <u>99<\/u> \u00e1ra gamall og \u00cdsmael sonur hans <u>13<\/u> \u00e1ra.<\/p>\n<p>N\u00fa segir drottinn vi\u00f0 Abraham. &#8220;\u00de\u00fa skalt ekki kalla konu \u00fe\u00edna Sara\u00ed heldur Sara. \u00c9g l\u00e6t \u00fatb\u00faa n\u00fdtt vegabr\u00e9f fyrir hana svo h\u00fan geti fer\u00f0ast um alla j\u00f6r\u00f0ina \u00fev\u00ed h\u00fan \u00e1 a\u00f0 ver\u00f0a m\u00f3\u00f0ir heilla \u00fej\u00f3\u00f0a.&#8221; &#8220;Hvernig m\u00e1 \u00fea\u00f0 n\u00fa vera ef h\u00fan er geld?&#8221; Ekki vissum vi\u00f0 a\u00f0 n\u00fdtt vegabr\u00e9f redda\u00f0i \u00fev\u00ed.&#8221; &#8221; \u00c9g l\u00e6t l\u00edka breyta skr\u00e1ningunni \u00ed \u00fej\u00f3\u00f0skr\u00e1nni.&#8221; &#8221; Ekki lagast neitt vi\u00f0 \u00fea\u00f0 segir Abraham.&#8221; &#8220;H\u00e6ttu \u00feessu n\u00f6ldri segir Gu\u00f0.&#8221;<\/p>\n<p>Hagar e\u00f0a Sara \u00fea\u00f0 getur <u>mislagst<\/u> e\u00f0a eitthva\u00f0 svolei\u00f0is \u00feegar skr\u00e1ningin er ger\u00f0. \u00dea\u00f0 m\u00e1 lei\u00f0a a\u00f0 \u00fev\u00ed l\u00edkum a\u00f0 drottinn hafi hugsa\u00f0 s\u00e9r a\u00f0 falsa skr\u00e1ningu afkomenda Hagar, og l\u00e1ta sem a\u00f0 \u00feeir v\u00e6ru afkomendur S\u00f6ru. Svo eru menn a\u00f0 <u>hneigslast<\/u> \u00fat \u00ed sm\u00e1 hli\u00f0run \u00e1 sannleikanum hj\u00e1 bankam\u00f6nnum sem lugu og prettu\u00f0u meira e\u00f0a minna alla <u>\u00edslendinga<\/u> h\u00e9r um \u00e1ri\u00f0.<\/p>\n","protected":false},"excerpt":{"rendered":"<p>\u00dea\u00f0 er af N\u00f3a a\u00f0 segja a\u00f0 hann ger\u00f0ist gar\u00f0yrkjub\u00f3ndi, planta\u00f0i v\u00ednvi\u00f0i og allskyns \u00e1vaxtatrj\u00e1m. Tali\u00f0 er a\u00f0 hann hafi fundi\u00f0 upp spelt-hveiti\u00f0. \u00deekktastur var hann fyrir v\u00ednger\u00f0 b\u00e6\u00f0i rau\u00f0, hv\u00edt og r\u00f3sa. &nbsp; &nbsp; &nbsp; Eitt sinn \u00feegar hann haf\u00f0i smakka\u00f0 helst til miki\u00f0 af v\u00ednum s\u00ednum, sofna\u00f0i hann \u00ed tjaldi s\u00ednu. \u00dea\u00f0 var alveg \u00f3vart. En hann haf\u00f0i<\/p>\n","protected":false},"author":2,"featured_media":0,"parent":0,"menu_order":0,"comment_status":"closed","ping_status":"closed","template":"","meta":[],"_links":{"self":[{"href":"https:\/\/korpulfar.is\/index.php?rest_route=\/wp\/v2\/pages\/14927"}],"collection":[{"href":"https:\/\/korpulfar.is\/index.php?rest_route=\/wp\/v2\/pages"}],"about":[{"href":"https:\/\/korpulfar.is\/index.php?rest_route=\/wp\/v2\/types\/page"}],"author":[{"embeddable":true,"href":"https:\/\/korpulfar.is\/index.php?rest_route=\/wp\/v2\/users\/2"}],"replies":[{"embeddable":true,"href":"https:\/\/korpulfar.is\/index.php?rest_route=%2Fwp%2Fv2%2Fcomments&post=14927"}],"version-history":[{"count":7,"href":"https:\/\/korpulfar.is\/index.php?rest_route=\/wp\/v2\/pages\/14927\/revisions"}],"predecessor-version":[{"id":14943,"href":"https:\/\/korpulfar.is\/index.php?rest_route=\/wp\/v2\/pages\/14927\/revisions\/14943"}],"wp:attachment":[{"href":"https:\/\/korpulfar.is\/index.php?rest_route=%2Fwp%2Fv2%2Fmedia&parent=14927"}],"curies":[{"name":"wp","href":"https:\/\/api.w.org\/{rel}","templated":true}]}}