{"id":14887,"date":"2022-01-17T21:33:10","date_gmt":"2022-01-17T21:33:10","guid":{"rendered":"https:\/\/www.korpulfar.is\/?page_id=14887"},"modified":"2022-01-17T21:33:10","modified_gmt":"2022-01-17T21:33:10","slug":"kvaedi-og-visur","status":"publish","type":"page","link":"https:\/\/korpulfar.is\/?page_id=14887","title":{"rendered":"kv\u00e6\u00f0i og v\u00edsur"},"content":{"rendered":"","protected":false},"excerpt":{"rendered":"","protected":false},"author":2,"featured_media":0,"parent":0,"menu_order":0,"comment_status":"closed","ping_status":"closed","template":"","meta":[],"_links":{"self":[{"href":"https:\/\/korpulfar.is\/index.php?rest_route=\/wp\/v2\/pages\/14887"}],"collection":[{"href":"https:\/\/korpulfar.is\/index.php?rest_route=\/wp\/v2\/pages"}],"about":[{"href":"https:\/\/korpulfar.is\/index.php?rest_route=\/wp\/v2\/types\/page"}],"author":[{"embeddable":true,"href":"https:\/\/korpulfar.is\/index.php?rest_route=\/wp\/v2\/users\/2"}],"replies":[{"embeddable":true,"href":"https:\/\/korpulfar.is\/index.php?rest_route=%2Fwp%2Fv2%2Fcomments&post=14887"}],"version-history":[{"count":1,"href":"https:\/\/korpulfar.is\/index.php?rest_route=\/wp\/v2\/pages\/14887\/revisions"}],"predecessor-version":[{"id":14888,"href":"https:\/\/korpulfar.is\/index.php?rest_route=\/wp\/v2\/pages\/14887\/revisions\/14888"}],"wp:attachment":[{"href":"https:\/\/korpulfar.is\/index.php?rest_route=%2Fwp%2Fv2%2Fmedia&parent=14887"}],"curies":[{"name":"wp","href":"https:\/\/api.w.org\/{rel}","templated":true}]}}