{"id":14711,"date":"2021-12-01T22:44:29","date_gmt":"2021-12-01T22:44:29","guid":{"rendered":"https:\/\/www.korpulfar.is\/?page_id=14711"},"modified":"2021-12-05T15:29:06","modified_gmt":"2021-12-05T15:29:06","slug":"grimsvotn-grimsey","status":"publish","type":"page","link":"https:\/\/korpulfar.is\/?page_id=14711","title":{"rendered":"Gr\u00edmsv\u00f6tn &#8211; Gr\u00edmsey"},"content":{"rendered":"<p>\u00dea\u00f0 var \u00e1ri\u00f0 1040 sem k\u00fa \u00ed eigu Sigur\u00f0ar \u00e1 Skri\u00f0u sem s\u00ed\u00f0ar f\u00e9kk nafni\u00f0 Skri\u00f0uklaustur \u00a0t\u00fdndist .K\u00fa \u00feessi \u00a0fannst svo sex \u00e1rum seinna, \u00fe\u00e1 \u00ed landi n\u00e1granna hans Indri\u00f0a \u00e1 Ei\u00f0um. K\u00fdrin var \u00fe\u00e1 \u00e1samt sex nautum \u00ed landi Ei\u00f0a.<\/p>\n<p>Indri\u00f0i\u00a0 ger\u00f0i n\u00fa kr\u00f6fu um a\u00f0 f\u00e1 hluta nautanna, en Sigur\u00f0ur sag\u00f0i honum a\u00f0 \u00e9ta sk\u00edt og hypja sig heim. Indri\u00f0i var\u00f0 \u00f3kv\u00e6\u00f0a vi\u00f0 og drap Sigur\u00f0.<\/p>\n<p>Indri\u00f0i borga\u00f0i svo fyrir hann b\u00e6tur og m\u00e1li\u00f0 var dautt.<\/p>\n<p>Sigur\u00f0ur \u00e1tti son sem h\u00e9t Gr\u00edmur. \u00c1rin li\u00f0u og Gr\u00edmur \u00f3x \u00far rasi r\u00e9tt eins og gerist og gengur. Einhverju sinni var f\u00f3stra hans var a\u00f0 jagast \u00ed honum \u00fat af \u00fev\u00ed a\u00f0 hann pissa\u00f0i \u00fatfyrir \u00e1 kamrinum. Gr\u00edmur bara br\u00faka\u00f0i munn og sag\u00f0i a\u00f0 henni\u00a0 k\u00e6mi bara ekkert vi\u00f0 hvernig hann migi og hvar. Kerlingin br\u00e1st \u00f3kv\u00e6\u00f0a vi\u00f0 og sag\u00f0i a\u00f0 ekki v\u00e6ri mannd\u00f3murinn mikill, \u00fear sem Gr\u00edmur hef\u00f0i ekki hefnt fyrir dr\u00e1pi\u00f0 \u00e1 f\u00f6\u00f0ur s\u00ednum. F\u00f3stri Gr\u00edms hvatti hann til hefnda og gaf honum nafni\u00f0 Vestfjar\u00f0a-Gr\u00edmur.<\/p>\n<p>Indri\u00f0i \u00e1 Ei\u00f0um f\u00e9kk nj\u00f3sn af \u00fev\u00ed a\u00f0 Gr\u00edmur v\u00e6ri \u00ed hefndarhug og \u00e1 lei\u00f0 a\u00f0 Ei\u00f0um til a\u00f0 hefna f\u00f6\u00f0ur s\u00edns. Til a\u00f0 villa um fyrir Gr\u00edmi sefur Indri\u00f0i upp vi\u00f0 vegg fyrir ofan konu s\u00edna og hefur kvenmanns h\u00e1rkollu \u00e1 hausnum.<\/p>\n<p>Gr\u00edmur hefur nj\u00f3sn af \u00feessu\u00a0 og n\u00f3tt eina kemur Gr\u00edmur og drepur Indri\u00f0a. Gr\u00edmur kemst undan \u00e1 fl\u00f3tta og fer nor\u00f0ur \u00ed land, \u00fear sem hann leynist hj\u00e1 ekkju mokkurri. Ekkja \u00feessi er fj\u00f6lkunnug og sumir t\u00f6ldu hana g\u00f6ldr\u00f3tta, r\u00e1\u00f0leggur h\u00fan Grimi a\u00f0 leita \u00ed landsu\u00f0ur til vatna sem \u00fear v\u00e6ru og s\u00ed\u00f0an til Ing\u00f3lfsh\u00f6f\u00f0a og n\u00e1 \u00fear skipi til \u00fatlanda. Enda vissi h\u00fan a\u00f0 Helgi br\u00f3\u00f0ir Indri\u00f0a leita\u00f0i eftir hefndum fyrir Indri\u00f0a.<a href=\"http:\/\/www.korpulfar.is\/wp-content\/uploads\/2021\/12\/Screenshot-2021-12-05-at-15.23.01-1.png\"><img decoding=\"async\" loading=\"lazy\" class=\"alignleft size-full wp-image-14727\" src=\"http:\/\/www.korpulfar.is\/wp-content\/uploads\/2021\/12\/Screenshot-2021-12-05-at-15.23.01-1.png\" alt=\"\" width=\"182\" height=\"93\" \/><\/a><\/p>\n<p>Gr\u00edmur fer a\u00f0 hennar r\u00e1\u00f0um. F\u00f3r svo a\u00f0 hann bygg\u00f0i s\u00e9r laufsk\u00e1la \u00far sk\u00f3gi sem \u00fear var n\u00f3gur vi\u00f0 v\u00f6tnin. \u00a0Veiddi hann fisk \u00far v\u00f6tnunum s\u00e9r til matar.<\/p>\n<p>N\u00fa ske\u00f0ur \u00fea\u00f0 a\u00f0 fiskur sem Gr\u00edmur vei\u00f0ir yfir daginn hverfur \u00e1 n\u00f3ttunni. \u00deetta l\u00edkar Gr\u00edmi ekki og tekur til \u00feess r\u00e1\u00f0s a\u00f0 vaka \u00a0n\u00f3tt eina. S\u00e9r hann \u00fe\u00e1 a\u00f0 risi nokkur sem h\u00e9t Hallmundur tekur fiskinn og fer me\u00f0 hann. Gr\u00edmur fylgir honum eftir og kastar spj\u00f3ti s\u00ednu \u00ed bak risans. Risinn Hallmundur heldur f\u00f6r sinni \u00e1fram me\u00f0 spj\u00f3ti\u00f0 \u00ed bakinu allt \u00fear til hann kemur \u00ed helli \u00feann sem hann bj\u00f3 \u00ed \u00e1samt d\u00f3ttur sinni. \u00dear er fyrir d\u00f3ttir hans og tekur hann lofor\u00f0 af henni a\u00f0 h\u00fan grafi sig \u00fear \u00ed hellinum eftir sinn dag. S\u00ed\u00f0an hn\u00edgur hann ni\u00f0ur og er dau\u00f0ur. \u00deetta allt s\u00e1 og heyr\u00f0i Gr\u00edmur \u00fear sem hann haf\u00f0i fylgt \u00e1 eftir Hallmundi risa.<\/p>\n<p>D\u00f3ttir risans grefur n\u00fa f\u00f6\u00f0ur sinn Hallmund, en haf\u00f0i ekki afl til a\u00f0 taka n\u00f3gu st\u00f3ra gr\u00f6f.<\/p>\n<p>Um n\u00f3ttina \u00e1 eftir gengur risinn Hallmundur aftur og r\u00e6\u00f0st gegn Gr\u00edmi, en Gr\u00edmur hefur betur. Um morguninn fer Gr\u00edmur \u00ed hellinn og grefur risann upp og brennir leifar hans. \u00a0D\u00f3ttir risans gerir engar athugasemdir vi\u00f0 \u00feessa gj\u00f6r\u00f0 Gr\u00edms, en m\u00e6lti svo a\u00f0 v\u00f6tn \u00feessi skyldu \u00e1 \u00fdmsum t\u00edmum loga og brenna og ey\u00f0a \u00f6llum gr\u00f3\u00f0ri umkringis sig.<\/p>\n<p>N\u00fa taka \u00feau Gr\u00edmur og d\u00f3ttir risans \u00f6ll ver\u00f0m\u00e6ti \u00a0sem voru \u00ed hellinum og halda til Ing\u00f3lfsh\u00f6f\u00f0a, \u00fear sem Gr\u00edmur f\u00f3r \u00e1 skip \u00far landi. A\u00f0 skilna\u00f0i gaf d\u00f3ttir risans Gr\u00edmi a\u00f0 gj\u00f6f belti sem var me\u00f0 \u00feeim undrum a\u00f0 s\u00e1 sem girti sig \u00fev\u00ed, gat ekki elska\u00f0 a\u00f0ra konu en sig.<\/p>\n<p>Gr\u00edmur h\u00e9lt n\u00fa til Noregs,\u00a0 til vistar hj\u00e1 Haraldi konungi Sigur\u00f0ssyni.\u00a0 \u00deegar l\u00ed\u00f0a t\u00f3k a\u00f0 j\u00f3lum kl\u00e6ddist Gr\u00edmur beltinu. \u00de\u00e1 \u00feegar f\u00f3r honum a\u00f0 l\u00ed\u00f0a illa. Spur\u00f0i konungur hverju \u00feetta s\u00e6tti, og sag\u00f0i Gr\u00edmur honum s\u00f6gu s\u00edna. Haraldur gaf Gr\u00edmi skip og ba\u00f0 hann s\u00e6kja konuna til \u00cdslands. Gr\u00edmur tekur land vi\u00f0 Ing\u00f3lfsh\u00f6f\u00f0a og fer \u00feegar \u00ed sta\u00f0 til Gr\u00edmsvatna. \u00dear hittir hann d\u00f3ttur risans \u00e1samt sveinbarni sem var \u00e1v\u00f6xtur samveru \u00feeirra vi\u00f0 Gr\u00edmsv\u00f6tn.<\/p>\n<p>Halda \u00feau n\u00fa til Noregs \u00fear sem\u00a0 \u00feau taka kristna tr\u00fa og sk\u00edrn \u00f6ll \u00ferj\u00fa.<\/p>\n<p>Eftir nokkurra vetra dv\u00f6l \u00ed Noregi langa\u00f0i Gr\u00edm a\u00f0 fara aftur til \u00cdslands. \u00deau sigldu nor\u00f0ur til \u00cdslands og t\u00f3ku land \u00e1 eyju fyrir nor\u00f0an landi\u00f0. \u00dear voru fyrir risar e\u00f0a bjargb\u00faar sem Gr\u00edmur \u00fdmist rak burtu e\u00f0a drap, og hreinsa\u00f0i \u00a0\u00feannig eyjuna. \u00de\u00e1 bygg\u00f0i hann s\u00e9r b\u00fa \u00fear.\u00a0 Er \u00e6tt Gr\u00edms a\u00f0 finna \u00ed eyjunni sem n\u00fa heitir Gr\u00edmsey.<\/p>\n<p>\u00ddmsir fr\u00e6\u00f0imenn halda a\u00f0 \u00feetta s\u00e9 einhver \u00fej\u00f3\u00f0saga og nafni\u00f0 \u201eGrim\u201c s\u00e9 \u00far fornensku og merki draugur. Sumir benda \u00e1 a\u00f0 Gr\u00edmur s\u00e9 eitt af n\u00f6fnum \u00d3\u00f0ins.<\/p>\n<p>Enn a\u00f0rir a\u00f0 \u00feetta s\u00e9 \u00far norsku \u00fear sem Grim \u00fe\u00fd\u00f0i v\u00e6ttir og \u00fev\u00ed Gr\u00edmsv\u00f6tn \u00fe\u00fd\u00f0i \u00ed raun v\u00e6ttav\u00f6tn.<\/p>\n<p>Ein kenningin er a\u00f0 gr\u00edm \u00fe\u00fd\u00f0i d\u00f6kkur. D\u00f6kkir b\u00f3lstrar st\u00edga upp af v\u00f6tnunum. Svartir klettaveggir \u00ed Gr\u00edmsfjalli og svo framvegis.<\/p>\n<p>\u00dea\u00f0 er bara ekki eins skemmtilegt og sagan \u00e1 Vestfjar\u00f0ar-Gr\u00edmi, \u00f3nei,\u00f3nei, \u00e9g meina \u00fea\u00f0 bara.<a href=\"http:\/\/www.korpulfar.is\/wp-content\/uploads\/2021\/12\/Screenshot-2021-12-05-at-15.24.09.png\"><img decoding=\"async\" loading=\"lazy\" class=\"alignleft  wp-image-14728\" src=\"http:\/\/www.korpulfar.is\/wp-content\/uploads\/2021\/12\/Screenshot-2021-12-05-at-15.24.09.png\" alt=\"\" width=\"317\" height=\"218\" srcset=\"http:\/\/www.korpulfar.is\/wp-content\/uploads\/2021\/12\/Screenshot-2021-12-05-at-15.24.09.png 476w, http:\/\/www.korpulfar.is\/wp-content\/uploads\/2021\/12\/Screenshot-2021-12-05-at-15.24.09-300x206.png 300w\" sizes=\"(max-width: 317px) 100vw, 317px\" \/><\/a><\/p>\n<p>&nbsp;<\/p>\n<p>&nbsp;<\/p>\n","protected":false},"excerpt":{"rendered":"<p>\u00dea\u00f0 var \u00e1ri\u00f0 1040 sem k\u00fa \u00ed eigu Sigur\u00f0ar \u00e1 Skri\u00f0u sem s\u00ed\u00f0ar f\u00e9kk nafni\u00f0 Skri\u00f0uklaustur \u00a0t\u00fdndist .K\u00fa \u00feessi \u00a0fannst svo sex \u00e1rum seinna, \u00fe\u00e1 \u00ed landi n\u00e1granna hans Indri\u00f0a \u00e1 Ei\u00f0um. K\u00fdrin var \u00fe\u00e1 \u00e1samt sex nautum \u00ed landi Ei\u00f0a. Indri\u00f0i\u00a0 ger\u00f0i n\u00fa kr\u00f6fu um a\u00f0 f\u00e1 hluta nautanna, en Sigur\u00f0ur sag\u00f0i honum a\u00f0 \u00e9ta sk\u00edt og hypja sig<\/p>\n","protected":false},"author":2,"featured_media":0,"parent":0,"menu_order":0,"comment_status":"closed","ping_status":"closed","template":"","meta":[],"_links":{"self":[{"href":"https:\/\/korpulfar.is\/index.php?rest_route=\/wp\/v2\/pages\/14711"}],"collection":[{"href":"https:\/\/korpulfar.is\/index.php?rest_route=\/wp\/v2\/pages"}],"about":[{"href":"https:\/\/korpulfar.is\/index.php?rest_route=\/wp\/v2\/types\/page"}],"author":[{"embeddable":true,"href":"https:\/\/korpulfar.is\/index.php?rest_route=\/wp\/v2\/users\/2"}],"replies":[{"embeddable":true,"href":"https:\/\/korpulfar.is\/index.php?rest_route=%2Fwp%2Fv2%2Fcomments&post=14711"}],"version-history":[{"count":4,"href":"https:\/\/korpulfar.is\/index.php?rest_route=\/wp\/v2\/pages\/14711\/revisions"}],"predecessor-version":[{"id":14729,"href":"https:\/\/korpulfar.is\/index.php?rest_route=\/wp\/v2\/pages\/14711\/revisions\/14729"}],"wp:attachment":[{"href":"https:\/\/korpulfar.is\/index.php?rest_route=%2Fwp%2Fv2%2Fmedia&parent=14711"}],"curies":[{"name":"wp","href":"https:\/\/api.w.org\/{rel}","templated":true}]}}