{"id":14595,"date":"2021-11-10T16:44:39","date_gmt":"2021-11-10T16:44:39","guid":{"rendered":"http:\/\/www.korpulfar.is\/?page_id=14595"},"modified":"2021-11-28T16:59:31","modified_gmt":"2021-11-28T16:59:31","slug":"smasogur-og-hugleidingar","status":"publish","type":"page","link":"https:\/\/korpulfar.is\/?page_id=14595","title":{"rendered":"Sm\u00e1s\u00f6gur og huglei\u00f0ingar"},"content":{"rendered":"","protected":false},"excerpt":{"rendered":"","protected":false},"author":1,"featured_media":0,"parent":0,"menu_order":0,"comment_status":"closed","ping_status":"closed","template":"","meta":[],"_links":{"self":[{"href":"https:\/\/korpulfar.is\/index.php?rest_route=\/wp\/v2\/pages\/14595"}],"collection":[{"href":"https:\/\/korpulfar.is\/index.php?rest_route=\/wp\/v2\/pages"}],"about":[{"href":"https:\/\/korpulfar.is\/index.php?rest_route=\/wp\/v2\/types\/page"}],"author":[{"embeddable":true,"href":"https:\/\/korpulfar.is\/index.php?rest_route=\/wp\/v2\/users\/1"}],"replies":[{"embeddable":true,"href":"https:\/\/korpulfar.is\/index.php?rest_route=%2Fwp%2Fv2%2Fcomments&post=14595"}],"version-history":[{"count":1,"href":"https:\/\/korpulfar.is\/index.php?rest_route=\/wp\/v2\/pages\/14595\/revisions"}],"predecessor-version":[{"id":14596,"href":"https:\/\/korpulfar.is\/index.php?rest_route=\/wp\/v2\/pages\/14595\/revisions\/14596"}],"wp:attachment":[{"href":"https:\/\/korpulfar.is\/index.php?rest_route=%2Fwp%2Fv2%2Fmedia&parent=14595"}],"curies":[{"name":"wp","href":"https:\/\/api.w.org\/{rel}","templated":true}]}}