{"id":15434,"date":"2022-03-28T22:31:17","date_gmt":"2022-03-28T22:31:17","guid":{"rendered":"https:\/\/www.korpulfar.is\/?page_id=15434"},"modified":"2022-03-28T22:31:17","modified_gmt":"2022-03-28T22:31:17","slug":"vaendi","status":"publish","type":"page","link":"http:\/\/korpulfar.is\/?page_id=15434","title":{"rendered":"V\u00e6ndi"},"content":{"rendered":"<p><strong><em>V\u00e6ndi<\/em><\/strong><\/p>\n<p>&nbsp;<\/p>\n<p>V\u00e6ndi er leyft<\/p>\n<p>v\u00e6ndi er banna\u00f0<\/p>\n<p>v\u00e6ndi m\u00e1 selja<\/p>\n<p>v\u00e6ndi m\u00e1 ekki kaupa<\/p>\n<p>Bjarni vill v\u00e6ndi<\/p>\n<p>Sigmundur vill v\u00e6ndi<\/p>\n<p>stj\u00f3rnm\u00e1l er v\u00e6ndi<\/p>\n<p>hlutleysi er v\u00e6ndi<\/p>\n<p>okurl\u00e1n er v\u00e6ndi<\/p>\n<p>okurl\u00e1n er leyft<\/p>\n<p>okurl\u00e1n er g\u00f6fugt<\/p>\n<p>okur er t\u00e6r snilld.<\/p>\n","protected":false},"excerpt":{"rendered":"<p>V\u00e6ndi &nbsp; V\u00e6ndi er leyft v\u00e6ndi er banna\u00f0 v\u00e6ndi m\u00e1 selja v\u00e6ndi m\u00e1 ekki kaupa Bjarni vill v\u00e6ndi Sigmundur vill v\u00e6ndi stj\u00f3rnm\u00e1l er v\u00e6ndi hlutleysi er v\u00e6ndi okurl\u00e1n er v\u00e6ndi okurl\u00e1n er leyft okurl\u00e1n er g\u00f6fugt okur er t\u00e6r snilld.<\/p>\n","protected":false},"author":2,"featured_media":0,"parent":0,"menu_order":0,"comment_status":"closed","ping_status":"closed","template":"","meta":[],"_links":{"self":[{"href":"http:\/\/korpulfar.is\/index.php?rest_route=\/wp\/v2\/pages\/15434"}],"collection":[{"href":"http:\/\/korpulfar.is\/index.php?rest_route=\/wp\/v2\/pages"}],"about":[{"href":"http:\/\/korpulfar.is\/index.php?rest_route=\/wp\/v2\/types\/page"}],"author":[{"embeddable":true,"href":"http:\/\/korpulfar.is\/index.php?rest_route=\/wp\/v2\/users\/2"}],"replies":[{"embeddable":true,"href":"http:\/\/korpulfar.is\/index.php?rest_route=%2Fwp%2Fv2%2Fcomments&post=15434"}],"version-history":[{"count":1,"href":"http:\/\/korpulfar.is\/index.php?rest_route=\/wp\/v2\/pages\/15434\/revisions"}],"predecessor-version":[{"id":15435,"href":"http:\/\/korpulfar.is\/index.php?rest_route=\/wp\/v2\/pages\/15434\/revisions\/15435"}],"wp:attachment":[{"href":"http:\/\/korpulfar.is\/index.php?rest_route=%2Fwp%2Fv2%2Fmedia&parent=15434"}],"curies":[{"name":"wp","href":"https:\/\/api.w.org\/{rel}","templated":true}]}}