{"id":15427,"date":"2022-03-28T22:18:25","date_gmt":"2022-03-28T22:18:25","guid":{"rendered":"https:\/\/www.korpulfar.is\/?page_id=15427"},"modified":"2022-03-28T22:18:25","modified_gmt":"2022-03-28T22:18:25","slug":"timinn-2","status":"publish","type":"page","link":"http:\/\/korpulfar.is\/?page_id=15427","title":{"rendered":"T\u00edminn"},"content":{"rendered":"<p><strong><em>T\u00cdMINN<\/em><\/strong><\/p>\n<p>&nbsp;<\/p>\n<p>\u00c9g hef n\u00e6stum allan t\u00edmann<\/p>\n<p>n\u00fa l\u00ed\u00f0ur a\u00f0 fundi okkar<\/p>\n<p>ekki \u00fearf a\u00f0 panta t\u00edma<\/p>\n<p>bara m\u00e6ta<\/p>\n<p>\u00deegar \u00fe\u00fa kemur \u00ed stofuna<\/p>\n<p>ver\u00f0 \u00e9g \u00fear fyrir \u00feig<\/p>\n<p>minnkum bili\u00f0<\/p>\n<p>milli okkar<\/p>\n<p>Alla vakir yfir okkur.<\/p>\n","protected":false},"excerpt":{"rendered":"<p>T\u00cdMINN &nbsp; \u00c9g hef n\u00e6stum allan t\u00edmann n\u00fa l\u00ed\u00f0ur a\u00f0 fundi okkar ekki \u00fearf a\u00f0 panta t\u00edma bara m\u00e6ta \u00deegar \u00fe\u00fa kemur \u00ed stofuna ver\u00f0 \u00e9g \u00fear fyrir \u00feig minnkum bili\u00f0 milli okkar Alla vakir yfir okkur.<\/p>\n","protected":false},"author":2,"featured_media":0,"parent":0,"menu_order":0,"comment_status":"closed","ping_status":"closed","template":"","meta":[],"_links":{"self":[{"href":"http:\/\/korpulfar.is\/index.php?rest_route=\/wp\/v2\/pages\/15427"}],"collection":[{"href":"http:\/\/korpulfar.is\/index.php?rest_route=\/wp\/v2\/pages"}],"about":[{"href":"http:\/\/korpulfar.is\/index.php?rest_route=\/wp\/v2\/types\/page"}],"author":[{"embeddable":true,"href":"http:\/\/korpulfar.is\/index.php?rest_route=\/wp\/v2\/users\/2"}],"replies":[{"embeddable":true,"href":"http:\/\/korpulfar.is\/index.php?rest_route=%2Fwp%2Fv2%2Fcomments&post=15427"}],"version-history":[{"count":1,"href":"http:\/\/korpulfar.is\/index.php?rest_route=\/wp\/v2\/pages\/15427\/revisions"}],"predecessor-version":[{"id":15428,"href":"http:\/\/korpulfar.is\/index.php?rest_route=\/wp\/v2\/pages\/15427\/revisions\/15428"}],"wp:attachment":[{"href":"http:\/\/korpulfar.is\/index.php?rest_route=%2Fwp%2Fv2%2Fmedia&parent=15427"}],"curies":[{"name":"wp","href":"https:\/\/api.w.org\/{rel}","templated":true}]}}