{"id":15417,"date":"2022-03-28T22:07:30","date_gmt":"2022-03-28T22:07:30","guid":{"rendered":"https:\/\/www.korpulfar.is\/?page_id=15417"},"modified":"2022-03-28T22:07:30","modified_gmt":"2022-03-28T22:07:30","slug":"sukk","status":"publish","type":"page","link":"http:\/\/korpulfar.is\/?page_id=15417","title":{"rendered":"Sukk"},"content":{"rendered":"<p><strong><em>SUKK<\/em><\/strong><\/p>\n<p>&nbsp;<\/p>\n<p>Sukk \u00ed dag<\/p>\n<p>sukk \u00e1 morgunn<\/p>\n<p>sukk hinn daginn<\/p>\n<p>sukk alla daga<\/p>\n<p>sukk er allsta\u00f0ar<\/p>\n<p>sukki\u00f0 r\u00e6\u00f0ur<\/p>\n<p>sukki\u00f0 er endalaust<\/p>\n<p>sukki\u00f0 deyfir<\/p>\n<p>sukki\u00f0 mei\u00f0ir<\/p>\n<p>sukki\u00f0 drepur<\/p>\n<p>sukk sukk sukk<\/p>\n","protected":false},"excerpt":{"rendered":"<p>SUKK &nbsp; Sukk \u00ed dag sukk \u00e1 morgunn sukk hinn daginn sukk alla daga sukk er allsta\u00f0ar sukki\u00f0 r\u00e6\u00f0ur sukki\u00f0 er endalaust sukki\u00f0 deyfir sukki\u00f0 mei\u00f0ir sukki\u00f0 drepur sukk sukk sukk<\/p>\n","protected":false},"author":2,"featured_media":0,"parent":0,"menu_order":0,"comment_status":"closed","ping_status":"closed","template":"","meta":[],"_links":{"self":[{"href":"http:\/\/korpulfar.is\/index.php?rest_route=\/wp\/v2\/pages\/15417"}],"collection":[{"href":"http:\/\/korpulfar.is\/index.php?rest_route=\/wp\/v2\/pages"}],"about":[{"href":"http:\/\/korpulfar.is\/index.php?rest_route=\/wp\/v2\/types\/page"}],"author":[{"embeddable":true,"href":"http:\/\/korpulfar.is\/index.php?rest_route=\/wp\/v2\/users\/2"}],"replies":[{"embeddable":true,"href":"http:\/\/korpulfar.is\/index.php?rest_route=%2Fwp%2Fv2%2Fcomments&post=15417"}],"version-history":[{"count":1,"href":"http:\/\/korpulfar.is\/index.php?rest_route=\/wp\/v2\/pages\/15417\/revisions"}],"predecessor-version":[{"id":15418,"href":"http:\/\/korpulfar.is\/index.php?rest_route=\/wp\/v2\/pages\/15417\/revisions\/15418"}],"wp:attachment":[{"href":"http:\/\/korpulfar.is\/index.php?rest_route=%2Fwp%2Fv2%2Fmedia&parent=15417"}],"curies":[{"name":"wp","href":"https:\/\/api.w.org\/{rel}","templated":true}]}}