{"id":15411,"date":"2022-03-27T11:31:38","date_gmt":"2022-03-27T11:31:38","guid":{"rendered":"https:\/\/www.korpulfar.is\/?page_id=15411"},"modified":"2022-03-27T11:31:38","modified_gmt":"2022-03-27T11:31:38","slug":"sagan","status":"publish","type":"page","link":"http:\/\/korpulfar.is\/?page_id=15411","title":{"rendered":"Sagan"},"content":{"rendered":"<p><strong><em>SAGAN<\/em><\/strong><\/p>\n<p>&nbsp;<\/p>\n<p>Sagan er kvik<\/p>\n<p>sagan er \u00f3r\u00e6\u00f0<\/p>\n<p>sagan er villandi<\/p>\n<p>sagan er dularfull<\/p>\n<p>sagan er s\u00e1r<\/p>\n<p>sagan er lj\u00faf<\/p>\n<p>sagan er falleg<\/p>\n<p>sagan er lj\u00f3t<\/p>\n<p>sagan er nakin<\/p>\n<p>sagan er fokking shitt<\/p>\n<p>&nbsp;<\/p>\n","protected":false},"excerpt":{"rendered":"<p>SAGAN &nbsp; Sagan er kvik sagan er \u00f3r\u00e6\u00f0 sagan er villandi sagan er dularfull sagan er s\u00e1r sagan er lj\u00faf sagan er falleg sagan er lj\u00f3t sagan er nakin sagan er fokking shitt &nbsp;<\/p>\n","protected":false},"author":2,"featured_media":0,"parent":0,"menu_order":0,"comment_status":"closed","ping_status":"closed","template":"","meta":[],"_links":{"self":[{"href":"http:\/\/korpulfar.is\/index.php?rest_route=\/wp\/v2\/pages\/15411"}],"collection":[{"href":"http:\/\/korpulfar.is\/index.php?rest_route=\/wp\/v2\/pages"}],"about":[{"href":"http:\/\/korpulfar.is\/index.php?rest_route=\/wp\/v2\/types\/page"}],"author":[{"embeddable":true,"href":"http:\/\/korpulfar.is\/index.php?rest_route=\/wp\/v2\/users\/2"}],"replies":[{"embeddable":true,"href":"http:\/\/korpulfar.is\/index.php?rest_route=%2Fwp%2Fv2%2Fcomments&post=15411"}],"version-history":[{"count":1,"href":"http:\/\/korpulfar.is\/index.php?rest_route=\/wp\/v2\/pages\/15411\/revisions"}],"predecessor-version":[{"id":15412,"href":"http:\/\/korpulfar.is\/index.php?rest_route=\/wp\/v2\/pages\/15411\/revisions\/15412"}],"wp:attachment":[{"href":"http:\/\/korpulfar.is\/index.php?rest_route=%2Fwp%2Fv2%2Fmedia&parent=15411"}],"curies":[{"name":"wp","href":"https:\/\/api.w.org\/{rel}","templated":true}]}}