{"id":15402,"date":"2022-03-27T11:08:01","date_gmt":"2022-03-27T11:08:01","guid":{"rendered":"https:\/\/www.korpulfar.is\/?page_id=15402"},"modified":"2022-03-27T11:08:01","modified_gmt":"2022-03-27T11:08:01","slug":"laesi","status":"publish","type":"page","link":"http:\/\/korpulfar.is\/?page_id=15402","title":{"rendered":"L\u00e6si"},"content":{"rendered":"<p><strong><em>L\u00c6SI<\/em><\/strong><\/p>\n<p>&nbsp;<\/p>\n<p>Fruml\u00e6si er vond<\/p>\n<p>fruml\u00e6si er g\u00f3\u00f0<\/p>\n<p>\u00f3fruml\u00e6si er betri<\/p>\n<p>Litla gula h\u00e6nan fann fr\u00e6<\/p>\n<p>Litla gula h\u00e6nan l\u00e6r\u00f0i a\u00f0 lesa<\/p>\n<p>\u00fea\u00f0 var fruml\u00e6si \u00feess t\u00edma<\/p>\n<p>n\u00fa er fruml\u00e6si \u00ed \u00feokunni<\/p>\n<p>enginn veit hvernig h\u00fan l\u00edtur \u00fat<\/p>\n<p>l\u00e6si var \u00ed jakkaf\u00f6tum<\/p>\n<p>n\u00fa er l\u00e6si \u00ed pilsi.<\/p>\n<p>&nbsp;<\/p>\n","protected":false},"excerpt":{"rendered":"<p>L\u00c6SI &nbsp; Fruml\u00e6si er vond fruml\u00e6si er g\u00f3\u00f0 \u00f3fruml\u00e6si er betri Litla gula h\u00e6nan fann fr\u00e6 Litla gula h\u00e6nan l\u00e6r\u00f0i a\u00f0 lesa \u00fea\u00f0 var fruml\u00e6si \u00feess t\u00edma n\u00fa er fruml\u00e6si \u00ed \u00feokunni enginn veit hvernig h\u00fan l\u00edtur \u00fat l\u00e6si var \u00ed jakkaf\u00f6tum n\u00fa er l\u00e6si \u00ed pilsi. &nbsp;<\/p>\n","protected":false},"author":2,"featured_media":0,"parent":0,"menu_order":0,"comment_status":"closed","ping_status":"closed","template":"","meta":[],"_links":{"self":[{"href":"http:\/\/korpulfar.is\/index.php?rest_route=\/wp\/v2\/pages\/15402"}],"collection":[{"href":"http:\/\/korpulfar.is\/index.php?rest_route=\/wp\/v2\/pages"}],"about":[{"href":"http:\/\/korpulfar.is\/index.php?rest_route=\/wp\/v2\/types\/page"}],"author":[{"embeddable":true,"href":"http:\/\/korpulfar.is\/index.php?rest_route=\/wp\/v2\/users\/2"}],"replies":[{"embeddable":true,"href":"http:\/\/korpulfar.is\/index.php?rest_route=%2Fwp%2Fv2%2Fcomments&post=15402"}],"version-history":[{"count":1,"href":"http:\/\/korpulfar.is\/index.php?rest_route=\/wp\/v2\/pages\/15402\/revisions"}],"predecessor-version":[{"id":15403,"href":"http:\/\/korpulfar.is\/index.php?rest_route=\/wp\/v2\/pages\/15402\/revisions\/15403"}],"wp:attachment":[{"href":"http:\/\/korpulfar.is\/index.php?rest_route=%2Fwp%2Fv2%2Fmedia&parent=15402"}],"curies":[{"name":"wp","href":"https:\/\/api.w.org\/{rel}","templated":true}]}}