{"id":15391,"date":"2022-03-27T10:53:00","date_gmt":"2022-03-27T10:53:00","guid":{"rendered":"https:\/\/www.korpulfar.is\/?page_id=15391"},"modified":"2022-03-27T10:53:00","modified_gmt":"2022-03-27T10:53:00","slug":"list","status":"publish","type":"page","link":"http:\/\/korpulfar.is\/?page_id=15391","title":{"rendered":"List"},"content":{"rendered":"<p><strong><em>LIST <\/em><\/strong><\/p>\n<p>&nbsp;<\/p>\n<p>Forlj\u00f3tir sp\u00fdtukubbar er list<\/p>\n<p>slettur \u00e1 striga er list<\/p>\n<p>rifnir d\u00fakar er list<\/p>\n<p>bull er list<\/p>\n<p>upplitu\u00f0 gluggatj\u00f6ld er list<\/p>\n<p>ry\u00f0ga\u00f0ar d\u00f3sir er list<\/p>\n<p>k\u00falupennar og naglar er list<\/p>\n<p>mygla\u00f0 fansbrau\u00f0 er list<\/p>\n<p>\u00faldin k\u00e6fa er list<\/p>\n<p>s\u00far kj\u00f6ts\u00fapa er list<\/p>\n<p>&nbsp;<\/p>\n","protected":false},"excerpt":{"rendered":"<p>LIST &nbsp; Forlj\u00f3tir sp\u00fdtukubbar er list slettur \u00e1 striga er list rifnir d\u00fakar er list bull er list upplitu\u00f0 gluggatj\u00f6ld er list ry\u00f0ga\u00f0ar d\u00f3sir er list k\u00falupennar og naglar er list mygla\u00f0 fansbrau\u00f0 er list \u00faldin k\u00e6fa er list s\u00far kj\u00f6ts\u00fapa er list &nbsp;<\/p>\n","protected":false},"author":2,"featured_media":0,"parent":0,"menu_order":0,"comment_status":"closed","ping_status":"closed","template":"","meta":[],"_links":{"self":[{"href":"http:\/\/korpulfar.is\/index.php?rest_route=\/wp\/v2\/pages\/15391"}],"collection":[{"href":"http:\/\/korpulfar.is\/index.php?rest_route=\/wp\/v2\/pages"}],"about":[{"href":"http:\/\/korpulfar.is\/index.php?rest_route=\/wp\/v2\/types\/page"}],"author":[{"embeddable":true,"href":"http:\/\/korpulfar.is\/index.php?rest_route=\/wp\/v2\/users\/2"}],"replies":[{"embeddable":true,"href":"http:\/\/korpulfar.is\/index.php?rest_route=%2Fwp%2Fv2%2Fcomments&post=15391"}],"version-history":[{"count":1,"href":"http:\/\/korpulfar.is\/index.php?rest_route=\/wp\/v2\/pages\/15391\/revisions"}],"predecessor-version":[{"id":15392,"href":"http:\/\/korpulfar.is\/index.php?rest_route=\/wp\/v2\/pages\/15391\/revisions\/15392"}],"wp:attachment":[{"href":"http:\/\/korpulfar.is\/index.php?rest_route=%2Fwp%2Fv2%2Fmedia&parent=15391"}],"curies":[{"name":"wp","href":"https:\/\/api.w.org\/{rel}","templated":true}]}}