{"id":15382,"date":"2022-03-26T17:56:41","date_gmt":"2022-03-26T17:56:41","guid":{"rendered":"https:\/\/www.korpulfar.is\/?page_id=15382"},"modified":"2022-03-26T17:56:41","modified_gmt":"2022-03-26T17:56:41","slug":"hrunid","status":"publish","type":"page","link":"http:\/\/korpulfar.is\/?page_id=15382","title":{"rendered":"Hruni\u00f0"},"content":{"rendered":"<p><strong><em>&nbsp;&nbsp;&nbsp;&nbsp; HRUNI\u00d0<\/em><\/strong><\/p>\n<p>&nbsp;<\/p>\n<p>Hruni\u00f0 eru gl\u00f6tu\u00f0 gildi<\/p>\n<p>gildi sem hafa gleymst<\/p>\n<p>gildi \u00e1 hvolfi<\/p>\n<p>gildi \u00ed spegli<\/p>\n<p>gildi sem \u00fe\u00fa h\u00e9lst<\/p>\n<p>a\u00f0 hef\u00f0u eitthva\u00f0 gildi<\/p>\n<p>gildismat \u00feitt er<\/p>\n<p>broti\u00f0 og brengla\u00f0<\/p>\n<p>gl\u00f6tu\u00f0 gildi er hrun<\/p>\n<p>&nbsp;<\/p>\n","protected":false},"excerpt":{"rendered":"<p>&nbsp;&nbsp;&nbsp;&nbsp; HRUNI\u00d0 &nbsp; Hruni\u00f0 eru gl\u00f6tu\u00f0 gildi gildi sem hafa gleymst gildi \u00e1 hvolfi gildi \u00ed spegli gildi sem \u00fe\u00fa h\u00e9lst a\u00f0 hef\u00f0u eitthva\u00f0 gildi gildismat \u00feitt er broti\u00f0 og brengla\u00f0 gl\u00f6tu\u00f0 gildi er hrun &nbsp;<\/p>\n","protected":false},"author":2,"featured_media":0,"parent":0,"menu_order":0,"comment_status":"closed","ping_status":"closed","template":"","meta":[],"_links":{"self":[{"href":"http:\/\/korpulfar.is\/index.php?rest_route=\/wp\/v2\/pages\/15382"}],"collection":[{"href":"http:\/\/korpulfar.is\/index.php?rest_route=\/wp\/v2\/pages"}],"about":[{"href":"http:\/\/korpulfar.is\/index.php?rest_route=\/wp\/v2\/types\/page"}],"author":[{"embeddable":true,"href":"http:\/\/korpulfar.is\/index.php?rest_route=\/wp\/v2\/users\/2"}],"replies":[{"embeddable":true,"href":"http:\/\/korpulfar.is\/index.php?rest_route=%2Fwp%2Fv2%2Fcomments&post=15382"}],"version-history":[{"count":1,"href":"http:\/\/korpulfar.is\/index.php?rest_route=\/wp\/v2\/pages\/15382\/revisions"}],"predecessor-version":[{"id":15383,"href":"http:\/\/korpulfar.is\/index.php?rest_route=\/wp\/v2\/pages\/15382\/revisions\/15383"}],"wp:attachment":[{"href":"http:\/\/korpulfar.is\/index.php?rest_route=%2Fwp%2Fv2%2Fmedia&parent=15382"}],"curies":[{"name":"wp","href":"https:\/\/api.w.org\/{rel}","templated":true}]}}