{"id":15379,"date":"2022-03-26T17:52:50","date_gmt":"2022-03-26T17:52:50","guid":{"rendered":"https:\/\/www.korpulfar.is\/?page_id=15379"},"modified":"2022-03-26T17:52:50","modified_gmt":"2022-03-26T17:52:50","slug":"hrekkir","status":"publish","type":"page","link":"http:\/\/korpulfar.is\/?page_id=15379","title":{"rendered":"Hrekkir"},"content":{"rendered":"<p><strong><em>&nbsp;&nbsp;&nbsp; HREKKIR<\/em><\/strong><\/p>\n<p>&nbsp;<\/p>\n<p>Hrekkir og str\u00e1kap\u00f6r<\/p>\n<p>\u00fe\u00fa me\u00f0 sprungna v\u00f6r<\/p>\n<p>vi\u00f0 hef\u00f0um betur ekki<\/p>\n<p>fari\u00f0 me\u00f0 \u00feeim<\/p>\n<p>betur veri\u00f0 \u00e1fram<\/p>\n<p>\u00ed hl\u00f6\u00f0unni.<\/p>\n<p>&nbsp;<\/p>\n","protected":false},"excerpt":{"rendered":"<p>&nbsp;&nbsp;&nbsp; HREKKIR &nbsp; Hrekkir og str\u00e1kap\u00f6r \u00fe\u00fa me\u00f0 sprungna v\u00f6r vi\u00f0 hef\u00f0um betur ekki fari\u00f0 me\u00f0 \u00feeim betur veri\u00f0 \u00e1fram \u00ed hl\u00f6\u00f0unni. &nbsp;<\/p>\n","protected":false},"author":2,"featured_media":0,"parent":0,"menu_order":0,"comment_status":"closed","ping_status":"closed","template":"","meta":[],"_links":{"self":[{"href":"http:\/\/korpulfar.is\/index.php?rest_route=\/wp\/v2\/pages\/15379"}],"collection":[{"href":"http:\/\/korpulfar.is\/index.php?rest_route=\/wp\/v2\/pages"}],"about":[{"href":"http:\/\/korpulfar.is\/index.php?rest_route=\/wp\/v2\/types\/page"}],"author":[{"embeddable":true,"href":"http:\/\/korpulfar.is\/index.php?rest_route=\/wp\/v2\/users\/2"}],"replies":[{"embeddable":true,"href":"http:\/\/korpulfar.is\/index.php?rest_route=%2Fwp%2Fv2%2Fcomments&post=15379"}],"version-history":[{"count":1,"href":"http:\/\/korpulfar.is\/index.php?rest_route=\/wp\/v2\/pages\/15379\/revisions"}],"predecessor-version":[{"id":15380,"href":"http:\/\/korpulfar.is\/index.php?rest_route=\/wp\/v2\/pages\/15379\/revisions\/15380"}],"wp:attachment":[{"href":"http:\/\/korpulfar.is\/index.php?rest_route=%2Fwp%2Fv2%2Fmedia&parent=15379"}],"curies":[{"name":"wp","href":"https:\/\/api.w.org\/{rel}","templated":true}]}}