{"id":15370,"date":"2022-03-26T17:37:57","date_gmt":"2022-03-26T17:37:57","guid":{"rendered":"https:\/\/www.korpulfar.is\/?page_id=15370"},"modified":"2022-03-26T17:38:09","modified_gmt":"2022-03-26T17:38:09","slug":"fastan","status":"publish","type":"page","link":"http:\/\/korpulfar.is\/?page_id=15370","title":{"rendered":"Fastan"},"content":{"rendered":"<p><strong><em>FASTAN<\/em><\/strong><\/p>\n<p>&nbsp;<\/p>\n<p>Langa fastan<\/p>\n<p>fj\u00f6rt\u00edudaga fastan<\/p>\n<p>fastan er t\u00edmi hreinsunar<\/p>\n<p>fastan er t\u00edmi i\u00f0runar<\/p>\n<p>fastan er t\u00edmi s\u00e1lar\u00ferifa<\/p>\n<p>fastan er t\u00edmi \u00edhugunar<\/p>\n<p>Sumir fasta aldrei<\/p>\n<p>fastan lag\u00f0ist \u00ed mig<\/p>\n<p>fastan breytist \u00ed pastan<\/p>\n<p>pastan er g\u00f3\u00f0<\/p>\n<p>pastan mettar<\/p>\n<p>pastan mettar f\u00e1t\u00e6ka<\/p>\n<p>pastan gerir \u00fe\u00e9r gott<\/p>\n<p>pastan er \u00ed fj\u00f6rt\u00edudaga<\/p>\n<p>langa pasta<\/p>\n<p>pasta fasta<\/p>\n<p>&nbsp;<\/p>\n","protected":false},"excerpt":{"rendered":"<p>FASTAN &nbsp; Langa fastan fj\u00f6rt\u00edudaga fastan fastan er t\u00edmi hreinsunar fastan er t\u00edmi i\u00f0runar fastan er t\u00edmi s\u00e1lar\u00ferifa fastan er t\u00edmi \u00edhugunar Sumir fasta aldrei fastan lag\u00f0ist \u00ed mig fastan breytist \u00ed pastan pastan er g\u00f3\u00f0 pastan mettar pastan mettar f\u00e1t\u00e6ka pastan gerir \u00fe\u00e9r gott pastan er \u00ed fj\u00f6rt\u00edudaga langa pasta pasta fasta &nbsp;<\/p>\n","protected":false},"author":2,"featured_media":0,"parent":0,"menu_order":0,"comment_status":"closed","ping_status":"closed","template":"","meta":[],"_links":{"self":[{"href":"http:\/\/korpulfar.is\/index.php?rest_route=\/wp\/v2\/pages\/15370"}],"collection":[{"href":"http:\/\/korpulfar.is\/index.php?rest_route=\/wp\/v2\/pages"}],"about":[{"href":"http:\/\/korpulfar.is\/index.php?rest_route=\/wp\/v2\/types\/page"}],"author":[{"embeddable":true,"href":"http:\/\/korpulfar.is\/index.php?rest_route=\/wp\/v2\/users\/2"}],"replies":[{"embeddable":true,"href":"http:\/\/korpulfar.is\/index.php?rest_route=%2Fwp%2Fv2%2Fcomments&post=15370"}],"version-history":[{"count":1,"href":"http:\/\/korpulfar.is\/index.php?rest_route=\/wp\/v2\/pages\/15370\/revisions"}],"predecessor-version":[{"id":15371,"href":"http:\/\/korpulfar.is\/index.php?rest_route=\/wp\/v2\/pages\/15370\/revisions\/15371"}],"wp:attachment":[{"href":"http:\/\/korpulfar.is\/index.php?rest_route=%2Fwp%2Fv2%2Fmedia&parent=15370"}],"curies":[{"name":"wp","href":"https:\/\/api.w.org\/{rel}","templated":true}]}}