{"id":15341,"date":"2022-03-19T17:37:50","date_gmt":"2022-03-19T17:37:50","guid":{"rendered":"https:\/\/www.korpulfar.is\/?page_id=15341"},"modified":"2022-03-19T17:37:50","modified_gmt":"2022-03-19T17:37:50","slug":"thrjar-rosir","status":"publish","type":"page","link":"http:\/\/korpulfar.is\/?page_id=15341","title":{"rendered":"\u00derj\u00e1r r\u00f3sir"},"content":{"rendered":"<div id=\"attachment_15342\" style=\"width: 610px\" class=\"wp-caption alignleft\"><a href=\"http:\/\/www.korpulfar.is\/wp-content\/uploads\/2022\/03\/SNC12816crop.jpg\"><img aria-describedby=\"caption-attachment-15342\" decoding=\"async\" loading=\"lazy\" class=\"size-full wp-image-15342\" src=\"http:\/\/www.korpulfar.is\/wp-content\/uploads\/2022\/03\/SNC12816crop.jpg\" alt=\"\" width=\"600\" height=\"1365\" srcset=\"http:\/\/www.korpulfar.is\/wp-content\/uploads\/2022\/03\/SNC12816crop.jpg 600w, http:\/\/www.korpulfar.is\/wp-content\/uploads\/2022\/03\/SNC12816crop-132x300.jpg 132w, http:\/\/www.korpulfar.is\/wp-content\/uploads\/2022\/03\/SNC12816crop-450x1024.jpg 450w\" sizes=\"(max-width: 600px) 100vw, 600px\" \/><\/a><p id=\"caption-attachment-15342\" class=\"wp-caption-text\">Akr\u00fdl \u00e1 papp\u00edr\u00a0<\/p><\/div>\n","protected":false},"excerpt":{"rendered":"","protected":false},"author":2,"featured_media":0,"parent":0,"menu_order":0,"comment_status":"closed","ping_status":"closed","template":"","meta":[],"_links":{"self":[{"href":"http:\/\/korpulfar.is\/index.php?rest_route=\/wp\/v2\/pages\/15341"}],"collection":[{"href":"http:\/\/korpulfar.is\/index.php?rest_route=\/wp\/v2\/pages"}],"about":[{"href":"http:\/\/korpulfar.is\/index.php?rest_route=\/wp\/v2\/types\/page"}],"author":[{"embeddable":true,"href":"http:\/\/korpulfar.is\/index.php?rest_route=\/wp\/v2\/users\/2"}],"replies":[{"embeddable":true,"href":"http:\/\/korpulfar.is\/index.php?rest_route=%2Fwp%2Fv2%2Fcomments&post=15341"}],"version-history":[{"count":1,"href":"http:\/\/korpulfar.is\/index.php?rest_route=\/wp\/v2\/pages\/15341\/revisions"}],"predecessor-version":[{"id":15343,"href":"http:\/\/korpulfar.is\/index.php?rest_route=\/wp\/v2\/pages\/15341\/revisions\/15343"}],"wp:attachment":[{"href":"http:\/\/korpulfar.is\/index.php?rest_route=%2Fwp%2Fv2%2Fmedia&parent=15341"}],"curies":[{"name":"wp","href":"https:\/\/api.w.org\/{rel}","templated":true}]}}