{"id":15330,"date":"2022-03-18T22:31:03","date_gmt":"2022-03-18T22:31:03","guid":{"rendered":"https:\/\/www.korpulfar.is\/?page_id=15330"},"modified":"2022-03-18T22:31:03","modified_gmt":"2022-03-18T22:31:03","slug":"talibanar","status":"publish","type":"page","link":"http:\/\/korpulfar.is\/?page_id=15330","title":{"rendered":"Talibanar"},"content":{"rendered":"<div id=\"attachment_15331\" style=\"width: 1960px\" class=\"wp-caption alignleft\"><a href=\"http:\/\/www.korpulfar.is\/wp-content\/uploads\/2022\/03\/SNC12799crop.jpg\"><img aria-describedby=\"caption-attachment-15331\" decoding=\"async\" loading=\"lazy\" class=\"size-full wp-image-15331\" src=\"http:\/\/www.korpulfar.is\/wp-content\/uploads\/2022\/03\/SNC12799crop.jpg\" alt=\"\" width=\"1950\" height=\"700\" srcset=\"http:\/\/www.korpulfar.is\/wp-content\/uploads\/2022\/03\/SNC12799crop.jpg 1950w, http:\/\/www.korpulfar.is\/wp-content\/uploads\/2022\/03\/SNC12799crop-300x108.jpg 300w, http:\/\/www.korpulfar.is\/wp-content\/uploads\/2022\/03\/SNC12799crop-1024x368.jpg 1024w, http:\/\/www.korpulfar.is\/wp-content\/uploads\/2022\/03\/SNC12799crop-768x276.jpg 768w, http:\/\/www.korpulfar.is\/wp-content\/uploads\/2022\/03\/SNC12799crop-1536x551.jpg 1536w\" sizes=\"(max-width: 1950px) 100vw, 1950px\" \/><\/a><p id=\"caption-attachment-15331\" class=\"wp-caption-text\">Talibanar 40&#215;50 pastel, 2001<\/p><\/div>\n<p>Tv\u00e6r hreinar meyjar til \u00fej\u00f3nustu rei\u00f0ub\u00fanar, b\u00ed\u00f0a eftir kalli fr\u00e1 Allah miskunnsama og alm\u00e1ttuga.<\/p>\n","protected":false},"excerpt":{"rendered":"<p>Tv\u00e6r hreinar meyjar til \u00fej\u00f3nustu rei\u00f0ub\u00fanar, b\u00ed\u00f0a eftir kalli fr\u00e1 Allah miskunnsama og alm\u00e1ttuga.<\/p>\n","protected":false},"author":2,"featured_media":0,"parent":0,"menu_order":0,"comment_status":"closed","ping_status":"closed","template":"","meta":[],"_links":{"self":[{"href":"http:\/\/korpulfar.is\/index.php?rest_route=\/wp\/v2\/pages\/15330"}],"collection":[{"href":"http:\/\/korpulfar.is\/index.php?rest_route=\/wp\/v2\/pages"}],"about":[{"href":"http:\/\/korpulfar.is\/index.php?rest_route=\/wp\/v2\/types\/page"}],"author":[{"embeddable":true,"href":"http:\/\/korpulfar.is\/index.php?rest_route=\/wp\/v2\/users\/2"}],"replies":[{"embeddable":true,"href":"http:\/\/korpulfar.is\/index.php?rest_route=%2Fwp%2Fv2%2Fcomments&post=15330"}],"version-history":[{"count":1,"href":"http:\/\/korpulfar.is\/index.php?rest_route=\/wp\/v2\/pages\/15330\/revisions"}],"predecessor-version":[{"id":15332,"href":"http:\/\/korpulfar.is\/index.php?rest_route=\/wp\/v2\/pages\/15330\/revisions\/15332"}],"wp:attachment":[{"href":"http:\/\/korpulfar.is\/index.php?rest_route=%2Fwp%2Fv2%2Fmedia&parent=15330"}],"curies":[{"name":"wp","href":"https:\/\/api.w.org\/{rel}","templated":true}]}}