{"id":15322,"date":"2022-03-18T22:13:06","date_gmt":"2022-03-18T22:13:06","guid":{"rendered":"https:\/\/www.korpulfar.is\/?page_id=15322"},"modified":"2022-03-19T17:44:39","modified_gmt":"2022-03-19T17:44:39","slug":"tvaer-konur","status":"publish","type":"page","link":"http:\/\/korpulfar.is\/?page_id=15322","title":{"rendered":"Tv\u00e6r konur"},"content":{"rendered":"<div id=\"attachment_15323\" style=\"width: 1967px\" class=\"wp-caption alignleft\"><a href=\"http:\/\/www.korpulfar.is\/wp-content\/uploads\/2022\/03\/SNC12800crop.jpg\"><img aria-describedby=\"caption-attachment-15323\" decoding=\"async\" loading=\"lazy\" class=\"size-full wp-image-15323\" src=\"http:\/\/www.korpulfar.is\/wp-content\/uploads\/2022\/03\/SNC12800crop.jpg\" alt=\"\" width=\"1957\" height=\"1186\" srcset=\"http:\/\/www.korpulfar.is\/wp-content\/uploads\/2022\/03\/SNC12800crop.jpg 1957w, http:\/\/www.korpulfar.is\/wp-content\/uploads\/2022\/03\/SNC12800crop-300x182.jpg 300w, http:\/\/www.korpulfar.is\/wp-content\/uploads\/2022\/03\/SNC12800crop-1024x621.jpg 1024w, http:\/\/www.korpulfar.is\/wp-content\/uploads\/2022\/03\/SNC12800crop-768x465.jpg 768w, http:\/\/www.korpulfar.is\/wp-content\/uploads\/2022\/03\/SNC12800crop-1536x931.jpg 1536w\" sizes=\"(max-width: 1957px) 100vw, 1957px\" \/><\/a><p id=\"caption-attachment-15323\" class=\"wp-caption-text\">akr\u00fdl \u00e1 papp\u00edr 2008<\/p><\/div>\n","protected":false},"excerpt":{"rendered":"","protected":false},"author":2,"featured_media":0,"parent":0,"menu_order":0,"comment_status":"closed","ping_status":"closed","template":"","meta":[],"_links":{"self":[{"href":"http:\/\/korpulfar.is\/index.php?rest_route=\/wp\/v2\/pages\/15322"}],"collection":[{"href":"http:\/\/korpulfar.is\/index.php?rest_route=\/wp\/v2\/pages"}],"about":[{"href":"http:\/\/korpulfar.is\/index.php?rest_route=\/wp\/v2\/types\/page"}],"author":[{"embeddable":true,"href":"http:\/\/korpulfar.is\/index.php?rest_route=\/wp\/v2\/users\/2"}],"replies":[{"embeddable":true,"href":"http:\/\/korpulfar.is\/index.php?rest_route=%2Fwp%2Fv2%2Fcomments&post=15322"}],"version-history":[{"count":2,"href":"http:\/\/korpulfar.is\/index.php?rest_route=\/wp\/v2\/pages\/15322\/revisions"}],"predecessor-version":[{"id":15345,"href":"http:\/\/korpulfar.is\/index.php?rest_route=\/wp\/v2\/pages\/15322\/revisions\/15345"}],"wp:attachment":[{"href":"http:\/\/korpulfar.is\/index.php?rest_route=%2Fwp%2Fv2%2Fmedia&parent=15322"}],"curies":[{"name":"wp","href":"https:\/\/api.w.org\/{rel}","templated":true}]}}