{"id":15311,"date":"2022-03-18T21:47:43","date_gmt":"2022-03-18T21:47:43","guid":{"rendered":"https:\/\/www.korpulfar.is\/?page_id=15311"},"modified":"2022-03-18T21:47:43","modified_gmt":"2022-03-18T21:47:43","slug":"timinn","status":"publish","type":"page","link":"http:\/\/korpulfar.is\/?page_id=15311","title":{"rendered":"T\u00edminn"},"content":{"rendered":"<div id=\"attachment_15312\" style=\"width: 1916px\" class=\"wp-caption alignleft\"><a href=\"http:\/\/www.korpulfar.is\/wp-content\/uploads\/2022\/03\/Ti\u0301minn.jpg\"><img aria-describedby=\"caption-attachment-15312\" decoding=\"async\" loading=\"lazy\" class=\"size-full wp-image-15312\" src=\"http:\/\/www.korpulfar.is\/wp-content\/uploads\/2022\/03\/Ti\u0301minn.jpg\" alt=\"\" width=\"1906\" height=\"710\" srcset=\"http:\/\/www.korpulfar.is\/wp-content\/uploads\/2022\/03\/Ti\u0301minn.jpg 1906w, http:\/\/www.korpulfar.is\/wp-content\/uploads\/2022\/03\/Ti\u0301minn-300x112.jpg 300w, http:\/\/www.korpulfar.is\/wp-content\/uploads\/2022\/03\/Ti\u0301minn-1024x381.jpg 1024w, http:\/\/www.korpulfar.is\/wp-content\/uploads\/2022\/03\/Ti\u0301minn-768x286.jpg 768w, http:\/\/www.korpulfar.is\/wp-content\/uploads\/2022\/03\/Ti\u0301minn-1536x572.jpg 1536w\" sizes=\"(max-width: 1906px) 100vw, 1906px\" \/><\/a><p id=\"caption-attachment-15312\" class=\"wp-caption-text\">T\u00edminn 150&#215;55 sm.\u00a0 Sp\u00f3naplata, plastm\u00e1lning 2006<\/p><\/div>\n<p>T\u00edminn er \u00farelding. \u00deegar klukkuna vantar sex m\u00edn\u00fatur \u00ed sex alla daga allan s\u00f3larhringinn missir \u00fe\u00fa aldrei af sex fr\u00e9ttunum \u00ed \u00fatvarpinu<\/p>\n","protected":false},"excerpt":{"rendered":"<p>T\u00edminn er \u00farelding. \u00deegar klukkuna vantar sex m\u00edn\u00fatur \u00ed sex alla daga allan s\u00f3larhringinn missir \u00fe\u00fa aldrei af sex fr\u00e9ttunum \u00ed \u00fatvarpinu<\/p>\n","protected":false},"author":2,"featured_media":0,"parent":0,"menu_order":0,"comment_status":"closed","ping_status":"closed","template":"","meta":[],"_links":{"self":[{"href":"http:\/\/korpulfar.is\/index.php?rest_route=\/wp\/v2\/pages\/15311"}],"collection":[{"href":"http:\/\/korpulfar.is\/index.php?rest_route=\/wp\/v2\/pages"}],"about":[{"href":"http:\/\/korpulfar.is\/index.php?rest_route=\/wp\/v2\/types\/page"}],"author":[{"embeddable":true,"href":"http:\/\/korpulfar.is\/index.php?rest_route=\/wp\/v2\/users\/2"}],"replies":[{"embeddable":true,"href":"http:\/\/korpulfar.is\/index.php?rest_route=%2Fwp%2Fv2%2Fcomments&post=15311"}],"version-history":[{"count":1,"href":"http:\/\/korpulfar.is\/index.php?rest_route=\/wp\/v2\/pages\/15311\/revisions"}],"predecessor-version":[{"id":15313,"href":"http:\/\/korpulfar.is\/index.php?rest_route=\/wp\/v2\/pages\/15311\/revisions\/15313"}],"wp:attachment":[{"href":"http:\/\/korpulfar.is\/index.php?rest_route=%2Fwp%2Fv2%2Fmedia&parent=15311"}],"curies":[{"name":"wp","href":"https:\/\/api.w.org\/{rel}","templated":true}]}}