{"id":15307,"date":"2022-03-18T21:40:50","date_gmt":"2022-03-18T21:40:50","guid":{"rendered":"https:\/\/www.korpulfar.is\/?page_id=15307"},"modified":"2022-03-18T21:40:50","modified_gmt":"2022-03-18T21:40:50","slug":"solsleikjur","status":"publish","type":"page","link":"http:\/\/korpulfar.is\/?page_id=15307","title":{"rendered":"S\u00f3lsleikjur"},"content":{"rendered":"<div id=\"attachment_15308\" style=\"width: 2034px\" class=\"wp-caption alignleft\"><a href=\"http:\/\/www.korpulfar.is\/wp-content\/uploads\/2022\/03\/So\u0301lsleikjur.jpg\"><img aria-describedby=\"caption-attachment-15308\" decoding=\"async\" loading=\"lazy\" class=\"size-full wp-image-15308\" src=\"http:\/\/www.korpulfar.is\/wp-content\/uploads\/2022\/03\/So\u0301lsleikjur.jpg\" alt=\"\" width=\"2024\" height=\"943\" srcset=\"http:\/\/www.korpulfar.is\/wp-content\/uploads\/2022\/03\/So\u0301lsleikjur.jpg 2024w, http:\/\/www.korpulfar.is\/wp-content\/uploads\/2022\/03\/So\u0301lsleikjur-300x140.jpg 300w, http:\/\/www.korpulfar.is\/wp-content\/uploads\/2022\/03\/So\u0301lsleikjur-1024x477.jpg 1024w, http:\/\/www.korpulfar.is\/wp-content\/uploads\/2022\/03\/So\u0301lsleikjur-768x358.jpg 768w, http:\/\/www.korpulfar.is\/wp-content\/uploads\/2022\/03\/So\u0301lsleikjur-1536x716.jpg 1536w\" sizes=\"(max-width: 2024px) 100vw, 2024px\" \/><\/a><p id=\"caption-attachment-15308\" class=\"wp-caption-text\">S\u00f3lsleikjur 122&#215;55 sm. Masonit, akr\u00fdl og plastm\u00e1lning 2005<\/p><\/div>\n<p>\u00derj\u00e1r s\u00f3lsleikjur berast a\u00f0 \u00far \u00f3l\u00edkum \u00e1ttum. Halastj\u00f6rnur voru taldar bo\u00f0berar v\u00e1legra t\u00ed\u00f0inda. L\u00edklega eru \u00feessar \u00ferj\u00e1r halastj\u00f6rnur bo\u00f0berar \u00feess a\u00f0 \u00fer\u00edr bankar ver\u00f0i \u00ed vandr\u00e6\u00f0um og fari jafnvel \u00e1 hausinn e\u00f0a \u00ed besta falli a\u00f0 \u00feeir gufi upp \u00ed r\u00edkissj\u00f3\u00f0i.<\/p>\n","protected":false},"excerpt":{"rendered":"<p>\u00derj\u00e1r s\u00f3lsleikjur berast a\u00f0 \u00far \u00f3l\u00edkum \u00e1ttum. Halastj\u00f6rnur voru taldar bo\u00f0berar v\u00e1legra t\u00ed\u00f0inda. L\u00edklega eru \u00feessar \u00ferj\u00e1r halastj\u00f6rnur bo\u00f0berar \u00feess a\u00f0 \u00fer\u00edr bankar ver\u00f0i \u00ed vandr\u00e6\u00f0um og fari jafnvel \u00e1 hausinn e\u00f0a \u00ed besta falli a\u00f0 \u00feeir gufi upp \u00ed r\u00edkissj\u00f3\u00f0i.<\/p>\n","protected":false},"author":2,"featured_media":0,"parent":0,"menu_order":0,"comment_status":"closed","ping_status":"closed","template":"","meta":[],"_links":{"self":[{"href":"http:\/\/korpulfar.is\/index.php?rest_route=\/wp\/v2\/pages\/15307"}],"collection":[{"href":"http:\/\/korpulfar.is\/index.php?rest_route=\/wp\/v2\/pages"}],"about":[{"href":"http:\/\/korpulfar.is\/index.php?rest_route=\/wp\/v2\/types\/page"}],"author":[{"embeddable":true,"href":"http:\/\/korpulfar.is\/index.php?rest_route=\/wp\/v2\/users\/2"}],"replies":[{"embeddable":true,"href":"http:\/\/korpulfar.is\/index.php?rest_route=%2Fwp%2Fv2%2Fcomments&post=15307"}],"version-history":[{"count":1,"href":"http:\/\/korpulfar.is\/index.php?rest_route=\/wp\/v2\/pages\/15307\/revisions"}],"predecessor-version":[{"id":15309,"href":"http:\/\/korpulfar.is\/index.php?rest_route=\/wp\/v2\/pages\/15307\/revisions\/15309"}],"wp:attachment":[{"href":"http:\/\/korpulfar.is\/index.php?rest_route=%2Fwp%2Fv2%2Fmedia&parent=15307"}],"curies":[{"name":"wp","href":"https:\/\/api.w.org\/{rel}","templated":true}]}}