{"id":15298,"date":"2022-03-18T21:19:11","date_gmt":"2022-03-18T21:19:11","guid":{"rendered":"https:\/\/www.korpulfar.is\/?page_id=15298"},"modified":"2022-03-18T21:19:11","modified_gmt":"2022-03-18T21:19:11","slug":"menuet","status":"publish","type":"page","link":"http:\/\/korpulfar.is\/?page_id=15298","title":{"rendered":"Menuet"},"content":{"rendered":"<div id=\"attachment_15299\" style=\"width: 2069px\" class=\"wp-caption alignleft\"><a href=\"http:\/\/www.korpulfar.is\/wp-content\/uploads\/2022\/03\/Menuet.jpg\"><img aria-describedby=\"caption-attachment-15299\" decoding=\"async\" loading=\"lazy\" class=\"size-full wp-image-15299\" src=\"http:\/\/www.korpulfar.is\/wp-content\/uploads\/2022\/03\/Menuet.jpg\" alt=\"\" width=\"2059\" height=\"911\" srcset=\"http:\/\/www.korpulfar.is\/wp-content\/uploads\/2022\/03\/Menuet.jpg 2059w, http:\/\/www.korpulfar.is\/wp-content\/uploads\/2022\/03\/Menuet-300x133.jpg 300w, http:\/\/www.korpulfar.is\/wp-content\/uploads\/2022\/03\/Menuet-1024x453.jpg 1024w, http:\/\/www.korpulfar.is\/wp-content\/uploads\/2022\/03\/Menuet-768x340.jpg 768w, http:\/\/www.korpulfar.is\/wp-content\/uploads\/2022\/03\/Menuet-1536x680.jpg 1536w, http:\/\/www.korpulfar.is\/wp-content\/uploads\/2022\/03\/Menuet-2048x906.jpg 2048w\" sizes=\"(max-width: 2059px) 100vw, 2059px\" \/><\/a><p id=\"caption-attachment-15299\" class=\"wp-caption-text\">Menuet 120&#215;55 sm.\u00a0 Sp\u00f3naplata akr\u00fdl og plastm\u00e1lning 2003<\/p><\/div>\n<p>Hreyfiskynjari kveikir \u00e1 hlj\u00f3\u00f0r\u00e1s sem spilar menuet \u00far franskri sv\u00edtu eftir J\u00f3a Bach<\/p>\n","protected":false},"excerpt":{"rendered":"<p>Hreyfiskynjari kveikir \u00e1 hlj\u00f3\u00f0r\u00e1s sem spilar menuet \u00far franskri sv\u00edtu eftir J\u00f3a Bach<\/p>\n","protected":false},"author":2,"featured_media":0,"parent":0,"menu_order":0,"comment_status":"closed","ping_status":"closed","template":"","meta":[],"_links":{"self":[{"href":"http:\/\/korpulfar.is\/index.php?rest_route=\/wp\/v2\/pages\/15298"}],"collection":[{"href":"http:\/\/korpulfar.is\/index.php?rest_route=\/wp\/v2\/pages"}],"about":[{"href":"http:\/\/korpulfar.is\/index.php?rest_route=\/wp\/v2\/types\/page"}],"author":[{"embeddable":true,"href":"http:\/\/korpulfar.is\/index.php?rest_route=\/wp\/v2\/users\/2"}],"replies":[{"embeddable":true,"href":"http:\/\/korpulfar.is\/index.php?rest_route=%2Fwp%2Fv2%2Fcomments&post=15298"}],"version-history":[{"count":2,"href":"http:\/\/korpulfar.is\/index.php?rest_route=\/wp\/v2\/pages\/15298\/revisions"}],"predecessor-version":[{"id":15301,"href":"http:\/\/korpulfar.is\/index.php?rest_route=\/wp\/v2\/pages\/15298\/revisions\/15301"}],"wp:attachment":[{"href":"http:\/\/korpulfar.is\/index.php?rest_route=%2Fwp%2Fv2%2Fmedia&parent=15298"}],"curies":[{"name":"wp","href":"https:\/\/api.w.org\/{rel}","templated":true}]}}