{"id":15284,"date":"2022-03-18T17:58:34","date_gmt":"2022-03-18T17:58:34","guid":{"rendered":"https:\/\/www.korpulfar.is\/?page_id=15284"},"modified":"2022-03-18T17:58:34","modified_gmt":"2022-03-18T17:58:34","slug":"lanalinur","status":"publish","type":"page","link":"http:\/\/korpulfar.is\/?page_id=15284","title":{"rendered":"L\u00e1nal\u00ednur"},"content":{"rendered":"<div id=\"attachment_15285\" style=\"width: 989px\" class=\"wp-caption alignleft\"><a href=\"http:\/\/www.korpulfar.is\/wp-content\/uploads\/2022\/03\/Lanalinur.jpg\"><img aria-describedby=\"caption-attachment-15285\" decoding=\"async\" loading=\"lazy\" class=\"size-full wp-image-15285\" src=\"http:\/\/www.korpulfar.is\/wp-content\/uploads\/2022\/03\/Lanalinur.jpg\" alt=\"\" width=\"979\" height=\"365\" srcset=\"http:\/\/www.korpulfar.is\/wp-content\/uploads\/2022\/03\/Lanalinur.jpg 979w, http:\/\/www.korpulfar.is\/wp-content\/uploads\/2022\/03\/Lanalinur-300x112.jpg 300w, http:\/\/www.korpulfar.is\/wp-content\/uploads\/2022\/03\/Lanalinur-768x286.jpg 768w\" sizes=\"(max-width: 979px) 100vw, 979px\" \/><\/a><p id=\"caption-attachment-15285\" class=\"wp-caption-text\">L\u00e1nal\u00ednur. 150&#215;55 sm. Masonit akr\u00fdl og plastm\u00e1lning. 2009<\/p><\/div>\n<p>Eftir hruni\u00f0 loku\u00f0ust allar l\u00e1nal\u00ednur til Svartakastala. \u00ddmsir bu\u00f0ust \u00fe\u00f3\u00a0 til a\u00f0 opna l\u00e1nal\u00ednur til Svartakastala. En \u00fe\u00e6r voru opnar stutt.<\/p>\n<p>Norska kr\u00f3nan me\u00f0 gati sv\u00edfur yfir kastalanum. Undir huli\u00f0hj\u00e1lmi er evran \u00ed\u00a0 strangri g\u00e6slu foringjans.<\/p>\n","protected":false},"excerpt":{"rendered":"<p>Eftir hruni\u00f0 loku\u00f0ust allar l\u00e1nal\u00ednur til Svartakastala. \u00ddmsir bu\u00f0ust \u00fe\u00f3\u00a0 til a\u00f0 opna l\u00e1nal\u00ednur til Svartakastala. En \u00fe\u00e6r voru opnar stutt. Norska kr\u00f3nan me\u00f0 gati sv\u00edfur yfir kastalanum. Undir huli\u00f0hj\u00e1lmi er evran \u00ed\u00a0 strangri g\u00e6slu foringjans.<\/p>\n","protected":false},"author":2,"featured_media":0,"parent":0,"menu_order":0,"comment_status":"closed","ping_status":"closed","template":"","meta":[],"_links":{"self":[{"href":"http:\/\/korpulfar.is\/index.php?rest_route=\/wp\/v2\/pages\/15284"}],"collection":[{"href":"http:\/\/korpulfar.is\/index.php?rest_route=\/wp\/v2\/pages"}],"about":[{"href":"http:\/\/korpulfar.is\/index.php?rest_route=\/wp\/v2\/types\/page"}],"author":[{"embeddable":true,"href":"http:\/\/korpulfar.is\/index.php?rest_route=\/wp\/v2\/users\/2"}],"replies":[{"embeddable":true,"href":"http:\/\/korpulfar.is\/index.php?rest_route=%2Fwp%2Fv2%2Fcomments&post=15284"}],"version-history":[{"count":1,"href":"http:\/\/korpulfar.is\/index.php?rest_route=\/wp\/v2\/pages\/15284\/revisions"}],"predecessor-version":[{"id":15286,"href":"http:\/\/korpulfar.is\/index.php?rest_route=\/wp\/v2\/pages\/15284\/revisions\/15286"}],"wp:attachment":[{"href":"http:\/\/korpulfar.is\/index.php?rest_route=%2Fwp%2Fv2%2Fmedia&parent=15284"}],"curies":[{"name":"wp","href":"https:\/\/api.w.org\/{rel}","templated":true}]}}