{"id":15280,"date":"2022-03-18T17:33:42","date_gmt":"2022-03-18T17:33:42","guid":{"rendered":"https:\/\/www.korpulfar.is\/?page_id=15280"},"modified":"2022-03-18T17:33:42","modified_gmt":"2022-03-18T17:33:42","slug":"i-klom-fuglsins","status":"publish","type":"page","link":"http:\/\/korpulfar.is\/?page_id=15280","title":{"rendered":"\u00cd kl\u00f3m fuglsins"},"content":{"rendered":"<div id=\"attachment_15281\" style=\"width: 834px\" class=\"wp-caption alignleft\"><a href=\"http:\/\/www.korpulfar.is\/wp-content\/uploads\/2022\/03\/I\u0301-klo\u0301m-fuglsins.jpg\"><img aria-describedby=\"caption-attachment-15281\" decoding=\"async\" loading=\"lazy\" class=\"size-full wp-image-15281\" src=\"http:\/\/www.korpulfar.is\/wp-content\/uploads\/2022\/03\/I\u0301-klo\u0301m-fuglsins.jpg\" alt=\"\" width=\"824\" height=\"367\" srcset=\"http:\/\/www.korpulfar.is\/wp-content\/uploads\/2022\/03\/I\u0301-klo\u0301m-fuglsins.jpg 824w, http:\/\/www.korpulfar.is\/wp-content\/uploads\/2022\/03\/I\u0301-klo\u0301m-fuglsins-300x134.jpg 300w, http:\/\/www.korpulfar.is\/wp-content\/uploads\/2022\/03\/I\u0301-klo\u0301m-fuglsins-768x342.jpg 768w\" sizes=\"(max-width: 824px) 100vw, 824px\" \/><\/a><p id=\"caption-attachment-15281\" class=\"wp-caption-text\">\u00der\u00edforkur. 122&#215;55 sm\u00a0 2009 masonit, plst og akr\u00fdl.<\/p><\/div>\n<p>Er fuglinn me\u00f0 Samfylkinguna \u00ed kl\u00f3num ? XD og XB eru klofnir og VG er \u00ed skj\u00f3li.<\/p>\n","protected":false},"excerpt":{"rendered":"<p>Er fuglinn me\u00f0 Samfylkinguna \u00ed kl\u00f3num ? XD og XB eru klofnir og VG er \u00ed skj\u00f3li.<\/p>\n","protected":false},"author":2,"featured_media":0,"parent":0,"menu_order":0,"comment_status":"closed","ping_status":"closed","template":"","meta":[],"_links":{"self":[{"href":"http:\/\/korpulfar.is\/index.php?rest_route=\/wp\/v2\/pages\/15280"}],"collection":[{"href":"http:\/\/korpulfar.is\/index.php?rest_route=\/wp\/v2\/pages"}],"about":[{"href":"http:\/\/korpulfar.is\/index.php?rest_route=\/wp\/v2\/types\/page"}],"author":[{"embeddable":true,"href":"http:\/\/korpulfar.is\/index.php?rest_route=\/wp\/v2\/users\/2"}],"replies":[{"embeddable":true,"href":"http:\/\/korpulfar.is\/index.php?rest_route=%2Fwp%2Fv2%2Fcomments&post=15280"}],"version-history":[{"count":1,"href":"http:\/\/korpulfar.is\/index.php?rest_route=\/wp\/v2\/pages\/15280\/revisions"}],"predecessor-version":[{"id":15282,"href":"http:\/\/korpulfar.is\/index.php?rest_route=\/wp\/v2\/pages\/15280\/revisions\/15282"}],"wp:attachment":[{"href":"http:\/\/korpulfar.is\/index.php?rest_route=%2Fwp%2Fv2%2Fmedia&parent=15280"}],"curies":[{"name":"wp","href":"https:\/\/api.w.org\/{rel}","templated":true}]}}