{"id":15276,"date":"2022-03-18T17:24:48","date_gmt":"2022-03-18T17:24:48","guid":{"rendered":"https:\/\/www.korpulfar.is\/?page_id=15276"},"modified":"2022-03-18T17:24:48","modified_gmt":"2022-03-18T17:24:48","slug":"hurdin","status":"publish","type":"page","link":"http:\/\/korpulfar.is\/?page_id=15276","title":{"rendered":"Hur\u00f0in"},"content":{"rendered":"<div id=\"attachment_15277\" style=\"width: 1903px\" class=\"wp-caption alignleft\"><a href=\"http:\/\/www.korpulfar.is\/wp-content\/uploads\/2022\/03\/Hurdin.jpg\"><img aria-describedby=\"caption-attachment-15277\" decoding=\"async\" loading=\"lazy\" class=\"size-full wp-image-15277\" src=\"http:\/\/www.korpulfar.is\/wp-content\/uploads\/2022\/03\/Hurdin.jpg\" alt=\"\" width=\"1893\" height=\"841\" srcset=\"http:\/\/www.korpulfar.is\/wp-content\/uploads\/2022\/03\/Hurdin.jpg 1893w, http:\/\/www.korpulfar.is\/wp-content\/uploads\/2022\/03\/Hurdin-300x133.jpg 300w, http:\/\/www.korpulfar.is\/wp-content\/uploads\/2022\/03\/Hurdin-1024x455.jpg 1024w, http:\/\/www.korpulfar.is\/wp-content\/uploads\/2022\/03\/Hurdin-768x341.jpg 768w, http:\/\/www.korpulfar.is\/wp-content\/uploads\/2022\/03\/Hurdin-1536x682.jpg 1536w\" sizes=\"(max-width: 1893px) 100vw, 1893px\" \/><\/a><p id=\"caption-attachment-15277\" class=\"wp-caption-text\">Hur\u00f0in 120&#215;55 sm. Masonit akr\u00fdl. 2005<\/p><\/div>\n<p>Hva\u00f0 er bak vi\u00f0 hur\u00f0ina bara opna og sj\u00e1<\/p>\n","protected":false},"excerpt":{"rendered":"<p>Hva\u00f0 er bak vi\u00f0 hur\u00f0ina bara opna og sj\u00e1<\/p>\n","protected":false},"author":2,"featured_media":0,"parent":0,"menu_order":0,"comment_status":"closed","ping_status":"closed","template":"","meta":[],"_links":{"self":[{"href":"http:\/\/korpulfar.is\/index.php?rest_route=\/wp\/v2\/pages\/15276"}],"collection":[{"href":"http:\/\/korpulfar.is\/index.php?rest_route=\/wp\/v2\/pages"}],"about":[{"href":"http:\/\/korpulfar.is\/index.php?rest_route=\/wp\/v2\/types\/page"}],"author":[{"embeddable":true,"href":"http:\/\/korpulfar.is\/index.php?rest_route=\/wp\/v2\/users\/2"}],"replies":[{"embeddable":true,"href":"http:\/\/korpulfar.is\/index.php?rest_route=%2Fwp%2Fv2%2Fcomments&post=15276"}],"version-history":[{"count":1,"href":"http:\/\/korpulfar.is\/index.php?rest_route=\/wp\/v2\/pages\/15276\/revisions"}],"predecessor-version":[{"id":15278,"href":"http:\/\/korpulfar.is\/index.php?rest_route=\/wp\/v2\/pages\/15276\/revisions\/15278"}],"wp:attachment":[{"href":"http:\/\/korpulfar.is\/index.php?rest_route=%2Fwp%2Fv2%2Fmedia&parent=15276"}],"curies":[{"name":"wp","href":"https:\/\/api.w.org\/{rel}","templated":true}]}}