{"id":15252,"date":"2022-03-18T14:24:54","date_gmt":"2022-03-18T14:24:54","guid":{"rendered":"https:\/\/www.korpulfar.is\/?page_id=15252"},"modified":"2022-03-18T14:24:54","modified_gmt":"2022-03-18T14:24:54","slug":"blai-laxinn","status":"publish","type":"page","link":"http:\/\/korpulfar.is\/?page_id=15252","title":{"rendered":"Bl\u00e1i laxinn"},"content":{"rendered":"<div id=\"attachment_15253\" style=\"width: 1708px\" class=\"wp-caption alignleft\"><a href=\"http:\/\/www.korpulfar.is\/wp-content\/uploads\/2022\/03\/Bla\u0301i-laxinn.jpg\"><img aria-describedby=\"caption-attachment-15253\" decoding=\"async\" loading=\"lazy\" class=\"size-full wp-image-15253\" src=\"http:\/\/www.korpulfar.is\/wp-content\/uploads\/2022\/03\/Bla\u0301i-laxinn.jpg\" alt=\"\" width=\"1698\" height=\"620\" srcset=\"http:\/\/www.korpulfar.is\/wp-content\/uploads\/2022\/03\/Bla\u0301i-laxinn.jpg 1698w, http:\/\/www.korpulfar.is\/wp-content\/uploads\/2022\/03\/Bla\u0301i-laxinn-300x110.jpg 300w, http:\/\/www.korpulfar.is\/wp-content\/uploads\/2022\/03\/Bla\u0301i-laxinn-1024x374.jpg 1024w, http:\/\/www.korpulfar.is\/wp-content\/uploads\/2022\/03\/Bla\u0301i-laxinn-768x280.jpg 768w, http:\/\/www.korpulfar.is\/wp-content\/uploads\/2022\/03\/Bla\u0301i-laxinn-1536x561.jpg 1536w\" sizes=\"(max-width: 1698px) 100vw, 1698px\" \/><\/a><p id=\"caption-attachment-15253\" class=\"wp-caption-text\">Bl\u00e1i laxinn, 2008.\u00a0 150&#215;55 sm.\u00a0 Sp\u00f3naplata, akr\u00fdl og plastm\u00e1lning<\/p><\/div>\n<p>\u00fer\u00edr skynjarar kveikja \u00e1 lj\u00f3sd\u00ed\u00f3\u00f0um<\/p>\n","protected":false},"excerpt":{"rendered":"<p>\u00fer\u00edr skynjarar kveikja \u00e1 lj\u00f3sd\u00ed\u00f3\u00f0um<\/p>\n","protected":false},"author":2,"featured_media":0,"parent":0,"menu_order":0,"comment_status":"closed","ping_status":"closed","template":"","meta":[],"_links":{"self":[{"href":"http:\/\/korpulfar.is\/index.php?rest_route=\/wp\/v2\/pages\/15252"}],"collection":[{"href":"http:\/\/korpulfar.is\/index.php?rest_route=\/wp\/v2\/pages"}],"about":[{"href":"http:\/\/korpulfar.is\/index.php?rest_route=\/wp\/v2\/types\/page"}],"author":[{"embeddable":true,"href":"http:\/\/korpulfar.is\/index.php?rest_route=\/wp\/v2\/users\/2"}],"replies":[{"embeddable":true,"href":"http:\/\/korpulfar.is\/index.php?rest_route=%2Fwp%2Fv2%2Fcomments&post=15252"}],"version-history":[{"count":2,"href":"http:\/\/korpulfar.is\/index.php?rest_route=\/wp\/v2\/pages\/15252\/revisions"}],"predecessor-version":[{"id":15255,"href":"http:\/\/korpulfar.is\/index.php?rest_route=\/wp\/v2\/pages\/15252\/revisions\/15255"}],"wp:attachment":[{"href":"http:\/\/korpulfar.is\/index.php?rest_route=%2Fwp%2Fv2%2Fmedia&parent=15252"}],"curies":[{"name":"wp","href":"https:\/\/api.w.org\/{rel}","templated":true}]}}