{"id":15248,"date":"2022-03-18T14:16:36","date_gmt":"2022-03-18T14:16:36","guid":{"rendered":"https:\/\/www.korpulfar.is\/?page_id=15248"},"modified":"2022-05-20T14:12:23","modified_gmt":"2022-05-20T14:12:23","slug":"bankaran","status":"publish","type":"page","link":"http:\/\/korpulfar.is\/?page_id=15248","title":{"rendered":"Bankar\u00e1n"},"content":{"rendered":"<div id=\"attachment_15249\" style=\"width: 838px\" class=\"wp-caption alignleft\"><a href=\"http:\/\/www.korpulfar.is\/wp-content\/uploads\/2022\/03\/Bankara\u0301n-crop.jpg\"><img aria-describedby=\"caption-attachment-15249\" decoding=\"async\" loading=\"lazy\" class=\" wp-image-15249\" src=\"http:\/\/www.korpulfar.is\/wp-content\/uploads\/2022\/03\/Bankara\u0301n-crop.jpg\" alt=\"\" width=\"828\" height=\"361\" srcset=\"http:\/\/www.korpulfar.is\/wp-content\/uploads\/2022\/03\/Bankara\u0301n-crop.jpg 1944w, http:\/\/www.korpulfar.is\/wp-content\/uploads\/2022\/03\/Bankara\u0301n-crop-300x131.jpg 300w, http:\/\/www.korpulfar.is\/wp-content\/uploads\/2022\/03\/Bankara\u0301n-crop-1024x446.jpg 1024w, http:\/\/www.korpulfar.is\/wp-content\/uploads\/2022\/03\/Bankara\u0301n-crop-768x335.jpg 768w, http:\/\/www.korpulfar.is\/wp-content\/uploads\/2022\/03\/Bankara\u0301n-crop-1536x669.jpg 1536w\" sizes=\"(max-width: 828px) 100vw, 828px\" \/><\/a><p id=\"caption-attachment-15249\" class=\"wp-caption-text\">Bankar\u00e1n Sp\u00f3naplata, plastm\u00e1lning 130&#215;55 sm m\u00e1la\u00f0 2005<\/p><\/div>\n<p style=\"text-align: center;\">Er bankinn a\u00f0 r\u00e6na af \u00fe\u00e9r e\u00f0a ert \u00fe\u00fa a\u00f0 r\u00e6na bankann ?<\/p>\n","protected":false},"excerpt":{"rendered":"<p>Er bankinn a\u00f0 r\u00e6na af \u00fe\u00e9r e\u00f0a ert \u00fe\u00fa a\u00f0 r\u00e6na bankann ?<\/p>\n","protected":false},"author":2,"featured_media":0,"parent":0,"menu_order":0,"comment_status":"closed","ping_status":"closed","template":"","meta":[],"_links":{"self":[{"href":"http:\/\/korpulfar.is\/index.php?rest_route=\/wp\/v2\/pages\/15248"}],"collection":[{"href":"http:\/\/korpulfar.is\/index.php?rest_route=\/wp\/v2\/pages"}],"about":[{"href":"http:\/\/korpulfar.is\/index.php?rest_route=\/wp\/v2\/types\/page"}],"author":[{"embeddable":true,"href":"http:\/\/korpulfar.is\/index.php?rest_route=\/wp\/v2\/users\/2"}],"replies":[{"embeddable":true,"href":"http:\/\/korpulfar.is\/index.php?rest_route=%2Fwp%2Fv2%2Fcomments&post=15248"}],"version-history":[{"count":4,"href":"http:\/\/korpulfar.is\/index.php?rest_route=\/wp\/v2\/pages\/15248\/revisions"}],"predecessor-version":[{"id":15487,"href":"http:\/\/korpulfar.is\/index.php?rest_route=\/wp\/v2\/pages\/15248\/revisions\/15487"}],"wp:attachment":[{"href":"http:\/\/korpulfar.is\/index.php?rest_route=%2Fwp%2Fv2%2Fmedia&parent=15248"}],"curies":[{"name":"wp","href":"https:\/\/api.w.org\/{rel}","templated":true}]}}