{"id":15238,"date":"2022-03-17T22:52:41","date_gmt":"2022-03-17T22:52:41","guid":{"rendered":"https:\/\/www.korpulfar.is\/?page_id=15238"},"modified":"2022-03-17T22:52:41","modified_gmt":"2022-03-17T22:52:41","slug":"bjartur-dagur","status":"publish","type":"page","link":"http:\/\/korpulfar.is\/?page_id=15238","title":{"rendered":"Bjartur dagur"},"content":{"rendered":"<p><strong>Bjartur dagur<\/strong><\/p>\n<p>\u00cd dag sk\u00edn s\u00f3lin \u00e1 sandinn<\/p>\n<p>\u00ed dag er s\u00f3l \u00ed samviskunni<\/p>\n<p>\u00ed dag er engin skuggi<\/p>\n<p>\u00ed dag b\u00fdr vonin bjarts\u00fdn \u00ed s\u00e1linni<\/p>\n<p>hann \u00feorir ekki a\u00f0 sofna<\/p>\n<p>allt ver\u00f0ur svart ef<\/p>\n<p>hann lokar augunum<\/p>\n<p>\u00fev\u00ed \u00fe\u00e1 hverfur s\u00f3lin<\/p>\n<p><strong>Myrkur<\/strong><\/p>\n<p>\u00cd myrkrinu l\u00e6\u00f0ast um fj\u00e1rm\u00e1la b\u00f3far<\/p>\n<p>k\u00f6tturinn horfir \u00e1 \u00fe\u00e1 og mj\u00e1lmar<\/p>\n<p>\u00feegi\u00f0u \u00fearna k\u00f6ttur<\/p>\n<p>\u00fe\u00fa hefur ekkert vit \u00e1 peningum<\/p>\n<p>k\u00f6tturinn horfir \u00e1 \u00fe\u00e1 og mj\u00e1lmar<\/p>\n<p><strong>\u00de\u00fa ert ekkert<\/strong><\/p>\n<p>\u00de\u00fa ert ekki sk\u00e1ld<\/p>\n<p>\u00fe\u00fa \u00e1tt ekkert me\u00f0 a\u00f0 skrifa<\/p>\n<p>\u00fe\u00fa er \u00e6ttlaus<\/p>\n<p>\u00fe\u00fa ert vitlaus<\/p>\n<p>\u00fe\u00fa ver\u00f0ur ekkert<\/p>\n<p>\u00fe\u00fa skalt h\u00e6tta<\/p>\n<p>\u00fe\u00fa ert eins og k\u00f6ttur<\/p>\n","protected":false},"excerpt":{"rendered":"<p>Bjartur dagur \u00cd dag sk\u00edn s\u00f3lin \u00e1 sandinn \u00ed dag er s\u00f3l \u00ed samviskunni \u00ed dag er engin skuggi \u00ed dag b\u00fdr vonin bjarts\u00fdn \u00ed s\u00e1linni hann \u00feorir ekki a\u00f0 sofna allt ver\u00f0ur svart ef hann lokar augunum \u00fev\u00ed \u00fe\u00e1 hverfur s\u00f3lin Myrkur \u00cd myrkrinu l\u00e6\u00f0ast um fj\u00e1rm\u00e1la b\u00f3far k\u00f6tturinn horfir \u00e1 \u00fe\u00e1 og mj\u00e1lmar \u00feegi\u00f0u \u00fearna k\u00f6ttur \u00fe\u00fa hefur<\/p>\n","protected":false},"author":2,"featured_media":0,"parent":0,"menu_order":0,"comment_status":"closed","ping_status":"closed","template":"","meta":[],"_links":{"self":[{"href":"http:\/\/korpulfar.is\/index.php?rest_route=\/wp\/v2\/pages\/15238"}],"collection":[{"href":"http:\/\/korpulfar.is\/index.php?rest_route=\/wp\/v2\/pages"}],"about":[{"href":"http:\/\/korpulfar.is\/index.php?rest_route=\/wp\/v2\/types\/page"}],"author":[{"embeddable":true,"href":"http:\/\/korpulfar.is\/index.php?rest_route=\/wp\/v2\/users\/2"}],"replies":[{"embeddable":true,"href":"http:\/\/korpulfar.is\/index.php?rest_route=%2Fwp%2Fv2%2Fcomments&post=15238"}],"version-history":[{"count":1,"href":"http:\/\/korpulfar.is\/index.php?rest_route=\/wp\/v2\/pages\/15238\/revisions"}],"predecessor-version":[{"id":15239,"href":"http:\/\/korpulfar.is\/index.php?rest_route=\/wp\/v2\/pages\/15238\/revisions\/15239"}],"wp:attachment":[{"href":"http:\/\/korpulfar.is\/index.php?rest_route=%2Fwp%2Fv2%2Fmedia&parent=15238"}],"curies":[{"name":"wp","href":"https:\/\/api.w.org\/{rel}","templated":true}]}}