{"id":15138,"date":"2022-03-17T10:42:24","date_gmt":"2022-03-17T10:42:24","guid":{"rendered":"https:\/\/www.korpulfar.is\/?page_id=15138"},"modified":"2022-03-17T10:42:24","modified_gmt":"2022-03-17T10:42:24","slug":"an-titils-2","status":"publish","type":"page","link":"http:\/\/korpulfar.is\/?page_id=15138","title":{"rendered":"\u00c1n titils 2"},"content":{"rendered":"<div id=\"attachment_15134\" style=\"width: 1903px\" class=\"wp-caption alignleft\"><a href=\"http:\/\/www.korpulfar.is\/wp-content\/uploads\/2022\/03\/A\u0301n-titils-2.jpg\"><img aria-describedby=\"caption-attachment-15134\" decoding=\"async\" loading=\"lazy\" class=\"size-full wp-image-15134\" src=\"http:\/\/www.korpulfar.is\/wp-content\/uploads\/2022\/03\/A\u0301n-titils-2.jpg\" alt=\"\" width=\"1893\" height=\"870\" srcset=\"http:\/\/www.korpulfar.is\/wp-content\/uploads\/2022\/03\/A\u0301n-titils-2.jpg 1893w, http:\/\/www.korpulfar.is\/wp-content\/uploads\/2022\/03\/A\u0301n-titils-2-300x138.jpg 300w, http:\/\/www.korpulfar.is\/wp-content\/uploads\/2022\/03\/A\u0301n-titils-2-1024x471.jpg 1024w, http:\/\/www.korpulfar.is\/wp-content\/uploads\/2022\/03\/A\u0301n-titils-2-768x353.jpg 768w, http:\/\/www.korpulfar.is\/wp-content\/uploads\/2022\/03\/A\u0301n-titils-2-1536x706.jpg 1536w\" sizes=\"(max-width: 1893px) 100vw, 1893px\" \/><\/a><p id=\"caption-attachment-15134\" class=\"wp-caption-text\">\u00c1n titils 2.\u00a0 \u00a0Masonit, plast.\u00a0 157&#215;76,5<\/p><\/div>\n<p>M\u00e1la\u00f0 \u00e1 \u00deorl\u00e1ksmessu a\u00f0 lokinni sk\u00f6tuveislu, undir hlj\u00f3mum kirkjuklukkna og j\u00f3lakve\u00f0ja,<\/p>\n","protected":false},"excerpt":{"rendered":"<p>M\u00e1la\u00f0 \u00e1 \u00deorl\u00e1ksmessu a\u00f0 lokinni sk\u00f6tuveislu, undir hlj\u00f3mum kirkjuklukkna og j\u00f3lakve\u00f0ja,<\/p>\n","protected":false},"author":2,"featured_media":0,"parent":0,"menu_order":0,"comment_status":"closed","ping_status":"closed","template":"","meta":[],"_links":{"self":[{"href":"http:\/\/korpulfar.is\/index.php?rest_route=\/wp\/v2\/pages\/15138"}],"collection":[{"href":"http:\/\/korpulfar.is\/index.php?rest_route=\/wp\/v2\/pages"}],"about":[{"href":"http:\/\/korpulfar.is\/index.php?rest_route=\/wp\/v2\/types\/page"}],"author":[{"embeddable":true,"href":"http:\/\/korpulfar.is\/index.php?rest_route=\/wp\/v2\/users\/2"}],"replies":[{"embeddable":true,"href":"http:\/\/korpulfar.is\/index.php?rest_route=%2Fwp%2Fv2%2Fcomments&post=15138"}],"version-history":[{"count":1,"href":"http:\/\/korpulfar.is\/index.php?rest_route=\/wp\/v2\/pages\/15138\/revisions"}],"predecessor-version":[{"id":15139,"href":"http:\/\/korpulfar.is\/index.php?rest_route=\/wp\/v2\/pages\/15138\/revisions\/15139"}],"wp:attachment":[{"href":"http:\/\/korpulfar.is\/index.php?rest_route=%2Fwp%2Fv2%2Fmedia&parent=15138"}],"curies":[{"name":"wp","href":"https:\/\/api.w.org\/{rel}","templated":true}]}}