{"id":15120,"date":"2022-03-16T17:31:56","date_gmt":"2022-03-16T17:31:56","guid":{"rendered":"https:\/\/www.korpulfar.is\/?page_id=15120"},"modified":"2022-03-16T17:31:56","modified_gmt":"2022-03-16T17:31:56","slug":"myndverk","status":"publish","type":"page","link":"http:\/\/korpulfar.is\/?page_id=15120","title":{"rendered":"Myndverk"},"content":{"rendered":"<div id=\"attachment_15121\" style=\"width: 1759px\" class=\"wp-caption alignleft\"><a href=\"http:\/\/www.korpulfar.is\/wp-content\/uploads\/2022\/03\/A\u0301n-titils-3.jpg\"><img aria-describedby=\"caption-attachment-15121\" decoding=\"async\" loading=\"lazy\" class=\"size-full wp-image-15121\" src=\"http:\/\/www.korpulfar.is\/wp-content\/uploads\/2022\/03\/A\u0301n-titils-3.jpg\" alt=\"\" width=\"1749\" height=\"943\" srcset=\"http:\/\/www.korpulfar.is\/wp-content\/uploads\/2022\/03\/A\u0301n-titils-3.jpg 1749w, http:\/\/www.korpulfar.is\/wp-content\/uploads\/2022\/03\/A\u0301n-titils-3-300x162.jpg 300w, http:\/\/www.korpulfar.is\/wp-content\/uploads\/2022\/03\/A\u0301n-titils-3-1024x552.jpg 1024w, http:\/\/www.korpulfar.is\/wp-content\/uploads\/2022\/03\/A\u0301n-titils-3-768x414.jpg 768w, http:\/\/www.korpulfar.is\/wp-content\/uploads\/2022\/03\/A\u0301n-titils-3-1536x828.jpg 1536w\" sizes=\"(max-width: 1749px) 100vw, 1749px\" \/><\/a><p id=\"caption-attachment-15121\" class=\"wp-caption-text\">\u00c1n titils- 3\u00a0 \u00a02002 132X78 sm. Masonit, plast og akr\u00fdl<\/p><\/div>\n<p>&nbsp;<\/p>\n<p>Litirnir hverfa um sj\u00e1lfskapa\u00f0 \u00e1stand sitt. Myndin er m\u00e1lu\u00f0 \u00ed desember 2002 \u00feegar j\u00f3laaugl\u00fdsingar \u00ed \u00fatvarpinu voru \u00ed h\u00e1marki. Me\u00f0 plastm\u00e1lningu yfir akr\u00fdl f\u00e6st &#8220;krakk&#8221; \u00e1fer\u00f0 sem m\u00e1 sj\u00f3 \u00e1 vissu sv\u00e6\u00f0i.<\/p>\n","protected":false},"excerpt":{"rendered":"<p>&nbsp; Litirnir hverfa um sj\u00e1lfskapa\u00f0 \u00e1stand sitt. Myndin er m\u00e1lu\u00f0 \u00ed desember 2002 \u00feegar j\u00f3laaugl\u00fdsingar \u00ed \u00fatvarpinu voru \u00ed h\u00e1marki. Me\u00f0 plastm\u00e1lningu yfir akr\u00fdl f\u00e6st &#8220;krakk&#8221; \u00e1fer\u00f0 sem m\u00e1 sj\u00f3 \u00e1 vissu sv\u00e6\u00f0i.<\/p>\n","protected":false},"author":2,"featured_media":0,"parent":0,"menu_order":0,"comment_status":"closed","ping_status":"closed","template":"","meta":[],"_links":{"self":[{"href":"http:\/\/korpulfar.is\/index.php?rest_route=\/wp\/v2\/pages\/15120"}],"collection":[{"href":"http:\/\/korpulfar.is\/index.php?rest_route=\/wp\/v2\/pages"}],"about":[{"href":"http:\/\/korpulfar.is\/index.php?rest_route=\/wp\/v2\/types\/page"}],"author":[{"embeddable":true,"href":"http:\/\/korpulfar.is\/index.php?rest_route=\/wp\/v2\/users\/2"}],"replies":[{"embeddable":true,"href":"http:\/\/korpulfar.is\/index.php?rest_route=%2Fwp%2Fv2%2Fcomments&post=15120"}],"version-history":[{"count":1,"href":"http:\/\/korpulfar.is\/index.php?rest_route=\/wp\/v2\/pages\/15120\/revisions"}],"predecessor-version":[{"id":15122,"href":"http:\/\/korpulfar.is\/index.php?rest_route=\/wp\/v2\/pages\/15120\/revisions\/15122"}],"wp:attachment":[{"href":"http:\/\/korpulfar.is\/index.php?rest_route=%2Fwp%2Fv2%2Fmedia&parent=15120"}],"curies":[{"name":"wp","href":"https:\/\/api.w.org\/{rel}","templated":true}]}}