{"id":14896,"date":"2022-01-22T21:34:15","date_gmt":"2022-01-22T21:34:15","guid":{"rendered":"https:\/\/www.korpulfar.is\/?page_id=14896"},"modified":"2022-01-22T21:34:15","modified_gmt":"2022-01-22T21:34:15","slug":"rigning","status":"publish","type":"page","link":"http:\/\/korpulfar.is\/?page_id=14896","title":{"rendered":"Rigning"},"content":{"rendered":"<p><span style=\"font-size: 20px;\"><strong>Svartur dagur<\/strong><\/span><\/p>\n<p><span style=\"font-family: Arial, Helvetica, sans-serif; font-size: 18px;\">dagurinn er svartur sem samviskan<\/span><\/p>\n<p><span style=\"font-family: Arial, Helvetica, sans-serif; font-size: 18px;\">rigning \u00ed dag<\/span><\/p>\n<p><span style=\"font-family: Arial, Helvetica, sans-serif; font-size: 18px;\">rigning \u00ed g\u00e6r<\/span><\/p>\n<p><span style=\"font-family: Arial, Helvetica, sans-serif; font-size: 18px;\">rigning \u00ed fyrradag<\/span><\/p>\n<p><span style=\"font-family: Arial, Helvetica, sans-serif; font-size: 18px;\">rigning \u00e1 morgun<\/span><\/p>\n<p><span style=\"font-family: Arial, Helvetica, sans-serif; font-size: 18px;\">rigning hinn daginn<\/span><\/p>\n<p><span style=\"font-family: Arial, Helvetica, sans-serif; font-size: 18px;\">rigning rigning rigning.<\/span><\/p>\n<p>&nbsp;<\/p>\n<p><span style=\"font-size: 18px;\">\u00cd skugga samviskunnar<\/span><\/p>\n<p><span style=\"font-size: 18px;\">felur dau\u00f0inn sig<\/span><\/p>\n<p><span style=\"font-size: 18px;\">hann b\u00ed\u00f0ur r\u00f3legur<\/span><\/p>\n<p><span style=\"font-size: 18px;\">hann veit a\u00f0 hann n\u00e6r \u00fe\u00e9r<\/span><\/p>\n<p><span style=\"font-size: 18px;\">br\u00e1tt ver\u00f0ur \u00fe\u00fa \u00ed<\/span><\/p>\n<p><span style=\"font-size: 18px;\">heims\u00f3kn hj\u00e1 honum<\/span><\/p>\n<p><span style=\"font-size: 18px;\">\u00fe\u00e1 skipir ekki m\u00e1li<\/span><\/p>\n<p><span style=\"font-size: 18px;\">hvort \u00fea\u00f0 er rigning<\/span><\/p>\n<p>&nbsp;<\/p>\n<p><span style=\"font-size: 20px; font-family: 'Arial Black', 'Avant Garde';\"><strong>Bjartur dagur<\/strong><\/span><\/p>\n<p><span style=\"font-size: 18px;\">\u00cd dag sk\u00edn s\u00f3lin \u00e1 sandinn<\/span><\/p>\n<p><span style=\"font-size: 18px;\">\u00ed dag er s\u00f3l \u00ed samviskunni<\/span><\/p>\n<p><span style=\"font-size: 18px;\">\u00ed dag er engin skuggi<\/span><\/p>\n<p><span style=\"font-size: 18px;\">\u00ed dag b\u00fdr vonin bjarts\u00fdn \u00ed s\u00e1linni<\/span><\/p>\n<p><span style=\"font-size: 18px;\">hann \u00feorir ekki a\u00f0 sofna<\/span><\/p>\n<p><span style=\"font-size: 18px;\">allt ver\u00f0ur svart ef<\/span><\/p>\n<p><span style=\"font-size: 18px;\">hann lokar augunum<\/span><\/p>\n<p><span style=\"font-size: 18px;\">\u00fev\u00ed \u00fe\u00e1 hverfur s\u00f3lin<\/span><\/p>\n","protected":false},"excerpt":{"rendered":"<p>Svartur dagur dagurinn er svartur sem samviskan rigning \u00ed dag rigning \u00ed g\u00e6r rigning \u00ed fyrradag rigning \u00e1 morgun rigning hinn daginn rigning rigning rigning. &nbsp; \u00cd skugga samviskunnar felur dau\u00f0inn sig hann b\u00ed\u00f0ur r\u00f3legur hann veit a\u00f0 hann n\u00e6r \u00fe\u00e9r br\u00e1tt ver\u00f0ur \u00fe\u00fa \u00ed heims\u00f3kn hj\u00e1 honum \u00fe\u00e1 skipir ekki m\u00e1li hvort \u00fea\u00f0 er rigning &nbsp; Bjartur dagur \u00cd<\/p>\n","protected":false},"author":2,"featured_media":0,"parent":0,"menu_order":0,"comment_status":"closed","ping_status":"closed","template":"","meta":[],"_links":{"self":[{"href":"http:\/\/korpulfar.is\/index.php?rest_route=\/wp\/v2\/pages\/14896"}],"collection":[{"href":"http:\/\/korpulfar.is\/index.php?rest_route=\/wp\/v2\/pages"}],"about":[{"href":"http:\/\/korpulfar.is\/index.php?rest_route=\/wp\/v2\/types\/page"}],"author":[{"embeddable":true,"href":"http:\/\/korpulfar.is\/index.php?rest_route=\/wp\/v2\/users\/2"}],"replies":[{"embeddable":true,"href":"http:\/\/korpulfar.is\/index.php?rest_route=%2Fwp%2Fv2%2Fcomments&post=14896"}],"version-history":[{"count":1,"href":"http:\/\/korpulfar.is\/index.php?rest_route=\/wp\/v2\/pages\/14896\/revisions"}],"predecessor-version":[{"id":14897,"href":"http:\/\/korpulfar.is\/index.php?rest_route=\/wp\/v2\/pages\/14896\/revisions\/14897"}],"wp:attachment":[{"href":"http:\/\/korpulfar.is\/index.php?rest_route=%2Fwp%2Fv2%2Fmedia&parent=14896"}],"curies":[{"name":"wp","href":"https:\/\/api.w.org\/{rel}","templated":true}]}}