{"id":14877,"date":"2022-01-12T13:17:57","date_gmt":"2022-01-12T13:17:57","guid":{"rendered":"https:\/\/www.korpulfar.is\/?page_id=14877"},"modified":"2022-01-12T13:17:57","modified_gmt":"2022-01-12T13:17:57","slug":"valentinus","status":"publish","type":"page","link":"http:\/\/korpulfar.is\/?page_id=14877","title":{"rendered":"Valent\u00ednus"},"content":{"rendered":"<p><strong><a href=\"http:\/\/www.korpulfar.is\/wp-content\/uploads\/2022\/01\/images-2.jpg\"><img decoding=\"async\" loading=\"lazy\" class=\"alignleft size-full wp-image-14879\" src=\"http:\/\/www.korpulfar.is\/wp-content\/uploads\/2022\/01\/images-2.jpg\" alt=\"\" width=\"225\" height=\"225\" srcset=\"http:\/\/www.korpulfar.is\/wp-content\/uploads\/2022\/01\/images-2.jpg 225w, http:\/\/www.korpulfar.is\/wp-content\/uploads\/2022\/01\/images-2-150x150.jpg 150w, http:\/\/www.korpulfar.is\/wp-content\/uploads\/2022\/01\/images-2-90x90.jpg 90w, http:\/\/www.korpulfar.is\/wp-content\/uploads\/2022\/01\/images-2-75x75.jpg 75w\" sizes=\"(max-width: 225px) 100vw, 225px\" \/><\/a>Valent\u00ednusardagur<\/strong><\/p>\n<p>\u00cd valdat\u00ed\u00f0 Marcusar Aureliusar Augustusar Gothicusar, \u00feekktur sem Claudius 2. Keisari \u00ed R\u00f3m fr\u00e1 268 til 270 eftir Krist, ur\u00f0u atbur\u00f0ir sem tengjast Valent\u00edusi.<\/p>\n<p>\u00dea\u00f0 eru \u00fer\u00edr Valent\u00edusar sem sagnir eru um fr\u00e1 \u00feessum t\u00edmum. N\u00fa eru sumir sem vilja hafa \u00fea\u00f0 sem sannara reynist. \u00deetta er oft nota\u00f0 en \u00e9g vil hafa \u00fea\u00f0 sem skemmtilegra er,\u00a0 \u00ed svona efnum.<\/p>\n<p>Claudius 2. var duglegur herforingi og vann marga fr\u00e6kilega sigra. Me\u00f0al fr\u00e6gra sigra sem hann vann var orrusta vi\u00f0 Gota vi\u00f0 Naissus sem s\u00ed\u00f0ar var \u00ed\u00a0 J\u00fag\u00f3slav\u00edu. N\u00fa \u00e1\u00a0 valdat\u00edma Claudiusar sem keisara, komu upp vandam\u00e1l\u00a0 me\u00f0al hermanna. R\u00e1\u00f0gjafar Claudiusar t\u00f6ldu a\u00f0 helstu vandr\u00e6\u00f0in tengdust \u00fev\u00ed a\u00f0 hermennirnir, \u00fea\u00f0 er \u00feeir sem voru giftir e\u00f0a tr\u00falofa\u00f0ir vildu heldur k\u00fara undir s\u00e6ngurhorni kvenna sinna frekar en berjast vi\u00f0 \u00f3kunnuga einhversta\u00f0ar \u00fati \u00ed heimi.<\/p>\n<p>\u00dar var\u00f0 a\u00f0 Claudius banna\u00f0i herm\u00f6nnum s\u00ednum a\u00f0 giftast e\u00f0a eiga k\u00e6rustur.<\/p>\n<p>N\u00fa kemur til s\u00f6gunnar Valent\u00ednus sem \u00fe\u00e1 var prestur \u00ed R\u00f3m. Valent\u00ednus \u00feessi haf\u00f0i s\u00f3tt um a\u00f0 ver\u00f0a p\u00e1fi en ekki fengi\u00f0 djobbi\u00f0. \u00deess vegna var hann h\u00e1lf s\u00far \u00fat \u00ed kirkjuna og keisarann.<\/p>\n<p>N\u00fa tekur Valent\u00ednus a\u00f0 gifta hermenn Claudiusar \u00e1 laun fyrir l\u00edtinn pening. Leyni\u00fej\u00f3nusta Claudiusar kemst a\u00f0 \u00feessu og tilkynnir Claudiusi, sem var\u00f0 \u00e6fur vi\u00f0 og fyrirskipar tafarlausa handt\u00f6ku Valent\u00ednusar. Svo rei\u00f0ur var Claudius a\u00f0 hann fyrirskipa\u00f0i a\u00f0 Valent\u00ednus skuli ver\u00f0a laminn me\u00f0 hafnarboltakylfum \u00fear til hann gefi upp \u00f6ndina og s\u00ed\u00f0an h\u00e1lsh\u00f6ggvinn.<\/p>\n<p>Valent\u00ednusi er n\u00fa hent \u00ed steininn og aft\u00f6kudagurinn \u00e1kve\u00f0inn 14 febr\u00faar \u00e1ri\u00f0 269 eftir Krist.Me\u00f0an Valent\u00ednus b\u00ed\u00f0ur barsm\u00ed\u00f0anna og axarinnar, kynnist hann d\u00f3ttur fangelsisstj\u00f3rans sem var blind.<\/p>\n<p>Sagt er a\u00f0 \u00feau hafi hist \u00e1 laun \u00ed klefanum sem Valent\u00ednus var haf\u00f0ur \u00ed og veri\u00f0 innileg hvort vi\u00f0 anna\u00f0.<\/p>\n<p>N\u00fa rennur upp 14. Febr\u00faar \u00e1ri\u00f0 269. Hafnaboltakylfurnar eru splunkun\u00fdjar sem nota \u00e1.<\/p>\n<p>Valent\u00ednus f\u00e6r g\u00f3\u00f0f\u00faslega leyfi til a\u00f0 skrifa br\u00e9f til d\u00f3ttur fangelsisstj\u00f3rans, sem hann gerir og undirritar \u00fea\u00f0 \u201e\u00feinn Valentinus \u201e \u00deetta er tali\u00f0 fyrsta Valent\u00ednusarbr\u00e9fi\u00f0.<\/p>\n<p>D\u00f3minum er fulln\u00e6gt en \u00fe\u00e1 breg\u00f0ur svo vi\u00f0 a\u00f0 d\u00f3ttir fangelsisstj\u00f3rans f\u00e6r sj\u00f3nina akk\u00farat \u00feegar h\u00f6fu\u00f0 Valent\u00ednusar skilur vi\u00f0 b\u00fakinn.<\/p>\n<p>\u00dea\u00f0 er af Caudiusi 2. a\u00f0 segja, a\u00f0 hann f\u00e9kk sv\u00ednaflensu \u00ed jan\u00faar 270 sem leiddi hann til dau\u00f0a. Eftir dau\u00f0a hans byrja\u00f0i 200 \u00e1ra hnignunar t\u00edmabil R\u00f3marveldis.<\/p>\n<p>Fr\u00e1 sext\u00e1ndu \u00f6ld hafa Bretar og Skotar haldi\u00f0 Valent\u00ednusardag h\u00e1t\u00ed\u00f0legan. En sagnir eru um a\u00f0 \u00e1 14 \u00f6ld hafi \u00feessi dagur veri\u00f0 h\u00e1t\u00ed\u00f0isdagur elskenda og k\u00e6rustupara \u00ed Evr\u00f3pu.<\/p>\n<p>Til Bandar\u00edkjanna berst \u00feessi si\u00f0ur me\u00f0 Breskum innflytjendum, og hafa Bandar\u00edkjamenn veri\u00f0 einna i\u00f0nastir vi\u00f0 a\u00f0 halda upp\u00e1 daginn. Hinga\u00f0 berst \u00feessi si\u00f0ur fr\u00e1 Bandar\u00edkjunum og Danm\u00f6rku um 1960 e\u00f0a \u00fear um bil.Valentin \u00fe\u00fd\u00f0ir hinn heilbrig\u00f0i og duglegi e\u00f0a \u00feannig.<\/p>\n<p>Um 1950 fengu bl\u00f3masalar og gullsmi\u00f0ir \u00ed Danm\u00f6rku \u00fe\u00e1 geislandi hugmynd a\u00f0 tengja saman d\u00e1nardag Valent\u00ednusar vi\u00f0 bl\u00f3ma og gulls\u00f6lu.<\/p>\n<p>Hugmyndin \u00fe\u00f3tti fr\u00e1b\u00e6r, en \u00fer\u00e1tt fyrir \u00fea\u00f0 var \u00fea\u00f0 ekki fyrr en um 1960 sem Valent\u00ednusardagurinn haf\u00f0i unni\u00f0 s\u00e9r sess \u00ed d\u00f6nsku \u00fej\u00f3\u00f0l\u00edfi.<\/p>\n<p><a href=\"http:\/\/www.korpulfar.is\/wp-content\/uploads\/2022\/01\/images-1-1.jpg\"><img decoding=\"async\" loading=\"lazy\" class=\"alignleft wp-image-14880\" src=\"http:\/\/www.korpulfar.is\/wp-content\/uploads\/2022\/01\/images-1-1.jpg\" alt=\"\" width=\"260\" height=\"146\" \/><\/a><\/p>\n","protected":false},"excerpt":{"rendered":"<p>Valent\u00ednusardagur \u00cd valdat\u00ed\u00f0 Marcusar Aureliusar Augustusar Gothicusar, \u00feekktur sem Claudius 2. Keisari \u00ed R\u00f3m fr\u00e1 268 til 270 eftir Krist, ur\u00f0u atbur\u00f0ir sem tengjast Valent\u00edusi. \u00dea\u00f0 eru \u00fer\u00edr Valent\u00edusar sem sagnir eru um fr\u00e1 \u00feessum t\u00edmum. N\u00fa eru sumir sem vilja hafa \u00fea\u00f0 sem sannara reynist. \u00deetta er oft nota\u00f0 en \u00e9g vil hafa \u00fea\u00f0 sem skemmtilegra er,\u00a0 \u00ed svona<\/p>\n","protected":false},"author":2,"featured_media":0,"parent":0,"menu_order":0,"comment_status":"closed","ping_status":"closed","template":"","meta":[],"_links":{"self":[{"href":"http:\/\/korpulfar.is\/index.php?rest_route=\/wp\/v2\/pages\/14877"}],"collection":[{"href":"http:\/\/korpulfar.is\/index.php?rest_route=\/wp\/v2\/pages"}],"about":[{"href":"http:\/\/korpulfar.is\/index.php?rest_route=\/wp\/v2\/types\/page"}],"author":[{"embeddable":true,"href":"http:\/\/korpulfar.is\/index.php?rest_route=\/wp\/v2\/users\/2"}],"replies":[{"embeddable":true,"href":"http:\/\/korpulfar.is\/index.php?rest_route=%2Fwp%2Fv2%2Fcomments&post=14877"}],"version-history":[{"count":2,"href":"http:\/\/korpulfar.is\/index.php?rest_route=\/wp\/v2\/pages\/14877\/revisions"}],"predecessor-version":[{"id":14881,"href":"http:\/\/korpulfar.is\/index.php?rest_route=\/wp\/v2\/pages\/14877\/revisions\/14881"}],"wp:attachment":[{"href":"http:\/\/korpulfar.is\/index.php?rest_route=%2Fwp%2Fv2%2Fmedia&parent=14877"}],"curies":[{"name":"wp","href":"https:\/\/api.w.org\/{rel}","templated":true}]}}