{"id":14875,"date":"2022-01-12T12:32:41","date_gmt":"2022-01-12T12:32:41","guid":{"rendered":"https:\/\/www.korpulfar.is\/?page_id=14875"},"modified":"2022-01-12T12:32:41","modified_gmt":"2022-01-12T12:32:41","slug":"lygin","status":"publish","type":"page","link":"http:\/\/korpulfar.is\/?page_id=14875","title":{"rendered":"LYGIN"},"content":{"rendered":"<p><strong><em><a href=\"http:\/\/www.korpulfar.is\/wp-content\/uploads\/2022\/01\/u\u0301lfur.png\"><img decoding=\"async\" loading=\"lazy\" class=\"alignleft  wp-image-14867\" src=\"http:\/\/www.korpulfar.is\/wp-content\/uploads\/2022\/01\/u\u0301lfur.png\" alt=\"\" width=\"101\" height=\"115\" \/><\/a>LYGIN<\/em><\/strong><\/p>\n<p>Sannleikur er ekki til<\/p>\n<p>Lygin er til<\/p>\n<p>lygin er allsr\u00e1\u00f0andi<\/p>\n<p>lygin er \u00fea\u00f0 sem<\/p>\n<p>n\u00e6rir samf\u00e9lagi\u00f0<\/p>\n<p>lygin deyfir okkur<\/p>\n<p>lygin er vanabindandi<\/p>\n<p>vi\u00f0 ver\u00f0um a\u00f0 f\u00e1<\/p>\n<p>lygi \u00e1 hverjum degi<\/p>\n<p>annars l\u00ed\u00f0ur okkur illa<\/p>\n<p>\u00feegar lygin hverfur<\/p>\n<p>deyjum vi\u00f0<\/p>\n<p>&nbsp;<\/p>\n","protected":false},"excerpt":{"rendered":"<p>LYGIN Sannleikur er ekki til Lygin er til lygin er allsr\u00e1\u00f0andi lygin er \u00fea\u00f0 sem n\u00e6rir samf\u00e9lagi\u00f0 lygin deyfir okkur lygin er vanabindandi vi\u00f0 ver\u00f0um a\u00f0 f\u00e1 lygi \u00e1 hverjum degi annars l\u00ed\u00f0ur okkur illa \u00feegar lygin hverfur deyjum vi\u00f0 &nbsp;<\/p>\n","protected":false},"author":2,"featured_media":0,"parent":0,"menu_order":0,"comment_status":"closed","ping_status":"closed","template":"","meta":[],"_links":{"self":[{"href":"http:\/\/korpulfar.is\/index.php?rest_route=\/wp\/v2\/pages\/14875"}],"collection":[{"href":"http:\/\/korpulfar.is\/index.php?rest_route=\/wp\/v2\/pages"}],"about":[{"href":"http:\/\/korpulfar.is\/index.php?rest_route=\/wp\/v2\/types\/page"}],"author":[{"embeddable":true,"href":"http:\/\/korpulfar.is\/index.php?rest_route=\/wp\/v2\/users\/2"}],"replies":[{"embeddable":true,"href":"http:\/\/korpulfar.is\/index.php?rest_route=%2Fwp%2Fv2%2Fcomments&post=14875"}],"version-history":[{"count":1,"href":"http:\/\/korpulfar.is\/index.php?rest_route=\/wp\/v2\/pages\/14875\/revisions"}],"predecessor-version":[{"id":14876,"href":"http:\/\/korpulfar.is\/index.php?rest_route=\/wp\/v2\/pages\/14875\/revisions\/14876"}],"wp:attachment":[{"href":"http:\/\/korpulfar.is\/index.php?rest_route=%2Fwp%2Fv2%2Fmedia&parent=14875"}],"curies":[{"name":"wp","href":"https:\/\/api.w.org\/{rel}","templated":true}]}}