{"id":14859,"date":"2022-01-11T15:14:52","date_gmt":"2022-01-11T15:14:52","guid":{"rendered":"https:\/\/www.korpulfar.is\/?page_id=14859"},"modified":"2022-01-11T17:27:13","modified_gmt":"2022-01-11T17:27:13","slug":"flotti","status":"publish","type":"page","link":"http:\/\/korpulfar.is\/?page_id=14859","title":{"rendered":"Fl\u00f3tti"},"content":{"rendered":"<p><strong><em><a href=\"http:\/\/www.korpulfar.is\/wp-content\/uploads\/2022\/01\/u\u0301lfur.png\"><img decoding=\"async\" loading=\"lazy\" class=\"alignleft size-full wp-image-14867\" src=\"http:\/\/www.korpulfar.is\/wp-content\/uploads\/2022\/01\/u\u0301lfur.png\" alt=\"\" width=\"73\" height=\"83\" \/><\/a><a href=\"http:\/\/www.korpulfar.is\/wp-content\/uploads\/2022\/01\/images-1.jpg\"><img decoding=\"async\" loading=\"lazy\" class=\"alignleft size-full wp-image-14863\" src=\"http:\/\/www.korpulfar.is\/wp-content\/uploads\/2022\/01\/images-1.jpg\" alt=\"\" width=\"268\" height=\"188\" \/><\/a>Fl\u00f3tti<\/em><\/strong><\/p>\n<p>Hann fl\u00fa\u00f0i a\u00f0 heiman<\/p>\n<p>hann fl\u00fa\u00f0i \u00fat \u00e1 g\u00f6tu<\/p>\n<p>hann fl\u00fa\u00f0i \u00far borginni<\/p>\n<p>hann fl\u00fa\u00f0i \u00far landinu<\/p>\n<p>hann kom til lands<\/p>\n<p>hann h\u00e9lt \u00fea\u00f0 land v\u00e6ri gott<\/p>\n<p>hann hraktist milli gaddav\u00edra<\/p>\n<p>hann fann ekkert r\u00e9ttl\u00e6ti<\/p>\n<p>hann fann enga miskunn<\/p>\n<p>hann fann enga sam\u00fa\u00f0<\/p>\n<p>hann hraktist fr\u00e1 gaddav\u00edrunum<\/p>\n<p>hann var svangur<\/p>\n<p>hann var \u00feyrstur<\/p>\n<p>hann \u00fer\u00e1\u00f0i \u00e1st<\/p>\n<p>hann l\u00e1 \u00ed r\u00e6sinu<\/p>\n<p>hann var \u00f3noth\u00e6ft rusl<\/p>\n<p>hann var me\u00f0 k\u00falu \u00ed hjartanu<\/p>\n<p>hann var d\u00e1inn.<\/p>\n","protected":false},"excerpt":{"rendered":"<p>Fl\u00f3tti Hann fl\u00fa\u00f0i a\u00f0 heiman hann fl\u00fa\u00f0i \u00fat \u00e1 g\u00f6tu hann fl\u00fa\u00f0i \u00far borginni hann fl\u00fa\u00f0i \u00far landinu hann kom til lands hann h\u00e9lt \u00fea\u00f0 land v\u00e6ri gott hann hraktist milli gaddav\u00edra hann fann ekkert r\u00e9ttl\u00e6ti hann fann enga miskunn hann fann enga sam\u00fa\u00f0 hann hraktist fr\u00e1 gaddav\u00edrunum hann var svangur hann var \u00feyrstur hann \u00fer\u00e1\u00f0i \u00e1st hann l\u00e1 \u00ed<\/p>\n","protected":false},"author":2,"featured_media":0,"parent":0,"menu_order":0,"comment_status":"closed","ping_status":"closed","template":"","meta":[],"_links":{"self":[{"href":"http:\/\/korpulfar.is\/index.php?rest_route=\/wp\/v2\/pages\/14859"}],"collection":[{"href":"http:\/\/korpulfar.is\/index.php?rest_route=\/wp\/v2\/pages"}],"about":[{"href":"http:\/\/korpulfar.is\/index.php?rest_route=\/wp\/v2\/types\/page"}],"author":[{"embeddable":true,"href":"http:\/\/korpulfar.is\/index.php?rest_route=\/wp\/v2\/users\/2"}],"replies":[{"embeddable":true,"href":"http:\/\/korpulfar.is\/index.php?rest_route=%2Fwp%2Fv2%2Fcomments&post=14859"}],"version-history":[{"count":4,"href":"http:\/\/korpulfar.is\/index.php?rest_route=\/wp\/v2\/pages\/14859\/revisions"}],"predecessor-version":[{"id":14868,"href":"http:\/\/korpulfar.is\/index.php?rest_route=\/wp\/v2\/pages\/14859\/revisions\/14868"}],"wp:attachment":[{"href":"http:\/\/korpulfar.is\/index.php?rest_route=%2Fwp%2Fv2%2Fmedia&parent=14859"}],"curies":[{"name":"wp","href":"https:\/\/api.w.org\/{rel}","templated":true}]}}