{"id":14842,"date":"2022-01-02T15:40:13","date_gmt":"2022-01-02T15:40:13","guid":{"rendered":"https:\/\/www.korpulfar.is\/?page_id=14842"},"modified":"2022-01-03T12:06:34","modified_gmt":"2022-01-03T12:06:34","slug":"bosporus","status":"publish","type":"page","link":"http:\/\/korpulfar.is\/?page_id=14842","title":{"rendered":"Bosporus"},"content":{"rendered":"<p><a href=\"http:\/\/www.korpulfar.is\/wp-content\/uploads\/2022\/01\/images.jpg\"><img decoding=\"async\" loading=\"lazy\" class=\"alignleft size-full wp-image-14845\" src=\"http:\/\/www.korpulfar.is\/wp-content\/uploads\/2022\/01\/images.jpg\" alt=\"\" width=\"294\" height=\"172\" \/><\/a>Sundi\u00f0 milli As\u00edu og Evr\u00f3pu var nafnlaust \u00ed margar aldir. V\u00e6ringjar sem komu a\u00f0 \u00feessu sundi k\u00f6llu\u00f0u \u00fea\u00f0 S\u00e6vi\u00f0arsund en sumir telja a\u00f0 \u00fea\u00f0 hafi veri\u00f0 kalla\u00f0 Nj\u00f6rfasund. Ekki get \u00e9g sagt um \u00fea\u00f0 me\u00f0 neinni vissu, en heyrt hef \u00e9g a\u00f0 einhverat\u00edma fyrir langa l\u00f6ngu, \u00a0l\u00f6ngu fyrir okkar daga hafi \u00a0Seifur b\u00fai\u00f0 \u00ed grennd vi\u00f0 sundi\u00f0 \u00e1samt Heru eiginkonu sinni, forkunnarfagurri konu.<\/p>\n<p>Eitt sinn er Seifur gekk \u00fat \u00e1 t\u00fani\u00f0 fyrir framan b\u00e6inn sinn, kom hann auga \u00e1\u00a0 st\u00falku, sem ekki var s\u00ed\u00f0ur falleg en Hera. St\u00falka \u00feessi var fr\u00e1 \u00feorpinu hinumegin vi\u00f0 l\u00e6kinn.\u00deau Seifur og st\u00falkan taka n\u00fa spjall saman.<\/p>\n<p>Um s\u00ed\u00f0ir fellur st\u00falkan fyrir t\u00f6frum Seifs, en st\u00falkur \u00e1 \u00feeim t\u00edma \u00e1ttu fullt \u00ed fangi me\u00f0 a\u00f0 verjast karlm\u00f6nnum sem \u00feeim leyst ekki \u00e1,\u00a0 en a\u00f0 verjast \u00e1stum Seifs var \u00feessari st\u00falku um megn, enda f\u00f3r svo a\u00f0 h\u00fan gafst a\u00f0 honum.<\/p>\n<p>\u00deetta \u00e1stand sem var n\u00fa komi\u00f0 upp milli \u00feeirra Seifs og st\u00falkunnar var ekki tilhl\u00fd\u00f0ilegt a\u00f0 mati eiginkvenna \u00feess t\u00edma. En \u00e1stin er blind. \u00deannig gekk \u00feetta um t\u00edma. En Heru var fari\u00f0 a\u00f0 gruna eitthva\u00f0. Seifur var s\u00edfellt a\u00f0 skj\u00f3tast \u00fat og haga\u00f0i s\u00e9r undarlega.<\/p>\n<p>Eitt sinn \u00feegar Seifur br\u00e1 s\u00e9r \u00fat,\u00a0 bei\u00f0 Hera um stund inni \u00ed b\u00e6num, en f\u00f3r svo \u00fat og \u00ed \u00e1ttina sem h\u00fan s\u00e1 a\u00f0 Seifur f\u00f3r \u00ed. \u00deegar Seifur var\u00f0 \u00feess var a\u00f0 Hera n\u00e1lga\u00f0ist, breytti hann st\u00falkunni \u00ed kv\u00edgu og \u00fe\u00f3ttist vera a\u00f0 reka hana \u00ed haga, \u00fear sem fyrir voru fleiri <span style=\"font-size: 0.95em;\">nautgripir.<\/span><\/p>\n<p>Hera kemur \u00fear a\u00f0 en finnst ekki allt vera eins og \u00fea\u00f0 \u00e6tti a\u00f0 vera. \u00deegar h\u00fan haf\u00f0i tali\u00f0 gripina finnst henni sem einum grip s\u00e9 ofauki\u00f0.<\/p>\n<p>St\u00falkan sem Seifur haf\u00f0i breytt \u00ed kv\u00edgu ver\u00f0ur n\u00fa a\u00f0 b\u00edta gras til a\u00f0 blekkja Heru, en grasi\u00f0 fannst henni alls ekki gott, enda vanari a\u00f0 bor\u00f0a sm\u00e1k\u00f6kur me\u00f0 s\u00fakkula\u00f0i. \u00deegar h\u00fan \u00e6tla\u00f0i a\u00f0 kvarta kom h\u00fan ekki upp nokkru or\u00f0i, \u00fea\u00f0 heyr\u00f0ist bara baul fr\u00e1 henni. Hera gaumg\u00e6fir n\u00fa gripina og s\u00e9r a\u00f0 \u00fea\u00f0 er kv\u00edgunni ofauki\u00f0 \u00ed hj\u00f6r\u00f0inni.<\/p>\n<p>Hera kallar n\u00fa til s\u00edn jar\u00f0geitung nokkurn og magnar hann upp, og segir honum a\u00f0 stinga kv\u00edguna \u00ed afturendann svo sv\u00ed\u00f0i undan. Geitungurinn fl\u00fdgur \u00ed \u00e1ttina a\u00f0 kv\u00edgunni, tilb\u00fainn a\u00f0 framfylgja skipun Heru.<\/p>\n<p>\u00deegar kv\u00edgan ver\u00f0ur \u00feess \u00e1skynja tekur h\u00fan \u00e1 sprett ni\u00f0ur \u00ed fj\u00f6ru. \u00deetta n\u00e6g\u00f0i ekki til \u00fev\u00ed geitungurinn elti hana \u00feanga\u00f0. H\u00fan stekkur \u00fe\u00e1 \u00fat \u00ed J\u00f3n\u00edska hafi\u00f0 og syndir alla lei\u00f0 til \u00cdtal\u00edu. H\u00fan tekur land sy\u00f0st \u00e1 \u00cdtal\u00eduskaganum og hleypur upp eftir honum alla lei\u00f0 til sta\u00f0ar sem heitir Fenjaeyjar. Enn\u00a0 fylgir geitungurinn eftir.<\/p>\n<p>Eftir a\u00f0 hafa fengi\u00f0 s\u00e9r vatnssopa tekur kv\u00edgan enn \u00e1 sprett og hleypur upp allan Balkanskagann alla lei\u00f0 til sundsins sem fyrr er geti\u00f0 sem skilur milli As\u00edu og Evr\u00f3pu. \u00dea\u00f0 skiptir engum togum a\u00f0 h\u00fan hendir s\u00e9r \u00ed sundi\u00f0 og fer \u00fear yfir. Er h\u00fan \u00fe\u00e1 komin til As\u00edu og heldur a\u00f0 h\u00fan hafi sloppi\u00f0 undan geitunginum. En \u00fea\u00f0 var \u00f6\u00f0ru n\u00e6r, \u00fev\u00ed enn var geitungurinn \u00e1 eftir henni.<\/p>\n<p>T\u00f3k h\u00fan \u00fe\u00e1 \u00e1 r\u00e1s og hlj\u00f3p alla lei\u00f0 til Egyptalands. \u00deegar h\u00fan kom \u00feanga\u00f0 haf\u00f0i Seifur n\u00e1\u00f0 samkomulagi vi\u00f0 Heru um a\u00f0 h\u00fan afl\u00e9tti eftirf\u00f6r geitungsins.<\/p>\n<p>Hera kallar n\u00fa geitunginn til s\u00edn gegn lofor\u00f0i Seifs um a\u00f0 hann l\u00e1ti af framhj\u00e1haldi s\u00ednu.<\/p>\n<p>\u00dea\u00f0 e<span style=\"font-size: 0.95em;\">r ekki a\u00f0 spyrja a\u00f0 \u00fev\u00ed a\u00f0 augu kv\u00edgunnar t\u00f3ku \u00feegar a\u00f0 minnka og nefi\u00f0 a\u00f0 mj\u00f3kka, klaufarnar breyttust \u00ed fingur og t\u00e6r og sk\u00f6pulag hennar var\u00f0 sem fyrr. H\u00fan var n\u00fa heldur fr\u00ed\u00f0ari en fyrr ef eitthva\u00f0 er.<\/span><\/p>\n<p>\u00deegar \u00feessar breytingar voru um gar\u00f0 gengnar gr\u00e9t st\u00falkan af feginleik. S\u00e1 gr\u00e1tur er fyrirmynd gr\u00e1ts sem fegur\u00f0ardrottningar gr\u00e1ta \u00feegar \u00feeim er tilkynnt um \u00farslit fegur\u00f0arsamkeppna.\u00dea\u00f0 fara engar s\u00f6gur af st\u00falkunni a\u00f0rar en \u00fe\u00e6r a\u00f0 Egypskur fursti t\u00f6fra\u00f0i hana og kv\u00e6ntist henni.<\/p>\n<p>\u00c1ttu \u00feau marga afkomendur sem fr\u00e6gir ur\u00f0u fyrir margar sakir, \u00e9g fer ekki n\u00e1nar \u00fat \u00ed \u00fea\u00f0 h\u00e9r.En Sundi\u00f0 sem skilur a\u00f0 heims\u00e1lfurnar hefur veri\u00f0 kalla\u00f0 Bosporussund fr\u00e1 \u00fev\u00ed kv\u00edgan \u00f3\u00f0 \u00fea\u00f0. \u00c1 Gr\u00edsku \u00fe\u00fd\u00f0ir Bosporus k\u00faava\u00f0.<\/p>\n<p>\u00cd Bosporussundinu eru tveir straumar, annar streymir me\u00f0 botni sundsins \u00ed \u00e1ttina fr\u00e1 Marmarahafi til Svartahafs. Hinn er yfirbor\u00f0sstraumur sem streymir \u00far Svartahafi \u00ed Marmarahafi\u00f0.<\/p>\n<p>\u00c1 valdat\u00edma Herakleiosar, ske\u00f0i \u00fea\u00f0 eftir eina orrustu milli Grikkja og tr\u00faleysingja, sem Herakleios taldi vera \u00ed kristnum kl\u00fabbi, l\u00e9t hann h\u00e1lsh\u00f6ggva \u00fe\u00e1 tr\u00faleysingja\u00a0 sem ekki f\u00e9llu \u00ed orrustunni.<\/p>\n<p>Herakleios fyrirskipa\u00f0i a\u00f0 l\u00edkunum v\u00e6ri kasta\u00f0 \u00ed sundi\u00f0. \u00dea\u00f0 ske\u00f0i \u00fe\u00e1 a\u00f0 hausarnir f\u00e9llu til botns og b\u00e1rust me<span style=\"font-size: 0.95em;\">\u00f0 botnsstraumnum upp \u00ed Svartahaf, en kropparnir bl\u00e9su \u00fat og b\u00e1rust me\u00f0 yfirbor\u00f0sstraumnum \u00fat \u00ed Marmarahafi\u00f0.<\/span><\/p>\n<p>N\u00fa er \u00fea\u00f0 \u00feannig a\u00f0 \u00fea\u00f0 fer s\u00e9rdeilis illa \u00ed drauga \u00feegar h\u00f6fu\u00f0 og b\u00fakur fylgjast ekki a\u00f0. \u00dev\u00ed er \u00f3venju mikill og illur draugagangur \u00ed og vi\u00f0 Bosporussundi\u00f0. \u00deessi draugagangur hefur skoti\u00f0 b\u00e6\u00f0i sj\u00f3farendum og fer\u00f0am\u00f6nnum skelk \u00ed bringu.<\/p>\n<p>\u00dea\u00f0 er sagt a\u00f0 As\u00eda merki land s\u00f3laruppkomu og Evr\u00f3pa land s\u00f3lsetursins. Hvort \u00feetta er r\u00e9tt l\u00e6<span style=\"font-size: 15.2015px;\">t \u00e9g \u00f3svara\u00f0. Skrifa\u00f0 \u00ed okt\u00f3ber \u00a02010.R.Ben<\/span><\/p>\n<p><img decoding=\"async\" loading=\"lazy\" class=\"size-full wp-image-14847 alignleft\" src=\"http:\/\/www.korpulfar.is\/wp-content\/uploads\/2022\/01\/Screenshot-2021-11-19-at-18.42.53.png\" alt=\"\" width=\"73\" height=\"83\" \/><\/p>\n","protected":false},"excerpt":{"rendered":"<p>Sundi\u00f0 milli As\u00edu og Evr\u00f3pu var nafnlaust \u00ed margar aldir. V\u00e6ringjar sem komu a\u00f0 \u00feessu sundi k\u00f6llu\u00f0u \u00fea\u00f0 S\u00e6vi\u00f0arsund en sumir telja a\u00f0 \u00fea\u00f0 hafi veri\u00f0 kalla\u00f0 Nj\u00f6rfasund. Ekki get \u00e9g sagt um \u00fea\u00f0 me\u00f0 neinni vissu, en heyrt hef \u00e9g a\u00f0 einhverat\u00edma fyrir langa l\u00f6ngu, \u00a0l\u00f6ngu fyrir okkar daga hafi \u00a0Seifur b\u00fai\u00f0 \u00ed grennd vi\u00f0 sundi\u00f0 \u00e1samt Heru eiginkonu<\/p>\n","protected":false},"author":2,"featured_media":0,"parent":0,"menu_order":0,"comment_status":"closed","ping_status":"closed","template":"","meta":[],"_links":{"self":[{"href":"http:\/\/korpulfar.is\/index.php?rest_route=\/wp\/v2\/pages\/14842"}],"collection":[{"href":"http:\/\/korpulfar.is\/index.php?rest_route=\/wp\/v2\/pages"}],"about":[{"href":"http:\/\/korpulfar.is\/index.php?rest_route=\/wp\/v2\/types\/page"}],"author":[{"embeddable":true,"href":"http:\/\/korpulfar.is\/index.php?rest_route=\/wp\/v2\/users\/2"}],"replies":[{"embeddable":true,"href":"http:\/\/korpulfar.is\/index.php?rest_route=%2Fwp%2Fv2%2Fcomments&post=14842"}],"version-history":[{"count":6,"href":"http:\/\/korpulfar.is\/index.php?rest_route=\/wp\/v2\/pages\/14842\/revisions"}],"predecessor-version":[{"id":14852,"href":"http:\/\/korpulfar.is\/index.php?rest_route=\/wp\/v2\/pages\/14842\/revisions\/14852"}],"wp:attachment":[{"href":"http:\/\/korpulfar.is\/index.php?rest_route=%2Fwp%2Fv2%2Fmedia&parent=14842"}],"curies":[{"name":"wp","href":"https:\/\/api.w.org\/{rel}","templated":true}]}}