{"id":14825,"date":"2021-12-30T21:19:57","date_gmt":"2021-12-30T21:19:57","guid":{"rendered":"https:\/\/www.korpulfar.is\/?page_id=14825"},"modified":"2021-12-30T21:19:57","modified_gmt":"2021-12-30T21:19:57","slug":"12-vinber","status":"publish","type":"page","link":"http:\/\/korpulfar.is\/?page_id=14825","title":{"rendered":"12 v\u00ednber"},"content":{"rendered":"<p><strong>\u201eLas doce uvas de la suerte\u201c<\/strong> \u00a0 hin 12 v\u00ednber hamingjunnar.<\/p>\n<p>Si\u00f0ur sem Sp\u00e1nverjar t\u00f3ku upp 1895, en var\u00f0 ekki almennur fyrr en 1909, \u00feegar v\u00ednb\u00e6ndur \u00ed n\u00e1grenni Alicante sem er \u00ed Valencia s\u00fdslu, \u00e1 austurstr\u00f6nd Sp\u00e1nar komu saman til a\u00f0 r\u00e6\u00f0a vandr\u00e6\u00f0i vegna met uppskeru \u00e1 v\u00ednberjum \u00fea\u00f0 \u00e1ri\u00f0.<\/p>\n<p><img decoding=\"async\" loading=\"lazy\" class=\"alignleft wp-image-14828\" style=\"font-size: 15.2015px;\" src=\"http:\/\/www.korpulfar.is\/wp-content\/uploads\/2021\/12\/images-1.jpg\" alt=\"\" width=\"142\" height=\"142\" srcset=\"http:\/\/www.korpulfar.is\/wp-content\/uploads\/2021\/12\/images-1.jpg 225w, http:\/\/www.korpulfar.is\/wp-content\/uploads\/2021\/12\/images-1-150x150.jpg 150w, http:\/\/www.korpulfar.is\/wp-content\/uploads\/2021\/12\/images-1-90x90.jpg 90w, http:\/\/www.korpulfar.is\/wp-content\/uploads\/2021\/12\/images-1-75x75.jpg 75w\" sizes=\"(max-width: 142px) 100vw, 142px\" \/><\/p>\n<p>Seint \u00ed desember, 1909 s\u00e1tu \u00e1 barnum vi\u00f0 Plaza Major \u00e1 Alicante nokkrir st\u00e6rstu v\u00ednb\u00e6ndur h\u00e9ra\u00f0sins og r\u00e6ddu um v\u00ednberjauppskeru \u00e1rsins, sem var s\u00fa mesta \u00ed s\u00f6gu h\u00e9ra\u00f0sins.<\/p>\n<p>-\u00dea\u00f0 er auglj\u00f3st a\u00f0 st\u00f3r hluti uppskerunnar kemur til me\u00f0 a\u00f0 rotna nema vi\u00f0 getum gert eitthva\u00f0 til a\u00f0 f\u00e1 f\u00f3lk til a\u00f0 bor\u00f0a meira af v\u00ednberjum, sag\u00f0i Ram\u00f3n, eftir sm\u00e1 hik t\u00f3k Ram\u00f3n aftur til m\u00e1ls og sag\u00f0i.<\/p>\n<p><a href=\"http:\/\/www.korpulfar.is\/wp-content\/uploads\/2021\/12\/images-2.jpg\"><img decoding=\"async\" loading=\"lazy\" class=\"alignleft size-full wp-image-14829\" src=\"http:\/\/www.korpulfar.is\/wp-content\/uploads\/2021\/12\/images-2.jpg\" alt=\"\" width=\"304\" height=\"166\" srcset=\"http:\/\/www.korpulfar.is\/wp-content\/uploads\/2021\/12\/images-2.jpg 304w, http:\/\/www.korpulfar.is\/wp-content\/uploads\/2021\/12\/images-2-300x164.jpg 300w\" sizes=\"(max-width: 304px) 100vw, 304px\" \/><\/a>-Vi\u00f0 h\u00f6fum ekki \u00edl\u00e1t fyrir meira v\u00edn.<\/p>\n<p>Mendez st\u00f3r \u00a0v\u00ednr\u00e6ktandi \u00a0kinka\u00f0i kolli og dreypti \u00e1 v\u00edninu. Hann horf\u00f0i hugsi \u00fat um gluggann \u00e1 barnum , eftir drykklanga stund segir hann.<\/p>\n<p>-Getum vi\u00f0 ekki nota\u00f0 \u00feetta me\u00f0 v\u00ednberin sem \u00feeir \u00ed Madrid voru a\u00f0 reyna a\u00f0 gera eitthva\u00f0 \u00far ?<\/p>\n<p>-Var \u00fea\u00f0 ekki fyrir 10 e\u00f0a 15 \u00e1rum \u00e1rum segir Ram\u00f3n. -J\u00fa eitthva\u00f0 svolei\u00f0is segir Mendez.<\/p>\n<p>Carlos sem haf\u00f0i ekki sagt neitt, en hann var einn af st\u00f3ru v\u00ednb\u00e6ndunum segir n\u00fa.<\/p>\n<p>-Getum vi\u00f0 ekki komi\u00f0 \u00feeirri hef\u00f0 \u00e1, a\u00f0 hver Sp\u00e1nverji bor\u00f0i 12 v\u00edber \u00e1 mi\u00f0n\u00e6tti \u00e1 gaml\u00e1rsdags, og fagni me\u00f0 \u00fev\u00ed n\u00fdju \u00e1ri.<\/p>\n<p>-St\u00f3r snjallt segir Alverez, \u00feegar klukkan \u00e1 p\u00f3sth\u00fasinu \u00e1 torgi s\u00f3larinnar sl\u00e6r 12 \u00e1 mi\u00f0n\u00e6tti \u00fe\u00e1 bor\u00f0i\u00a0 landsmenn eitt v\u00ednber \u00e1 sek\u00fandu, \u00fea\u00f0 er eitt ber fyrir hvern sl\u00e1tt klukkunnar. \u00deessi si\u00f0ur g\u00e6ti or\u00f0i\u00f0 til framb\u00fa\u00f0ar og vi\u00f0 skulum bara kalla hann,<\/p>\n<p>\u201ehin t\u00f3lf v\u00ednber hamingjunnar\u201c.<\/p>\n<p>\u00dear me\u00f0 var \u00fea\u00f0 \u00e1kve\u00f0i\u00f0 \u00e1 barnum \u00e1 Plaza Major \u00ed Alicante, a\u00f0 \u00feessi si\u00f0ur skyldi vera \u00fej\u00f3\u00f0legur si\u00f0ur \u00e1 Sp\u00e1ni. \u00deetta gekk eftir \u00fev\u00ed enn \u00ed dag h\u00e1ma Sp\u00e1nverjar \u00ed sig t\u00f3lf v\u00ednber \u00ed takt vi\u00f0 sl\u00e1tt p\u00f3sth\u00fasklukkunnar\u00a0 \u00e1 \u201ePuerta del Sol \u201e \u00ed Madrid, \u00e1 mi\u00f0n\u00e6tti 31, desember \u00e1r hvert.<\/p>\n<p>S\u00ed\u00f0an 1962 hefur veri\u00f0 bein \u00fatsending \u00ed Sp\u00e6nska sj\u00f3nvarpinu (TVE) fr\u00e1 \u00feessum fagna\u00f0i n\u00fds \u00e1rs.<\/p>\n<p>&nbsp;<\/p>\n<p>S\u00ed\u00f0ar breiddist \u00feessi si\u00f0ur til sp\u00e6nskum\u00e6landi landa \u00ed Su\u00f0ur Amer\u00edku, Filipseyja og sp\u00e6nskum\u00e6landi \u00ed Bandar\u00edkjunum.<\/p>\n<p>&nbsp;<\/p>\n","protected":false},"excerpt":{"rendered":"<p>\u201eLas doce uvas de la suerte\u201c \u00a0 hin 12 v\u00ednber hamingjunnar. Si\u00f0ur sem Sp\u00e1nverjar t\u00f3ku upp 1895, en var\u00f0 ekki almennur fyrr en 1909, \u00feegar v\u00ednb\u00e6ndur \u00ed n\u00e1grenni Alicante sem er \u00ed Valencia s\u00fdslu, \u00e1 austurstr\u00f6nd Sp\u00e1nar komu saman til a\u00f0 r\u00e6\u00f0a vandr\u00e6\u00f0i vegna met uppskeru \u00e1 v\u00ednberjum \u00fea\u00f0 \u00e1ri\u00f0. Seint \u00ed desember, 1909 s\u00e1tu \u00e1 barnum vi\u00f0 Plaza Major<\/p>\n","protected":false},"author":2,"featured_media":0,"parent":0,"menu_order":0,"comment_status":"closed","ping_status":"closed","template":"","meta":[],"_links":{"self":[{"href":"http:\/\/korpulfar.is\/index.php?rest_route=\/wp\/v2\/pages\/14825"}],"collection":[{"href":"http:\/\/korpulfar.is\/index.php?rest_route=\/wp\/v2\/pages"}],"about":[{"href":"http:\/\/korpulfar.is\/index.php?rest_route=\/wp\/v2\/types\/page"}],"author":[{"embeddable":true,"href":"http:\/\/korpulfar.is\/index.php?rest_route=\/wp\/v2\/users\/2"}],"replies":[{"embeddable":true,"href":"http:\/\/korpulfar.is\/index.php?rest_route=%2Fwp%2Fv2%2Fcomments&post=14825"}],"version-history":[{"count":1,"href":"http:\/\/korpulfar.is\/index.php?rest_route=\/wp\/v2\/pages\/14825\/revisions"}],"predecessor-version":[{"id":14830,"href":"http:\/\/korpulfar.is\/index.php?rest_route=\/wp\/v2\/pages\/14825\/revisions\/14830"}],"wp:attachment":[{"href":"http:\/\/korpulfar.is\/index.php?rest_route=%2Fwp%2Fv2%2Fmedia&parent=14825"}],"curies":[{"name":"wp","href":"https:\/\/api.w.org\/{rel}","templated":true}]}}